{"id":2663,"date":"2017-06-13T02:45:40","date_gmt":"2017-06-13T02:45:40","guid":{"rendered":"http:\/\/wp.jmstheme.com\/jms_fluent\/dummy\/?page_id=2663"},"modified":"2019-09-27T17:17:44","modified_gmt":"2019-09-27T17:17:44","slug":"privacy-policy","status":"publish","type":"page","link":"https:\/\/shaub-fischer.com\/pt\/privacy-policy\/","title":{"rendered":"Pol\u00edtica de Privacidade e Cookies"},"content":{"rendered":"<section class=\"kc-elm kc-css-579242 kc_row\"><div class=\"kc-row-container  kc-container\"><div class=\"kc-wrap-columns\"><div class=\"kc-elm kc-css-347302 kc_column kc_col-sm-12\"><div class=\"kc-col-container\"><div class=\"kc-elm kc-css-392488 kc_text_block\"><\/p>\n<p><i>Esta Pol\u00edtica de Privacidade e Cookies descreve como lidamos com os dados pessoais que processamos atrav\u00e9s do nosso site <a href=\"https:\/\/shaub-fischer.com\">www.shaub-fischer.com<\/a>. Ao visitar nosso site ou fornecer os seus dados pessoais, voc\u00ea aceita e concorda com as disposi\u00e7\u00f5es desta Pol\u00edtica de Privacidade e Cookies. Todos os dados pessoais coletados e processados por n\u00f3s s\u00e3o tratados em estrita conformidade com o Regulamento Geral Europeu de Prote\u00e7\u00e3o de Dados (Regulamento (UE) 2016\/679).<br \/><\/i><\/p>\n<h3>1. Objetivo desta Pol\u00edtica<\/h3>\n<p>Esta Pol\u00edtica de Privacidade e Cookies (\u201cPol\u00edtica\u201d) descreve como a Shaub &amp; Fischer coleta e processa dados pessoais ao usar o site <a href=\"https:\/\/www.shaub-fischer.com\">www.shaub-fischer.com<\/a>.<br \/>Tamb\u00e9m especifica os seus direitos e as nossas obriga\u00e7\u00f5es, em conformidade com o Regulamento Geral de Prote\u00e7\u00e3o de Dados (Regulamento Europeu 2016\/679, mais conhecido pelo acr\u00f3nimo GDPR) e as leis nacionais aplic\u00e1veis, se houver.<br \/>Lembramos-lhe que os usu\u00e1rios do site devem ter 18 anos ou mais e que as compras s\u00e3o reservadas para adultos.<\/p>\n<h3>2. Controlador de Dados<\/h3>\n<p>Crazy Universe Lda, empresa portuguesa com sede em Rua M\u00e1rio Castelhano 42, Lux Park A33, 2730-120 Barcarena (Portugal), \u00e9 a controladora de dados do site <a href=\"https:\/\/www.shaub-fischer.com\">www.shaub-fischer.com<\/a>.<br \/>Para mais detalhes sobre Crazy Universe Lda, consulte os Termos de Utiliza\u00e7\u00e3o.<\/p>\n<h3>3. Respons\u00e1vel pela Prote\u00e7\u00e3o de Dados<\/h3>\n<p>Crazy Universe Lda designou um Respons\u00e1vel pela Prote\u00e7\u00e3o de Dados (DPO), que pode ser contactado em <a href=\"mailto:contact@shaub-fischer.com\">contact@shaub-fischer.com<\/a> ou escrevendo para o endere\u00e7o Crazy Universe Lda, Rua M\u00e1rio Castelhano, 42, Lux Park A33, 2730-120 Barcarena, Portugal.<\/p>\n<h3>4. Conceito de Dados Pessoais<\/h3>\n<p>Nos termos do artigo 4.1 do GDPR, dados pessoais significam qualquer informa\u00e7\u00e3o relativa a uma pessoa singular identificada ou identific\u00e1vel; sendo especificado que qualquer pessoa singular que possa ser identificada direta ou indiretamente, em particular pela atribui\u00e7\u00e3o de um identificador como nome, dados de localiza\u00e7\u00e3o, identificador online ou uma ou mais caracter\u00edsticas particulares que expressem a identidade f\u00edsica, fisiol\u00f3gica, gen\u00e9tica ou econ\u00f3mica dessa pessoa singular, considerada identific\u00e1vel.<\/p>\n<h3>5. Por que s\u00e3o os seus dados recolhidos? Com que base jur\u00eddica? Quem est\u00e1 envolvido? Quais os dados e por quanto tempo?<\/h3>\n<p>A tabela seguinte informa sobre os dados pessoais que pode ou deve fornecer-nos, dependendo da utiliza\u00e7\u00e3o que fizer no nosso site.<\/p>\n<table>\n<tbody>\n<tr>\n<td><span class=\"notranslate\">Por que seus dados s\u00e3o coletados e processados?<\/span><\/td>\n<td><span class=\"notranslate\">Em que base jur\u00eddica<\/span>?<\/td>\n<td>Quais pessoas s\u00e3o afetadas?<\/td>\n<td>A que dados se refere? (excluindo cookies)<\/td>\n<td><span class=\"notranslate\">Quanto tempo vamos mant\u00ea-los?<\/span><\/td>\n<\/tr>\n<tr>\n<td>Para gerenciar sua assinatura de boletins e realizar nossas a\u00e7\u00f5es de comunica\u00e7\u00e3o.<br \/>Para atender \u00e0s suas solicita\u00e7\u00f5es<\/td>\n<td><span class=\"notranslate\">Interesse leg\u00edtimo<\/span><\/td>\n<td><span class=\"notranslate\">Visitantes que assinam a newsletter e os clientes do site<\/span><\/td>\n<td><span class=\"notranslate\">Endere\u00e7o de email<\/span><\/td>\n<td><span class=\"notranslate\">At\u00e9 voc\u00ea cancelar a inscri\u00e7\u00e3o \/ objeto (link pode ser encontrado nos emails de comunica\u00e7\u00e3o, newsletters e nesta pol\u00edtica)<\/span><\/td>\n<\/tr>\n<tr>\n<td><span class=\"notranslate\">Para gerenciar seu pedido (medidas pr\u00e9-contratuais, conclus\u00e3o do contrato e execu\u00e7\u00e3o do pedido)<\/span><\/td>\n<td><span class=\"notranslate\">Contrato (TdU)<\/span><\/td>\n<td><span class=\"notranslate\">Clientes do site (pedido confirmado)<\/span><\/td>\n<td><span class=\"notranslate\">Nome,<br \/>endere\u00e7o de email, endere\u00e7o postal (para entrega), n\u00famero de telefone<br \/>(para informa\u00e7\u00f5es adicionais e \/ ou entrega), data de nascimento.<\/span><br \/><span class=\"notranslate\"> Prescri\u00e7\u00e3o m\u00e9dica<\/span><\/td>\n<td>Os dados relativos ao pedido s\u00e3o mantidos de acordo com os prazos prescritos pela legisla\u00e7\u00e3o comercial e tribut\u00e1ria (entre 6 e 10 anos).<br \/><span class=\"notranslate\"><br \/>Seus dados de pagamento s\u00e3o armazenados pelos prestadores de servi\u00e7os<br \/>relevantes de acordo com a forma de pagamento selecionada pelo cliente<\/span><\/td>\n<\/tr>\n<\/tbody>\n<\/table>\n<h3>Ponto espec\u00edfico acerca dos dados de sa\u00fade (dados oftalmol\u00f3gicos) e f\u00edsicos (medi\u00e7\u00f5es de dist\u00e2ncia inter-pupilar)<\/h3>\n<p>O processamento de dados de oftalmol\u00f3gicos e medi\u00e7\u00f5es de dist\u00e2ncia inter-pupilar \u00e9 essencial para garantir que as lentes graduadas sejam produzidas de acordo com as necessidades do Cliente. \u00c9 por isso que pedimos que nos forne\u00e7a esse tipo de dados. Eles s\u00e3o necess\u00e1rios para a execu\u00e7\u00e3o de encomendas envolvendo lentes graduadas.<br \/>Pode preencher esses dados quando fizer a sua encomenda. Quando fornece esses dados, eles s\u00e3o guardados pela Shaub &amp; Fischer e incorporados no seu pedido.<br \/>Reconhece que est\u00e1 informado e concorda que, quando nos fornecer esse tipo de dados e documentos, a Shaub &amp; Fischer os transferir\u00e1 para terceiros. A Shaub &amp; Fischer garante que os seus parceiros que fabricam os produtos cumprem as medidas de seguran\u00e7a em conformidade com a legisla\u00e7\u00e3o aplic\u00e1vel.<br \/>Caso a legisla\u00e7\u00e3o nacional aplic\u00e1vel permita um poss\u00edvel reembolso de produtos adquiridos em nossos sites, as faturas emitidas pela Shaub &amp; Fischer mencionar\u00e3o as medidas corretivas, bem como as medidas da dist\u00e2ncia inter-pupilar. Quem tiver os seus dados processados \u200b\u200bpara esse fim deve ser devidamente informado do processamento desses dados para esse fim.<br \/>Os dados relacionados com corre\u00e7\u00f5es \u00f3ticas, prescri\u00e7\u00f5es e dist\u00e2ncias inter-pupilares comunicados pelo cliente ao fazer um pedido s\u00e3o mantidos por todo o per\u00edodo de armazenamento do pr\u00f3prio pedido, de acordo com os prazos legais aplic\u00e1veis, ou seja, 10 anos a partir da data da compra.<\/p>\n<h3>6. Gest\u00e3o de Avalia\u00e7\u00f5es\/Coment\u00e1rios e Prote\u00e7\u00e3o dos Seus Dados Pessoais<\/h3>\n<p>Tem a possibilidade de deixar a sua opini\u00e3o sobre nossos produtos e servi\u00e7os. Os usu\u00e1rios que desejem excluir o seu nome e \/ ou coment\u00e1rio dever\u00e3o seguir o procedimento &#8220;Direitos dos Indiv\u00edduos e Como Exercer os Seus Direitos\" definido nesta Pol\u00edtica entrando em contato com o DPO.<br \/>A partir da data da sua publica\u00e7\u00e3o, as suas avalia\u00e7\u00f5es\/coment\u00e1rios s\u00e3o propriedade da Shaub &amp; Fischer.<\/p>\n<h3>7. Gest\u00e3o dos Seus Dados de Pagamento<\/h3>\n<p>Os dados de pagamento que nos transmite s\u00e3o comunicados ao fornecedor de servi\u00e7os de pagamento indicado no momento da sua compra. Essas transfer\u00eancias s\u00e3o feitas no modo seguro (https) em conformidade com os padr\u00f5es de exig\u00eancia do setor. N\u00e3o armazenamos dados de pagamento nos nossos servidores. A gest\u00e3o de reembolso tamb\u00e9m \u00e9 feita por meio de fornecedores de servi\u00e7os de pagamento.<\/p>\n<h3>8. Medidas de Seguran\u00e7a<\/h3>\n<p>A Shaub &amp; Fischer utiliza tecnologias de prote\u00e7\u00e3o e seguran\u00e7a de dados pessoais reconhecidas como padr\u00f5es industriais no setor das TI para os dados pessoais que recolhe e processa. Isso aplica-se em particular \u00e0s comunica\u00e7\u00f5es https (protocolo SSL) no nosso site, acessos reservados a pessoal sujeito a obriga\u00e7\u00e3o de confidencialidade e ao uso de software antiv\u00edrus.<\/p>\n<h3>9. Transfer\u00eancia de Dados Pessoais<\/h3>\n<p>Apenas transferimos seus dados quando justificado pela natureza da a\u00e7\u00e3o em quest\u00e3o. Sob nenhuma circunst\u00e2ncia esses dados s\u00e3o transmitido para fins publicit\u00e1rios em benef\u00edcio de terceiros.<br \/>Para nossas a\u00e7\u00f5es promocionais (newsletters), transmitimos os seus dados ao nosso subcontratado, em conformidade com os requisitos de seguran\u00e7a estabelecidos pelo GDPR.<br \/>Para o gerenciamento dos seus pedidos e devolu\u00e7\u00f5es, transmitimos os seus dados a nossos parceiros, subsidi\u00e1rios e subcontratados, em conformidade com os regulamentos em vigor. Mais precisamente, garantimos que os dados transferidos s\u00e3o estritamente limitados aos dados necess\u00e1rios para o processamento do pedido. Al\u00e9m disso, foram redigidas, quando necess\u00e1rio, cl\u00e1usulas contratuais padronizadas para garantir, em particular, a prote\u00e7\u00e3o dos dados transferidos.<\/p>\n<h3>10. Direitos dos Indiv\u00edduos e Como Exercer os Seus Direitos<\/h3>\n<p>De acordo com os regulamentos em vigor, a pessoa singular cujos dados pessoais s\u00e3o processados \u200b\u200btem a possibilidade de exercer os seguintes direitos:<br \/>\u2022 direito de acesso a dados pessoais a seu respeito,<br \/>\u2022 direito de retificar dados pessoais a seu respeiro,<br \/>\u2022 direito \u00e0 exclus\u00e3o de dados pessoais a seu respeito,<br \/>\u2022 direito de obje\u00e7\u00e3o ou limita\u00e7\u00e3o do processamento dos seus dados, sujeito ao cumprimento das bases legais que justificam o processamento dos dados (em particular, o desempenho adequado da encomenda &#8211; execu\u00e7\u00e3o dos Termos de Utiliza\u00e7\u00e3o &#8211; pode justificar a impossibilidade de exercer o seu direito de obje\u00e7\u00e3o ou limita\u00e7\u00e3o do processamento solicitado pela pessoa),<br \/>\u2022 direito \u00e0 portabilidade de dados,<br \/>\u2022 onde o processamento \u00e9 baseado no consentimento, o direito de retirar o consentimento a qualquer momento,<br \/>\u2022 direito de apresentar uma reclama\u00e7\u00e3o \u00e0 autoridade supervisora \u200b\u200bcompetente.<br \/>Para exercer esses direitos, voc\u00ea deve enviar o seu pedido, indicando o seu endere\u00e7o de email, o seu nome completo e o assunto do seu pedido como se segue: \u201cexerc\u00edcio do direito a dados pessoais\u201d, para:<br \/>\u2022 por e-mail para o endere\u00e7o: <a href=\"mailto:contact@shaub-fischer.com\">contact@shaub-fischer.com<\/a><br \/>\u2022 por correio para Crazy Universe Lda, Rua M\u00e1rio Castelhano 42, Lux Park A33, 2730-120 Barcarena, Portugal<br \/>Como medida de seguran\u00e7a, o requerente deve provar que det\u00e9m os direitos sobre os dados pessoais em causa. Para isso, a solicita\u00e7\u00e3o deve ser enviada pelo endere\u00e7o de email registado no site gerenciado pela Shaub &amp; Fischer. Caso contr\u00e1rio, a solicita\u00e7\u00e3o ser\u00e1 rejeitada. Se o solicitante n\u00e3o puder mais usar o referido endere\u00e7o de email, caber\u00e1 a este provar por qualquer outro meio razoavelmente confi\u00e1vel que seja o propriet\u00e1rio dos dados em quest\u00e3o.<br \/>Dadas as restri\u00e7\u00f5es t\u00e9cnicas, voc\u00ea reconhece que est\u00e1 informado de que a Shaub &amp; Fischer processar\u00e1 sua solicita\u00e7\u00e3o dentro de um per\u00edodo de tempo razo\u00e1vel e no prazo m\u00e1ximo de 30 dias ap\u00f3s ter recebido o seu pedido.<\/p>\n<h3>11. Uso de Cookies<\/h3>\n<p>Utilizamos cookies quando visita nosso site. Estes s\u00e3o pequenos arquivos de texto que s\u00e3o armazenados no seu computador pelo nosso aplicativo da web e atrav\u00e9s dos quais podemos reconhecer o seu navegador. Os navegadores da Internet atuais s\u00e3o definidos para aceitar automaticamente os cookies. No entanto, voc\u00ea pode desativ\u00e1-los ou configurar o seu navegador da Internet para inform\u00e1-lo quando os cookies estiverem sendo usados. Mas, dependendo do tipo de cookies, a maneira como eles s\u00e3o desinstalados pode ter um impacto direto na sua experi\u00eancia de navega\u00e7\u00e3o.<\/p>\n<h3>Tipos de Cookies<\/h3>\n<p><strong>\u2022 Cookies Essenciais:<\/strong> Esses cookies s\u00e3o essenciais para fornecer servi\u00e7os dispon\u00edveis no nosso site e permitir que use algumas das suas funcionalidades. Por exemplo, eles permitem que se conecte a \u00e1reas seguras do nosso site e ajuda o conte\u00fado das p\u00e1ginas que solicita a carregar rapidamente. Sem esses cookies, os servi\u00e7os que solicitar n\u00e3o podem ser fornecidos, e apenas os usamos para fornecer esses servi\u00e7os a si. <span class=\"notranslate\"> Se desativar esses cookies, n\u00e3o ser\u00e1 mais poss\u00edvel fazer compras connosco por motivos de seguran\u00e7a.<br \/><strong>\u2022 Cookies de Funcionalidade:<\/strong> Esses cookies permitem que nosso site se lembre das escolhas que faz ao us\u00e1-lo e se lembre das altera\u00e7\u00f5es feitas noutras partes do site que pode personalizar. O objetivo desses cookies \u00e9 oferecer-lhe uma experi\u00eancia mais pessoal e evitar a necessidade de inserir novamente suas prefer\u00eancias sempre que visitar o nosso site. Um aviso de informa\u00e7\u00f5es e solicita\u00e7\u00e3o de aceita\u00e7\u00e3o deste tipo de cookies tamb\u00e9m aparece quando voc\u00ea faz logon no nosso site. N\u00f3s retemos esse tipo de cookies por 13 meses ap\u00f3s a sua aceita\u00e7\u00e3o (o que pode corresponder ao seu uso continuado do nosso site).<br \/><strong>\u2022 Cookies e An\u00e1lises de Desempenho:<\/strong> Esses cookies s\u00e3o usados \u200b\u200bpara recolher informa\u00e7\u00f5es de tr\u00e1fego no nosso site e como os usu\u00e1rios o usam. As informa\u00e7\u00f5es recolhidas n\u00e3o identificam nenhum visitante individual. A informa\u00e7\u00e3o \u00e9 agregada anonimamente. Inclui o n\u00famero de visitantes, os sites visitados, as p\u00e1ginas visitadas, a hora em que a visita foi feita e outras informa\u00e7\u00f5es semelhantes. Utilizamos essas informa\u00e7\u00f5es para operar o nosso site com mais efici\u00eancia, recolher informa\u00e7\u00f5es demogr\u00e1ficas gerais e monitorizar o n\u00edvel de atividade nos sites. Usamos o Google Analytics para esse fim. O Google Analytics usa os seus pr\u00f3prios cookies. Ele \u00e9 usado apenas para melhorar a opera\u00e7\u00e3o de nossos sites. Pode encontrar mais informa\u00e7\u00f5es sobre os cookies do Google Analytics em: <a href=\"https:\/\/developers.google.com\/analytics\/devguides\/collection\/analyticsjs\/cookie-usage\" target=\"_blank\" rel=\"noopener\">https:\/\/developers.google.com\/analytics\/devguides\/collection\/analyticsjs\/cookie-usage<\/a> Pode saber mais sobre como o Google protege seus dados: <a href=\"https:\/\/support.google.com\/analytics\/answer\/6004245?hl=pt\" target=\"_blank\" rel=\"noopener\">https:\/\/support.google.com\/analytics\/answer\/6004245?hl=pt<\/a> Pode impedir o uso do Google Analytics no nosso site baixando e instalando o plug-in do navegador dispon\u00edvel neste link: <a href=\"https:\/\/tools.google.com\/dlpage\/gaoptout?hl=pt\" target=\"_blank\" rel=\"noopener\">https:\/\/tools.google.com\/dlpage\/gaoptout?hl=pt<\/a><\/span><\/p>\n<h3>Desativar Cookies<\/h3>\n<p>Geralmente, pode excluir ou rejeitar cookies atrav\u00e9s das configura\u00e7\u00f5es do seu navegador. Para fazer isso, siga as instru\u00e7\u00f5es fornecidas pelo seu navegador (geralmente localizadas na instala\u00e7\u00e3o &#8220;configura\u00e7\u00f5es\", &#8220;ajuda\", &#8220;ferramentas\" ou &#8220;modificar\"). Muitos navegadores est\u00e3o configurados para aceitar cookies at\u00e9 alterar as suas configura\u00e7\u00f5es.<br \/>Para obter mais informa\u00e7\u00f5es sobre cookies, incluindo como exibir cookies no seu computador ou dispositivo m\u00f3vel e como gerenciar e exclu\u00ed-los, <a href=\"https:\/\/www.allaboutcookies.org\/\" target=\"_blank\" rel=\"noopener\">http:\/\/www.allaboutcookies.org\/<\/a>.<\/p>\n<h3>12. Altera\u00e7\u00f5es \u00e0 Pol\u00edtica<\/h3>\n<p>Reservamo-nos o direito de alterar nossa Pol\u00edtica a qualquer momento. Por isso, convidamos voc\u00ea a consult\u00e1-lo com frequ\u00eancia.<br \/><i>\u00daltima atualiza\u00e7\u00e3o: 16 de junho de 2019<\/i><\/p>\n<p>\n<\/div><\/div><\/div><\/div><\/div><\/section>\n","protected":false},"excerpt":{"rendered":"","protected":false},"author":1,"featured_media":0,"parent":0,"menu_order":0,"comment_status":"closed","ping_status":"open","template":"","meta":[],"_links":{"self":[{"href":"https:\/\/shaub-fischer.com\/pt\/wp-json\/wp\/v2\/pages\/2663"}],"collection":[{"href":"https:\/\/shaub-fischer.com\/pt\/wp-json\/wp\/v2\/pages"}],"about":[{"href":"https:\/\/shaub-fischer.com\/pt\/wp-json\/wp\/v2\/types\/page"}],"author":[{"embeddable":true,"href":"https:\/\/shaub-fischer.com\/pt\/wp-json\/wp\/v2\/users\/1"}],"replies":[{"embeddable":true,"href":"https:\/\/shaub-fischer.com\/pt\/wp-json\/wp\/v2\/comments?post=2663"}],"version-history":[{"count":18,"href":"https:\/\/shaub-fischer.com\/pt\/wp-json\/wp\/v2\/pages\/2663\/revisions"}],"predecessor-version":[{"id":5636,"href":"https:\/\/shaub-fischer.com\/pt\/wp-json\/wp\/v2\/pages\/2663\/revisions\/5636"}],"wp:attachment":[{"href":"https:\/\/shaub-fischer.com\/pt\/wp-json\/wp\/v2\/media?parent=2663"}],"curies":[{"name":"wp","href":"https:\/\/api.w.org\/{rel}","templated":true}]}}