{"id":2756,"date":"2017-06-15T07:45:49","date_gmt":"2017-06-15T07:45:49","guid":{"rendered":"http:\/\/wp.jmstheme.com\/jms_fluent\/dummy\/?page_id=2756"},"modified":"2022-05-06T13:05:18","modified_gmt":"2022-05-06T13:05:18","slug":"about-us","status":"publish","type":"page","link":"https:\/\/shaub-fischer.com\/pt\/about-us\/","title":{"rendered":"Quem Somos"},"content":{"rendered":"<p><section class=\"kc-elm kc-css-619210 kc_row\"><div class=\"kc-row-container  kc-container\"><div class=\"kc-wrap-columns\"><div class=\"kc-elm kc-css-376015 kc_col-sm-12 kc_column kc_col-sm-12\"><div class=\"kc-col-container\">\n<div class=\"kc-elm kc-css-842809 kc-title-wrap \">\n\n\t<h2 class=\"kc_title\">Quem somos<\/h2>\n<\/div>\n<div class=\"kc-elm kc-css-258390 kc_text_block\"><\/p>\n<p>\nSomos a Shaub &#038; Fischer, uma marca Portuguesa criada em 2018 com uma miss\u00e3o simples:<br \/>oferecer \u00f3culos graduados online de alta qualidade e design por uma fra\u00e7\u00e3o do pre\u00e7o que pagaria em qualquer outra loja.<\/p>\n<p>\n<\/div><\/div><\/div><\/div><\/div><\/section><section class=\"kc-elm kc-css-726517 kc_row\"><div class=\"kc-row-container  kc-container\"><div class=\"kc-wrap-columns\"><div class=\"kc-elm kc-css-455813 kc_col-sm-12 kc_column kc_col-sm-12\"><div class=\"kc-col-container\"><div class=\"kc-elm kc-css-345679 kc_row kc_row_inner\"><div class=\"kc-elm kc-css-673205 kc_col-sm-6 kc_column_inner kc_col-sm-6\"><div class=\"kc_wrapper kc-col-inner-container\"><div class=\"kc-elm kc-css-663308 kc_shortcode kc_single_image\">\n\n        <img src=\"https:\/\/shaub-fischer.com\/pt\/wp-content\/uploads\/about-us-jorge.jpg\" class=\"\" alt=\"\" \/>    <\/div>\n<\/div><\/div><div class=\"kc-elm kc-css-524640 kc_col-sm-6 kc_column_inner kc_col-sm-6\"><div class=\"kc_wrapper kc-col-inner-container\">\n<div class=\"kc-elm kc-css-613386 kc-title-wrap \">\n\n\t<h1 class=\"kc_title\">A nossa miss\u00e3o<\/h1>\n<\/div>\n<div class=\"kc-elm kc-css-514354 kc_text_block\"><\/p>\n<p>Acreditamos que todos t\u00eam o direito de ver bem e de ter um bom visual sem ter que pagar muito por isso. Al\u00e9m disso, acreditamos que a compra de \u00f3culos novos deve ser f\u00e1cil e divertida.<\/p>\n<p>Por isso mesmo, cri\u00e1mos uma linha exclusiva de \u00f3culos de autor que d\u00e1 vida ao design elegante e funcional. Procur\u00e1mos inspira\u00e7\u00e3o na est\u00e9tica \u00fanica das arma\u00e7\u00f5es cl\u00e1ssicas e demos-lhe um toque contempor\u00e2neo, tornando os nossos \u00f3culos simultaneamente sofisticados e arrojados, mas com um apelo intemporal.<\/p>\n<p>Comprar \u00f3culos online da Shaub &#038; Fischer \u00e9 super simples. Apenas precisa de escolher a sua arma\u00e7\u00e3o favorita, inserir os valores da sua prescri\u00e7\u00e3o do oftalmologista\/optometrista e os seus novos \u00f3culos s\u00e3o enviados rapidamente por correio!<\/p>\n<p><a class=\"underlined-link\" href=\"https:\/\/shaub-fischer.com\/pt\/?s=&#038;post_type=product\"><br \/>Explorar as arma\u00e7\u00f5es<i class=\"fa fa-long-arrow-right\" aria-hidden=\"true\"><\/i><br \/><\/a><\/p>\n<p>\n<\/div><\/div><\/div><\/div><\/div><\/div><\/div><\/div><\/section><section class=\"kc-elm kc-css-962294 kc_row\"><div class=\"kc-row-container  kc-container\"><div class=\"kc-wrap-columns\"><div class=\"kc-elm kc-css-53705 kc_col-sm-12 kc_column kc_col-sm-12\"><div class=\"kc-col-container\"><div class=\"kc-elm kc-css-229841 kc_row kc_row_inner\"><div class=\"kc-elm kc-css-508144 kc_col-sm-6 kc_column_inner kc_col-sm-6\"><div class=\"kc_wrapper kc-col-inner-container\">\n<div class=\"kc-elm kc-css-232862 kc-title-wrap \">\n\n\t<h1 class=\"kc_title\">Mas como tornamos os nossos pre\u00e7os t\u00e3o acess\u00edveis?<\/h1>\n<\/div>\n<div class=\"kc-elm kc-css-15751 kc_text_block\"><\/p>\n<p>Acreditamos na transpar\u00eancia, portanto aqui vai:<\/p>\n<p>Ao contr\u00e1rio da maioria das lojas, concebemos o design das nossas arma\u00e7\u00f5es e fazemos a montagem de todos os \u00f3culos em instala\u00e7\u00f5es de produ\u00e7\u00e3o pr\u00f3prias, em Portugal. Dispomos de laborat\u00f3rios e oficinas \u00f3ticas equipados para execu\u00e7\u00e3o de qualquer tipo de prescri\u00e7\u00e3o oftalmol\u00f3gica.<\/p>\n<p>Cortamos os intermedi\u00e1rios e passamos essa poupan\u00e7a diretamente para o seu bolso. Assim conseguimos oferecer-lhe uma imbat\u00edvel rela\u00e7\u00e3o qualidade-pre\u00e7o.<\/p>\n<p>\u00d3culos de qualidade a um pre\u00e7o justo. \u00c9 simples.<\/p>\n<p>\n<\/div><\/div><\/div><div class=\"kc-elm kc-css-540907 kc_col-sm-6 kc_column_inner kc_col-sm-6\"><div class=\"kc_wrapper kc-col-inner-container\"><div class=\"kc-elm kc-css-260720 kc_shortcode kc_single_image\">\n\n        <img src=\"https:\/\/shaub-fischer.com\/pt\/wp-content\/uploads\/cost_schematic_pt.png\" class=\"\" alt=\"\" \/>    <\/div>\n<\/div><\/div><\/div><\/div><\/div><\/div><\/div><\/section><section class=\"kc-elm kc-css-859410 kc_row\"><div class=\"kc-row-container  kc-container\"><div class=\"kc-wrap-columns\"><div class=\"kc-elm kc-css-706880 kc_col-sm-12 kc_column kc_col-sm-12\"><div class=\"kc-col-container\"><div class=\"kc-elm kc-css-192376 kc_google_maps kc_shortcode\" data-wheel=\"disable\"><div style=\"height: 350px\" class=\"kc-google-maps\"><iframe src=\"https:\/\/www.google.com\/maps\/embed?pb=!1m18!1m12!1m3!1d3111.8562295558677!2d-9.169890484383147!3d38.74406127959471!2m3!1f0!2f0!3f0!3m2!1i1024!2i768!4f13.1!3m3!1m2!1s0xd19331876331ca9%3A0xed72e6d1d13f9acb!2sEstrada%20das%20Laranjeiras%20184%2C%201600-171%20Lisboa!5e0!3m2!1spt-PT!2spt!4v1642702912611!5m2!1spt-PT!2spt\" width=\"100%\" height=\"350\" style=\"border:0;\" allowfullscreen=\"\" loading=\"lazy\"><\/iframe><\/div><\/div><\/div><\/div><\/div><\/div><\/section><section class=\"kc-elm kc-css-256499 kc_row\"><div class=\"kc-row-container  kc-container\"><div class=\"kc-wrap-columns\"><div class=\"kc-elm kc-css-775066 kc_col-sm-12 kc_column kc_col-sm-12\"><div class=\"kc-col-container\"><div class=\"kc-elm kc-css-109991\" style=\"height: 100px; clear: both; width:100%;\"><\/div><\/div><\/div><\/div><\/div><\/section><\/p>\n","protected":false},"excerpt":{"rendered":"","protected":false},"author":1,"featured_media":0,"parent":0,"menu_order":0,"comment_status":"closed","ping_status":"open","template":"","meta":[],"_links":{"self":[{"href":"https:\/\/shaub-fischer.com\/pt\/wp-json\/wp\/v2\/pages\/2756"}],"collection":[{"href":"https:\/\/shaub-fischer.com\/pt\/wp-json\/wp\/v2\/pages"}],"about":[{"href":"https:\/\/shaub-fischer.com\/pt\/wp-json\/wp\/v2\/types\/page"}],"author":[{"embeddable":true,"href":"https:\/\/shaub-fischer.com\/pt\/wp-json\/wp\/v2\/users\/1"}],"replies":[{"embeddable":true,"href":"https:\/\/shaub-fischer.com\/pt\/wp-json\/wp\/v2\/comments?post=2756"}],"version-history":[{"count":96,"href":"https:\/\/shaub-fischer.com\/pt\/wp-json\/wp\/v2\/pages\/2756\/revisions"}],"predecessor-version":[{"id":5600,"href":"https:\/\/shaub-fischer.com\/pt\/wp-json\/wp\/v2\/pages\/2756\/revisions\/5600"}],"wp:attachment":[{"href":"https:\/\/shaub-fischer.com\/pt\/wp-json\/wp\/v2\/media?parent=2756"}],"curies":[{"name":"wp","href":"https:\/\/api.w.org\/{rel}","templated":true}]}}