{"id":5077,"date":"2019-09-11T11:54:13","date_gmt":"2019-09-11T11:54:13","guid":{"rendered":"https:\/\/shaub-fischer.com\/pt\/?page_id=5077"},"modified":"2019-09-26T14:53:15","modified_gmt":"2019-09-26T14:53:15","slug":"shipping","status":"publish","type":"page","link":"https:\/\/shaub-fischer.com\/pt\/shipping\/","title":{"rendered":"Envio"},"content":{"rendered":"<section class=\"kc-elm kc-css-720569 kc_row\"><div class=\"kc-row-container  kc-container\"><div class=\"kc-wrap-columns\"><div class=\"kc-elm kc-css-667218 kc_col-sm-12 kc_column kc_col-sm-12\"><div class=\"kc-col-container\"><div class=\"kc-elm kc-css-352073 kc_accordion_wrapper\">\n<div class=\"kc-elm kc-css-752983 kc_accordion_section group \"><h3 class=\"kc_accordion_header ui-accordion-header\"><span class=\"ui-accordion-header-icon ui-icon\"><\/span><a href=\"#tempos-de-envio\" data-prevent=\"scroll\"><i class=\"\"><\/i> Tempos de Envio<\/a><\/h3><div class=\"kc_accordion_content ui-accordion-content kc_clearfix\"><div class=\"kc-panel-body\"><div class=\"kc-elm kc-css-506953 kc_text_block\"><\/p>\n<p>Em m\u00e9dia, os seus \u00f3culos ser\u00e3o enviados dentro de 24 horas ap\u00f3s a compra e o prazo m\u00e9dio de entrega \u00e9 de 3 a 5 dias \u00fateis.<\/p>\n<p>\n<\/div><\/div><\/div><\/div><div class=\"kc-elm kc-css-379822 kc_accordion_section group \"><h3 class=\"kc_accordion_header ui-accordion-header\"><span class=\"ui-accordion-header-icon ui-icon\"><\/span><a href=\"#custos-de-envio\" data-prevent=\"scroll\"><i class=\"\"><\/i> Custos de Envio<\/a><\/h3><div class=\"kc_accordion_content ui-accordion-content kc_clearfix\"><div class=\"kc-panel-body\"><div class=\"kc-elm kc-css-797371 kc_text_block\"><\/p>\n<p>Oferecemos <strong>portes de envio totalmente gr\u00e1tis em todos os pedidos<\/strong>. N\u00e3o \u00e9 necess\u00e1rio atingir um valor m\u00ednimo de compra.<\/p>\n<p>\n<\/div><\/div><\/div><\/div><div class=\"kc-elm kc-css-154248 kc_accordion_section group \"><h3 class=\"kc_accordion_header ui-accordion-header\"><span class=\"ui-accordion-header-icon ui-icon\"><\/span><a href=\"#servicos-de-tracking\" data-prevent=\"scroll\"><i class=\"\"><\/i> Servi\u00e7os de Tracking<\/a><\/h3><div class=\"kc_accordion_content ui-accordion-content kc_clearfix\"><div class=\"kc-panel-body\"><div class=\"kc-elm kc-css-266610 kc_text_block\"><\/p>\n<p>Oferecemos <strong>servi\u00e7os de rastreamento em todos os pedidos<\/strong>. Ap\u00f3s a compra, receber\u00e1 um email de confirma\u00e7\u00e3o de envio que incluir\u00e1 um n\u00famero de rastreio de encomenda. Pode seguir a sua encomenda <a href=\"https:\/\/www.cttexpresso.pt\/feapl_2\/app\/open\/cttexpresso\/objectSearch\/objectSearch.jspx?lang=01\" target=\"_blank\" rel=\"noopener\">aqui<\/a>.<\/p>\n<p>\n<\/div><\/div><\/div><\/div><div class=\"kc-elm kc-css-145873 kc_accordion_section group \"><h3 class=\"kc_accordion_header ui-accordion-header\"><span class=\"ui-accordion-header-icon ui-icon\"><\/span><a href=\"#destinos-de-envio\" data-prevent=\"scroll\"><i class=\"\"><\/i> Destinos de Envio<\/a><\/h3><div class=\"kc_accordion_content ui-accordion-content kc_clearfix\"><div class=\"kc-panel-body\"><div class=\"kc-elm kc-css-929 kc_text_block\"><\/p>\n<p>Atualmente, enviamos para os seguintes pa\u00edses:<br \/>\u00c1frica do Sul<br \/>Alb\u00e2nia<br \/>Alemanha<br \/>Ar\u00e1bia Saudita<br \/>Aruba<br \/>Austr\u00e1lia<br \/>\u00c1ustria<br \/>B\u00e9lgica<br \/>Brasil<br \/>Canad\u00e1<br \/>China<br \/>Chipre<br \/>Coreia do Sul<br \/>Cro\u00e1cia<br \/>Dinamarca<br \/>Egito<br \/>Eritreia<br \/>Eslov\u00e1quia<br \/>Eslov\u00e9nia<br \/>Espanha<br \/>Estados Unidos da America<br \/>Est\u00f3nia<br \/>Filipinas<br \/>Finl\u00e2ndia<br \/>Fran\u00e7a<br \/>Gana<br \/>Gibraltar<br \/>Gr\u00e9cia<br \/>Holanda<br \/>Hong Kong<br \/>Hungria<br \/>\u00cdndia<br \/>Irlanda<br \/>Isl\u00e2ndia<br \/>Israel<br \/>It\u00e1lia<br \/>Jap\u00e3o<br \/>Jersey<br \/>Let\u00f4nia<br \/>L\u00edbano<br \/>Litu\u00e2nia<br \/>Luxemburgo<br \/>Mal\u00e1sia<br \/>Malawi<br \/>Malta<br \/>Maur\u00edcias<br \/>M\u00e9xico<br \/>Mold\u00e1via<br \/>Nam\u00edbia<br \/>Noruega<br \/>Nova Caled\u00f3nia<br \/>Nova Zel\u00e2ndia<br \/>Peru<br \/>Pol\u00f3nia<br \/>Qu\u00e9nia<br \/>Reino Unido<br \/>Rep\u00fablica Checa<br \/>Rep\u00fablica Dominicana<br \/>R\u00fassia<br \/>S\u00e9rvia<br \/>Singapura<br \/>Su\u00e9cia<br \/>Su\u00ed\u00e7a<br \/>Tail\u00e2ndia<br \/>Uganda<br \/>Zimbabwe<\/p>\n<p>\n<\/div><\/div><\/div><\/div><\/div>\n<\/div><\/div><\/div><\/div><\/section>\n","protected":false},"excerpt":{"rendered":"","protected":false},"author":1,"featured_media":0,"parent":0,"menu_order":0,"comment_status":"closed","ping_status":"open","template":"","meta":[],"_links":{"self":[{"href":"https:\/\/shaub-fischer.com\/pt\/wp-json\/wp\/v2\/pages\/5077"}],"collection":[{"href":"https:\/\/shaub-fischer.com\/pt\/wp-json\/wp\/v2\/pages"}],"about":[{"href":"https:\/\/shaub-fischer.com\/pt\/wp-json\/wp\/v2\/types\/page"}],"author":[{"embeddable":true,"href":"https:\/\/shaub-fischer.com\/pt\/wp-json\/wp\/v2\/users\/1"}],"replies":[{"embeddable":true,"href":"https:\/\/shaub-fischer.com\/pt\/wp-json\/wp\/v2\/comments?post=5077"}],"version-history":[{"count":5,"href":"https:\/\/shaub-fischer.com\/pt\/wp-json\/wp\/v2\/pages\/5077\/revisions"}],"predecessor-version":[{"id":5626,"href":"https:\/\/shaub-fischer.com\/pt\/wp-json\/wp\/v2\/pages\/5077\/revisions\/5626"}],"wp:attachment":[{"href":"https:\/\/shaub-fischer.com\/pt\/wp-json\/wp\/v2\/media?parent=5077"}],"curies":[{"name":"wp","href":"https:\/\/api.w.org\/{rel}","templated":true}]}}