{"id":5080,"date":"2019-09-11T12:02:42","date_gmt":"2019-09-11T12:02:42","guid":{"rendered":"https:\/\/shaub-fischer.com\/pt\/?page_id=5080"},"modified":"2020-11-16T16:10:14","modified_gmt":"2020-11-16T16:10:14","slug":"returns","status":"publish","type":"page","link":"https:\/\/shaub-fischer.com\/pt\/returns\/","title":{"rendered":"Devolu\u00e7\u00f5es"},"content":{"rendered":"<section class=\"kc-elm kc-css-634095 kc_row\"><div class=\"kc-row-container  kc-container\"><div class=\"kc-wrap-columns\"><div class=\"kc-elm kc-css-733410 kc_col-sm-12 kc_column kc_col-sm-12\"><div class=\"kc-col-container\"><div class=\"kc-elm kc-css-254929 kc_row kc_row_inner\"><div class=\"kc-elm kc-css-551819 kc_col-sm-12 kc_column_inner kc_col-sm-12\"><div class=\"kc_wrapper kc-col-inner-container\">\n<div class=\"kc-elm kc-css-347651 kc-title-wrap \">\n\n\t<h3 class=\"kc_title title_style_1\">100% Satisfa\u00e7\u00e3o Garantida ou Devolvemos o Seu Dinheiro<\/h3>\n<\/div>\n<div class=\"kc-elm kc-css-608363 kc_text_block\"><\/p>\n<p>\nN\u00f3s adoramos os nossos \u00f3culos Shaub &#038; Fischer e temos a certeza de que tamb\u00e9m os ir\u00e1 adorar! \u00c9 por isso que temos uma pol\u00edtica de 100% satisfa\u00e7\u00e3o garantida ou devolvemos o seu dinheiro. Se voc\u00ea n\u00e3o estiver completamente satisfeito com seus \u00f3culos, teremos o maior prazer em aceitar uma devolu\u00e7\u00e3o em 30 dias. Sem perguntas. Basta entrar em contacto com o nosso servi\u00e7o de apoio ao cliente em <a href=\"mailto:contact@shaub-fischer.com\">contact@shaub-fischer.com<\/a> e n\u00f3s iremos gui\u00e1-lo no processo. Depois de recebermos os seus \u00f3culos de volta nas nossas instala\u00e7\u00f5es, procederemos ao reembolso. Note que o reembolso n\u00e3o inclui as despesas de envio de retorno.<\/p>\n<p>\n<\/div><div class=\"kc-elm kc-css-913431 kc_row kc_row_inner\"><div class=\"kc-elm kc-css-47541 kc_col-sm-12 kc_column_inner kc_col-sm-12\"><div class=\"kc_wrapper kc-col-inner-container\">\n<div class=\"kc-elm kc-css-729319 divider_line\">\n\t<div class=\"divider_inner divider_line2\">\n\t\t<i class=\"sl-eyeglass\"><\/i>\t<\/div>\n<\/div>\n<\/div><\/div><\/div>\n<div class=\"kc-elm kc-css-10469 kc-title-wrap \">\n\n\t<h3 class=\"kc_title title_style_1\">Garantia de Dois Anos<\/h3>\n<\/div>\n<div class=\"kc-elm kc-css-553444 kc_text_block\"><\/p>\n<p>\nOferecemos uma garantia de dois anos em todos os nossos produtos, a partir da data da sua entrega. Se a arma\u00e7\u00e3o ou os \u00f3culos que comprou apresentarem algum defeito dentro do per\u00edodo de garantia, entre em contacto com o nosso servi\u00e7o de apoio ao cliente em <a href=\"mailto:contact@shaub-fischer.com\">contact@shaub-fischer.com<\/a> e n\u00f3s iremos gui\u00e1-lo no processo.<br \/>Note que a garantia n\u00e3o cobre defeitos causados \u200b\u200bpor neglig\u00eancia, uso indevido, abuso, manuten\u00e7\u00e3o inadequada, desgaste normal ou dano causado por altera\u00e7\u00e3o, modifica\u00e7\u00e3o ou reparo n\u00e3o autorizado.<\/p>\n<p>\n<\/div><\/div><\/div><\/div><\/div><\/div><\/div><\/div><\/section>\n","protected":false},"excerpt":{"rendered":"","protected":false},"author":1,"featured_media":0,"parent":0,"menu_order":0,"comment_status":"closed","ping_status":"open","template":"","meta":[],"_links":{"self":[{"href":"https:\/\/shaub-fischer.com\/pt\/wp-json\/wp\/v2\/pages\/5080"}],"collection":[{"href":"https:\/\/shaub-fischer.com\/pt\/wp-json\/wp\/v2\/pages"}],"about":[{"href":"https:\/\/shaub-fischer.com\/pt\/wp-json\/wp\/v2\/types\/page"}],"author":[{"embeddable":true,"href":"https:\/\/shaub-fischer.com\/pt\/wp-json\/wp\/v2\/users\/1"}],"replies":[{"embeddable":true,"href":"https:\/\/shaub-fischer.com\/pt\/wp-json\/wp\/v2\/comments?post=5080"}],"version-history":[{"count":17,"href":"https:\/\/shaub-fischer.com\/pt\/wp-json\/wp\/v2\/pages\/5080\/revisions"}],"predecessor-version":[{"id":6723,"href":"https:\/\/shaub-fischer.com\/pt\/wp-json\/wp\/v2\/pages\/5080\/revisions\/6723"}],"wp:attachment":[{"href":"https:\/\/shaub-fischer.com\/pt\/wp-json\/wp\/v2\/media?parent=5080"}],"curies":[{"name":"wp","href":"https:\/\/api.w.org\/{rel}","templated":true}]}}