{"id":5726,"date":"2019-11-07T22:56:22","date_gmt":"2019-11-07T22:56:22","guid":{"rendered":"https:\/\/shaub-fischer.com\/pt\/?page_id=5726"},"modified":"2020-05-19T16:57:50","modified_gmt":"2020-05-19T16:57:50","slug":"home-try-on","status":"publish","type":"page","link":"https:\/\/shaub-fischer.com\/pt\/home-try-on\/","title":{"rendered":"Experimentar em casa"},"content":{"rendered":"<p><section class=\"kc-elm kc-css-982465 kc_row\"><div class=\"kc-row-container  kc-container\"><div class=\"kc-wrap-columns\"><div class=\"kc-elm kc-css-95832 kc_col-sm-12 kc_column kc_col-sm-12\"><div class=\"kc-col-container\">\n<div class=\"kc-elm kc-css-345030 kc-title-wrap \">\n\n\t<h2 class=\"kc_title\">Experimentar em casa<\/h2>\n<\/div>\n<div class=\"kc-elm kc-css-896735 kc_text_block\"><\/p>\n<p>Escolha at\u00e9 4 arma\u00e7\u00f5es para testar durante uma semana e n\u00f3s enviamo-las para si &#8211; totalmente gr\u00e1tis<\/p>\n<p>\n<\/div><\/div><\/div><\/div><\/div><\/section><section class=\"kc-elm kc-css-429084 kc_row\"><div class=\"kc-row-container  kc-container\"><div class=\"kc-wrap-columns\"><div class=\"kc-elm kc-css-771877 kc_col-sm-12 kc_column kc_col-sm-12\"><div class=\"kc-col-container\">\n<div class=\"kc-elm kc-css-986845 kc-title-wrap \">\n\n\t<h3 class=\"kc_title title_style_1 tryathome_title\">Como funciona?<\/h3>\n<\/div>\n<div class=\"kc-elm kc-css-94546 kc_row kc_row_inner\"><div class=\"kc-elm kc-css-690337 kc_col-sm-3 kc_column_inner kc_col-sm-3\"><div class=\"kc_wrapper kc-col-inner-container\"><div class=\"kc-elm kc-css-183138 kc_shortcode kc_single_image\">\n\n        <img src=\"https:\/\/shaub-fischer.com\/pt\/wp-content\/uploads\/choose_frames.jpg\" class=\"\" alt=\"\" \/>    <\/div>\n\n<div class=\"kc-elm kc-css-765038 kc-title-wrap \">\n\n\t<h5 class=\"kc_title\">Escolha at\u00e9 4 arma\u00e7\u00f5es<\/h5>\n<\/div>\n<div class=\"kc-elm kc-css-340391 kc_text_block\"><\/p>\n<p>N\u00f3s enviamo-las pelo correio para si. N\u00e3o tem de pagar nada.<\/p>\n<p>\n<\/div><\/div><\/div><div class=\"kc-elm kc-css-745403 kc_col-sm-3 kc_column_inner kc_col-sm-3\"><div class=\"kc_wrapper kc-col-inner-container\"><div class=\"kc-elm kc-css-883158 kc_shortcode kc_single_image\">\n\n        <img src=\"https:\/\/shaub-fischer.com\/pt\/wp-content\/uploads\/try-it.jpg\" class=\"\" alt=\"\" \/>    <\/div>\n\n<div class=\"kc-elm kc-css-153289 kc-title-wrap \">\n\n\t<h5 class=\"kc_title\">Experimente em casa<\/h5>\n<\/div>\n<div class=\"kc-elm kc-css-441432 kc_text_block\"><\/p>\n<p>Experimente-as durante uma semana para ver se gosta. Veja como se sente e mostre a toda a gente.<\/p>\n<p>\n<\/div><\/div><\/div><div class=\"kc-elm kc-css-598521 kc_col-sm-3 kc_column_inner kc_col-sm-3\"><div class=\"kc_wrapper kc-col-inner-container\"><div class=\"kc-elm kc-css-105241 kc_shortcode kc_single_image\">\n\n        <img src=\"https:\/\/shaub-fischer.com\/pt\/wp-content\/uploads\/return.jpg\" class=\"\" alt=\"\" \/>    <\/div>\n\n<div class=\"kc-elm kc-css-488070 kc-title-wrap \">\n\n\t<h5 class=\"kc_title\">Devolva gratuitamente<\/h5>\n<\/div>\n<div class=\"kc-elm kc-css-228592 kc_text_block\"><\/p>\n<p>Passada uma semana, coloque os \u00f3culos na caixa, cole a etiqueta de devolu\u00e7\u00e3o pr\u00e9-paga e entregue a caixa em qualquer posto de correios CTT. F\u00e1cil!<\/p>\n<p>\n<\/div><\/div><\/div><div class=\"kc-elm kc-css-590416 kc_col-sm-3 kc_column_inner kc_col-sm-3\"><div class=\"kc_wrapper kc-col-inner-container\"><div class=\"kc-elm kc-css-288491 kc_shortcode kc_single_image\">\n\n        <img src=\"https:\/\/shaub-fischer.com\/pt\/wp-content\/uploads\/buy_online.jpg\" class=\"\" alt=\"\" \/>    <\/div>\n\n<div class=\"kc-elm kc-css-897634 kc-title-wrap \">\n\n\t<h5 class=\"kc_title\">Gostou de algum? Compre online<\/h5>\n<\/div>\n<div class=\"kc-elm kc-css-720113 kc_text_block\"><\/p>\n<p>Se gostou de algum dos nossos \u00f3culos e quer ficar com eles, encomende-os com a sua gradua\u00e7\u00e3o no nosso site e n\u00f3s enviamos-lhe o seu par novinho em folha.<\/p>\n<p>\n<\/div><\/div><\/div><\/div><\/div><\/div><\/div><\/div><\/section><section class=\"kc-elm kc-css-252306 kc_row\"><div class=\"kc-row-container  kc-container\"><div class=\"kc-wrap-columns\"><div class=\"kc-elm kc-css-625086 kc_col-sm-12 kc_column kc_col-sm-12\"><div class=\"kc-col-container\"><div class=\"kc-elm kc-css-678909 kc_accordion_wrapper\">\n<div class=\"kc-elm kc-css-670110 kc_accordion_section group \"><h3 class=\"kc_accordion_header ui-accordion-header\"><span class=\"ui-accordion-header-icon ui-icon\"><\/span><a href=\"#como-funciona-o-servico-experimentar-em-casa\" data-prevent=\"scroll\"><i class=\"\"><\/i> Como funciona o servi\u00e7o \u201cexperimentar em casa\u201d?<\/a><\/h3><div class=\"kc_accordion_content ui-accordion-content kc_clearfix\"><div class=\"kc-panel-body\"><div class=\"kc-elm kc-css-255042 kc_text_block\"><\/p>\n<p>\u00c9 uma esp\u00e9cie de test drive para \u00f3culos, totalmente gr\u00e1tis. Escolha quatro das nossas arma\u00e7\u00f5es e n\u00f3s enviamo-las pelo correio para si. Tem uma semana para as experimentar e ver se gosta de como lhe ficam. Passada uma semana, devolva-as pelo correio. O envio \u00e9 gratuito nos dois sentidos. Se gostou de algum dos \u00f3culos e quer compr\u00e1-los, fa\u00e7a a encomenda no nosso site e n\u00f3s enviamos-lhe um par com a sua gradua\u00e7\u00e3o.<\/p>\n<p>\n<\/div><\/div><\/div><\/div><div class=\"kc-elm kc-css-169028 kc_accordion_section group \"><h3 class=\"kc_accordion_header ui-accordion-header\"><span class=\"ui-accordion-header-icon ui-icon\"><\/span><a href=\"#totalmente-gratis-isso-e-mesmo-a-serio\" data-prevent=\"scroll\"><i class=\"\"><\/i> Totalmente gr\u00e1tis \u2014 isso \u00e9 mesmo a s\u00e9rio?<\/a><\/h3><div class=\"kc_accordion_content ui-accordion-content kc_clearfix\"><div class=\"kc-panel-body\"><div class=\"kc-elm kc-css-813339 kc_text_block\"><\/p>\n<p>Sim! Pode parecer bom demais para ser verdade, mas n\u00e3o \u00e9! N\u00f3s acreditamos mesmo que vai gostar dos nossos \u00f3culos, por isso n\u00e3o lhe cobramos rigorosamente nada para os poder experimentar. N\u00e3o paga nem o servi\u00e7o, nem os portes de envio, nem os portes de devolu\u00e7\u00e3o.<\/p>\n<p>\n<\/div><\/div><\/div><\/div><div class=\"kc-elm kc-css-271611 kc_accordion_section group \"><h3 class=\"kc_accordion_header ui-accordion-header\"><span class=\"ui-accordion-header-icon ui-icon\"><\/span><a href=\"#quanto-tempo-demoram-os-oculos-a-chegar\" data-prevent=\"scroll\"><i class=\"\"><\/i> Quanto tempo demoram os \u00f3culos a chegar?<\/a><\/h3><div class=\"kc_accordion_content ui-accordion-content kc_clearfix\"><div class=\"kc-panel-body\"><div class=\"kc-elm kc-css-236379 kc_text_block\"><\/p>\n<p>Enviaremos os \u00f3culos para si no pr\u00f3prio dia ou no dia seguinte, portanto dentro 2 ou 3 dias ap\u00f3s fazer o pedido ter\u00e1 os \u00f3culos consigo.<\/p>\n<p>\n<\/div><\/div><\/div><\/div><div class=\"kc-elm kc-css-202439 kc_accordion_section group \"><h3 class=\"kc_accordion_header ui-accordion-header\"><span class=\"ui-accordion-header-icon ui-icon\"><\/span><a href=\"#posso-experimentar-todas-as-armacoes\" data-prevent=\"scroll\"><i class=\"\"><\/i> Posso experimentar todas as arma\u00e7\u00f5es?<\/a><\/h3><div class=\"kc_accordion_content ui-accordion-content kc_clearfix\"><div class=\"kc-panel-body\"><div class=\"kc-elm kc-css-813822 kc_text_block\"><\/p>\n<p>Sim! Pode experimentar todas as arma\u00e7\u00f5es que temos dispon\u00edveis.<\/p>\n<p>\n<\/div><\/div><\/div><\/div><div class=\"kc-elm kc-css-111461 kc_accordion_section group \"><h3 class=\"kc_accordion_header ui-accordion-header\"><span class=\"ui-accordion-header-icon ui-icon\"><\/span><a href=\"#quantos-oculos-posso-experimentar-de-cada-vez\" data-prevent=\"scroll\"><i class=\"\"><\/i> Quantos \u00f3culos posso experimentar de cada vez?<\/a><\/h3><div class=\"kc_accordion_content ui-accordion-content kc_clearfix\"><div class=\"kc-panel-body\"><div class=\"kc-elm kc-css-325670 kc_text_block\"><\/p>\n<p>Com o servi\u00e7o \u201cExperimentar em Casa\u201d pode pedir para lhe serem enviados at\u00e9 4 pares de \u00f3culos para testar. Ap\u00f3s fazer a devolu\u00e7\u00e3o, e assim que recebermos esses \u00f3culos de volta nas nossas instala\u00e7\u00f5es, poder\u00e1 fazer um novo pedido.<\/p>\n<p>\n<\/div><\/div><\/div><\/div><div class=\"kc-elm kc-css-379827 kc_accordion_section group \"><h3 class=\"kc_accordion_header ui-accordion-header\"><span class=\"ui-accordion-header-icon ui-icon\"><\/span><a href=\"#os-oculos-vem-com-lentes\" data-prevent=\"scroll\"><i class=\"\"><\/i> Os \u00f3culos v\u00eam com lentes?<\/a><\/h3><div class=\"kc_accordion_content ui-accordion-content kc_clearfix\"><div class=\"kc-panel-body\"><div class=\"kc-elm kc-css-651010 kc_text_block\"><\/p>\n<p>Os \u00f3culos v\u00eam com lentes de demostra\u00e7\u00e3o n\u00e3o graduadas.<\/p>\n<p>\n<\/div><\/div><\/div><\/div><div class=\"kc-elm kc-css-835991 kc_accordion_section group \"><h3 class=\"kc_accordion_header ui-accordion-header\"><span class=\"ui-accordion-header-icon ui-icon\"><\/span><a href=\"#como-posso-saber-qual-e-a-melhor-armacao-para-mim\" data-prevent=\"scroll\"><i class=\"\"><\/i> Como posso saber qual \u00e9 a melhor arma\u00e7\u00e3o para mim?<\/a><\/h3><div class=\"kc_accordion_content ui-accordion-content kc_clearfix\"><div class=\"kc-panel-body\"><div class=\"kc-elm kc-css-646817 kc_text_block\"><\/p>\n<p>Os gostos n\u00e3o se discutem. Desde que os \u00f3culos sejam confort\u00e1veis, vale tudo! Experimente-os ao espelho, fa\u00e7a umas selfies, leve-os a passear e veja se se sente confiante. Se quiser uma opini\u00e3o sincera de como lhe ficam os \u00f3culos, pergunte a uma crian\u00e7a \u2014 mas prepare-se para a verdade.<\/p>\n<p>\n<\/div><\/div><\/div><\/div><div class=\"kc-elm kc-css-924477 kc_accordion_section group \"><h3 class=\"kc_accordion_header ui-accordion-header\"><span class=\"ui-accordion-header-icon ui-icon\"><\/span><a href=\"#como-faco-a-devolucao\" data-prevent=\"scroll\"><i class=\"\"><\/i> Como fa\u00e7o a devolu\u00e7\u00e3o?<\/a><\/h3><div class=\"kc_accordion_content ui-accordion-content kc_clearfix\"><div class=\"kc-panel-body\"><div class=\"kc-elm kc-css-874638 kc_text_block\"><\/p>\n<p>Nada mais f\u00e1cil. Terminada a semana de teste, coloque os \u00f3culos na caixa em que vieram, cole a etiqueta de devolu\u00e7\u00e3o pr\u00e9-paga e entregue a caixa em qualquer posto de correios CTT.<\/p>\n<p>\n<\/div><\/div><\/div><\/div><div class=\"kc-elm kc-css-810890 kc_accordion_section group \"><h3 class=\"kc_accordion_header ui-accordion-header\"><span class=\"ui-accordion-header-icon ui-icon\"><\/span><a href=\"#o-que-acontece-se-nao-devolver-os-oculos\" data-prevent=\"scroll\"><i class=\"\"><\/i> O que acontece se n\u00e3o devolver os \u00f3culos?<\/a><\/h3><div class=\"kc_accordion_content ui-accordion-content kc_clearfix\"><div class=\"kc-panel-body\"><div class=\"kc-elm kc-css-560099 kc_text_block\"><\/p>\n<p>Se pertencer a um perigoso gangue mafioso que se dedica ao roubo de \u00f3culos, teremos de notificar as autoridades. Queremos que o mundo seja um lugar seguro para todos.<\/p>\n<p>\n<\/div><\/div><\/div><\/div><\/div>\n<\/div><\/div><\/div><\/div><\/section><section class=\"kc-elm kc-css-267437 kc_row\"><div class=\"kc-row-container  kc-container\"><div class=\"kc-wrap-columns\"><div class=\"kc-elm kc-css-244146 kc_col-sm-12 kc_column kc_col-sm-12\"><div class=\"kc-col-container\">\n<div class=\"kc-elm kc-css-996237 kc-title-wrap \">\n\n\t<h3 class=\"kc_title title_style_1\">Pronto para experimentar?<\/h3>\n<\/div>\n<div class=\"kc-elm kc-css-395392 kc_text_block\"><\/p>\n<p>Adicione at\u00e9 4 das suas arma\u00e7\u00f5es favoritas ao carrinho. Em menos de nada ter\u00e1 os \u00f3culos em sua casa para testar.<\/p>\n<p>\n<\/div><div class=\"kc-elm kc-css-716959 kc_row kc_row_inner\"><div class=\"kc-elm kc-css-925050 kc_col-sm-12 kc_column_inner kc_col-sm-12 try-at-home-category-buttons\"><div class=\"kc_wrapper kc-col-inner-container\">\n<div class=\"kc-elm kc-css-433051 tryathome-category-button-wrapper\">\n\t<a class=\"kc_button tryathome-category-button\" href=\"https:\/\/shaub-fischer.com\/pt\/product-category\/men\/\" target=\"_self\" title=\"\" onclick=\"\">\n\t\tHomem\t<\/a>\n<\/div>\n\n<div class=\"kc-elm kc-css-99609 tryathome-category-button-wrapper\">\n\t<a class=\"kc_button tryathome-category-button\" href=\"https:\/\/shaub-fischer.com\/pt\/product-category\/women\/\" target=\"_self\" title=\"\" onclick=\"\">\n\t\tMulher\t<\/a>\n<\/div>\n<\/div><\/div><\/div><\/div><\/div><\/div><\/div><\/section><\/p>\n","protected":false},"excerpt":{"rendered":"","protected":false},"author":1,"featured_media":0,"parent":0,"menu_order":0,"comment_status":"closed","ping_status":"open","template":"","meta":[],"_links":{"self":[{"href":"https:\/\/shaub-fischer.com\/pt\/wp-json\/wp\/v2\/pages\/5726"}],"collection":[{"href":"https:\/\/shaub-fischer.com\/pt\/wp-json\/wp\/v2\/pages"}],"about":[{"href":"https:\/\/shaub-fischer.com\/pt\/wp-json\/wp\/v2\/types\/page"}],"author":[{"embeddable":true,"href":"https:\/\/shaub-fischer.com\/pt\/wp-json\/wp\/v2\/users\/1"}],"replies":[{"embeddable":true,"href":"https:\/\/shaub-fischer.com\/pt\/wp-json\/wp\/v2\/comments?post=5726"}],"version-history":[{"count":53,"href":"https:\/\/shaub-fischer.com\/pt\/wp-json\/wp\/v2\/pages\/5726\/revisions"}],"predecessor-version":[{"id":6175,"href":"https:\/\/shaub-fischer.com\/pt\/wp-json\/wp\/v2\/pages\/5726\/revisions\/6175"}],"wp:attachment":[{"href":"https:\/\/shaub-fischer.com\/pt\/wp-json\/wp\/v2\/media?parent=5726"}],"curies":[{"name":"wp","href":"https:\/\/api.w.org\/{rel}","templated":true}]}}