{"id":7835,"date":"2022-02-14T16:30:19","date_gmt":"2022-02-14T16:30:19","guid":{"rendered":"https:\/\/shaub-fischer.com\/pt\/?page_id=7835"},"modified":"2022-02-23T13:03:56","modified_gmt":"2022-02-23T13:03:56","slug":"optica-sete-rios","status":"publish","type":"page","link":"https:\/\/shaub-fischer.com\/pt\/optica-sete-rios\/","title":{"rendered":"Sete Rios"},"content":{"rendered":"<p><section class=\"kc-elm kc-css-897373 kc_row\"><div class=\"kc-row-container  kc-container\"><div class=\"kc-wrap-columns\"><div class=\"kc-elm kc-css-57455 kc_col-sm-12 kc_column kc_col-sm-12\"><div class=\"kc-col-container\"><div class=\"kc-elm kc-css-79747 kc_shortcode kc_single_image\">\n\n        <img src=\"https:\/\/shaub-fischer.com\/pt\/wp-content\/uploads\/optica-sete-rios-scaled.jpg\" class=\"\" alt=\"\" \/>    <\/div>\n<\/div><\/div><\/div><\/div><\/section><section class=\"kc-elm kc-css-80111 kc_row\"><div class=\"kc-row-container  kc-container\"><div class=\"kc-wrap-columns\"><div class=\"kc-elm kc-css-740484 kc_col-sm-12 kc_column kc_col-sm-12\"><div class=\"kc-col-container\"><\/div><\/div><\/div><\/div><\/section><section class=\"kc-elm kc-css-683911 kc_row\"><div class=\"kc-row-container  kc-container\"><div class=\"kc-wrap-columns\"><div class=\"kc-elm kc-css-189392 kc_col-sm-12 kc_column kc_col-sm-12\"><div class=\"kc-col-container\">\n<div class=\"kc-elm kc-css-273094 kc-title-wrap \">\n\n\t<div class=\"kc_title stores-city-title\">Lisboa<\/div>\n<\/div>\n\n<div class=\"kc-elm kc-css-582445 kc-title-wrap \">\n\n\t<h1 class=\"kc_title stores-store-title\">Sete Rios<\/h1>\n<\/div>\n<\/div><\/div><\/div><\/div><\/section><section class=\"kc-elm kc-css-112584 kc_row\"><div class=\"kc-row-container  kc-container\"><div class=\"kc-wrap-columns\"><div class=\"kc-elm kc-css-954644 kc_col-sm-4 kc_column kc_col-sm-4\"><div class=\"kc-col-container\">\n<div class=\"kc-elm kc-css-416559 kc-title-wrap \">\n\n\t<div class=\"kc_title stores-heading\">Morada<\/div>\n<\/div>\n\n<div class=\"kc-elm kc-css-946970 kc-title-wrap \">\n\n\t<div class=\"kc_title stores-address\"><a href=\"https:\/\/g.page\/shaub-fischer?share\" class=\"kc_title_link\" title=\"\" target=\"_blank\">Estrada das Laranjeiras 184<\/a><\/div>\n<\/div>\n\n<div class=\"kc-elm kc-css-130659 kc-title-wrap \">\n\n\t<div class=\"kc_title stores-address\"><a href=\"https:\/\/g.page\/shaub-fischer?share\" class=\"kc_title_link\" title=\"\" target=\"_blank\">1600-171 Lisboa<\/a><\/div>\n<\/div>\n\n<div class=\"kc-elm kc-css-537576 kc-title-wrap \">\n\n\t<div class=\"kc_title stores-address\"><a href=\"tel:+351215801167\" class=\"kc_title_link\" title=\"\" target=\"\">215 801 167<\/a><\/div>\n<\/div>\n<\/div><\/div><div class=\"kc-elm kc-css-476137 kc_col-sm-4 kc_column kc_col-sm-4 store-working-hours\"><div class=\"kc-col-container\">\n<div class=\"kc-elm kc-css-509278 kc-title-wrap \">\n\n\t<div class=\"kc_title stores-heading\">Hor\u00e1rio<\/div>\n<\/div>\n<div class=\"kc-elm kc-css-600719 kc-raw-code\"><table>\r\n  <tbody>\r\n    <tr>\r\n      <td>Seg<\/td>\r\n      <td>10:00 - 19:00<\/td>\r\n    <\/tr>\r\n    <tr>\r\n      <td>Ter<\/td>\r\n      <td>10:00 - 19:00<\/td>\r\n    <\/tr>\r\n    <tr>\r\n      <td>Qua<\/td>\r\n      <td>10:00 - 19:00<\/td>\r\n    <\/tr>\r\n    <tr>\r\n      <td>Qui<\/td>\r\n      <td>10:00 - 19:00<\/td>\r\n    <\/tr>\r\n    <tr>\r\n      <td>Sex<\/td>\r\n      <td>10:00 - 19:00<\/td>\r\n    <\/tr>\r\n    <tr>\r\n      <td>S\u00e1b<\/td>\r\n      <td>10:00 - 14:00<\/td>\r\n    <\/tr>\r\n    <tr>\r\n      <td>Dom<\/td>\r\n      <td>Encerrado<\/td>\r\n    <\/tr>\r\n  <\/tbody>\r\n<\/table><\/div><\/div><\/div><div class=\"kc-elm kc-css-461197 kc_col-sm-4 kc_column kc_col-sm-4\"><div class=\"kc-col-container\">\n<div class=\"kc-elm kc-css-786953 kc-title-wrap \">\n\n\t<div class=\"kc_title stores-heading\">Servi\u00e7os<\/div>\n<\/div>\n<div class=\"kc-elm kc-css-232760 kc-raw-code\"><ul class=\"fa-ul store-services\">\r\n<li><span class=\"fa-li\"><i class=\"fa-solid fa-check\"><\/i><\/span><span class=\"store-services-service\">Consultas de optometria gr\u00e1tis<\/li>\r\n<li><li><span class=\"fa-li\"><i class=\"fa-solid fa-check\"><\/i><\/span><span class=\"store-services-service\">Ajustes e repara\u00e7\u00f5es<\/span><\/li>\r\n<li><li><span class=\"fa-li\"><i class=\"fa-solid fa-check\"><\/i><\/span><span class=\"store-services-service\">\u00d3culos progressivos<\/span><\/li>\r\n<\/ul><\/div>\n<div class=\"kc-elm kc-css-566108\">\n\t<a class=\"kc_button button book-button\" href=\"https:\/\/shaub-fischer.com\/pt\/consulta-de-optometria\/\" target=\"_self\" title=\"Marcar consulta de optometria\" onclick=\"\">\n\t\tMarcar consulta\t<\/a>\n<\/div>\n<\/div><\/div><\/div><\/div><\/section><section class=\"kc-elm kc-css-768535 kc_row\"><div class=\"kc-row-container  kc-container\"><div class=\"kc-wrap-columns\"><div class=\"kc-elm kc-css-783533 kc_col-sm-8 kc_column kc_col-sm-8\"><div class=\"kc-col-container\"><div class=\"kc-elm kc-css-831909 kc_text_block\"><\/p>\n<p>Na nossa flagship store em Lisboa encontrar\u00e1 a cole\u00e7\u00e3o completa de \u00f3culos graduados e \u00f3culos de sol da Shaub &#038; Fischer. Poder\u00e1 fazer um exame gratuito \u00e0 sua vis\u00e3o com o nosso profissional especializado em Optometria e a nossa equipa de loja experiente estar\u00e1 dispon\u00edvel para ajud\u00e1-lo na sua escolha.<\/p>\n<p>\n<\/div><\/div><\/div><div class=\"kc-elm kc-css-245891 kc_col-sm-4 kc_column kc_col-sm-4\"><div class=\"kc-col-container\"><\/div><\/div><\/div><\/div><\/section><section class=\"kc-elm kc-css-653837 kc_row\"><div class=\"kc-row-container  kc-container\"><div class=\"kc-wrap-columns\"><div class=\"kc-elm kc-css-112466 kc_col-sm-6 kc_column kc_col-sm-6\"><div class=\"store-text-box kc-col-container\">\n<div class=\"kc-elm kc-css-533084 kc-title-wrap \">\n\n\t<h1 class=\"kc_title\">Consultas de optometria gr\u00e1tis.<\/h1>\n<\/div>\n\n<div class=\"kc-elm kc-css-214439 kc-title-wrap \">\n\n\t<h5 class=\"kc_title\">Marque um exame gratuito \u00e0 sua vis\u00e3o com um dos nossos profissionais especializados em optometria.<\/h5>\n<\/div>\n\n<div class=\"kc-elm kc-css-621266\">\n\t<a class=\"kc_button button book-button\" href=\"https:\/\/shaub-fischer.com\/pt\/consulta-de-optometria\/\" target=\"_self\" title=\"Marcar consulta de optometria\" onclick=\"\">\n\t\tMarcar consulta\t<\/a>\n<\/div>\n<\/div><\/div><div class=\"kc-elm kc-css-305850 kc_col-sm-6 kc_column kc_col-sm-6\"><div class=\"store-text-box kc-col-container\"><div class=\"kc-elm kc-css-430086 kc_shortcode kc_single_image\">\n\n        <img src=\"https:\/\/shaub-fischer.com\/pt\/wp-content\/uploads\/optica-sete-rios-consultorio.jpg\" class=\"\" alt=\"\" \/>    <\/div>\n<\/div><\/div><\/div><\/div><\/section><section class=\"kc-elm kc-css-37829 kc_row\"><div class=\"kc-row-container  kc-container\"><div class=\"kc-wrap-columns\"><div class=\"kc-elm kc-css-268353 kc_col-sm-6 kc_column kc_col-sm-6\"><div class=\"store-text-box kc-col-container\"><div class=\"kc-elm kc-css-343319 kc_shortcode kc_single_image\">\n\n        <img src=\"https:\/\/shaub-fischer.com\/pt\/wp-content\/uploads\/optica-sete-rios-consultorio.jpg\" class=\"\" alt=\"\" \/>    <\/div>\n<\/div><\/div><div class=\"kc-elm kc-css-262522 kc_col-sm-6 kc_column kc_col-sm-6\"><div class=\"store-text-box kc-col-container\">\n<div class=\"kc-elm kc-css-310513 kc-title-wrap \">\n\n\t<h1 class=\"kc_title\">Consultas de optometria gr\u00e1tis.<\/h1>\n<\/div>\n\n<div class=\"kc-elm kc-css-751880 kc-title-wrap \">\n\n\t<h5 class=\"kc_title\">Marque um exame gratuito \u00e0 sua vis\u00e3o com um dos nossos profissionais especializados em optometria.<\/h5>\n<\/div>\n\n<div class=\"kc-elm kc-css-534682\">\n\t<a class=\"kc_button button book-button\" href=\"https:\/\/shaub-fischer.com\/pt\/consulta-de-optometria\/\" target=\"_self\" title=\"Marcar consulta de optometria\" onclick=\"\">\n\t\tMarcar consulta\t<\/a>\n<\/div>\n<\/div><\/div><\/div><\/div><\/section><section class=\"kc-elm kc-css-183959 kc_row\"><div class=\"kc-row-container  kc-container\"><div class=\"kc-wrap-columns\"><div class=\"kc-elm kc-css-561928 kc_col-sm-12 kc_column kc_col-sm-12\"><div class=\"kc-col-container\">\n<div class=\"kc-elm kc-css-192800 kc-title-wrap \">\n\n\t<h3 class=\"kc_title title_style_1\">Perguntas frequentes<\/h3>\n<\/div>\n<div class=\"kc-elm kc-css-325850 kc_accordion_wrapper\">\n<div class=\"kc-elm kc-css-968201 kc_accordion_section group \"><h3 class=\"kc_accordion_header ui-accordion-header\"><span class=\"ui-accordion-header-icon ui-icon\"><\/span><a href=\"#preciso-de-fazer-marcacao-para-ter-uma-consulta-de-optometria-ou-posso-simplesmente-vir-sem-agendamento\" data-prevent=\"scroll\"><i class=\"\"><\/i> Preciso de fazer marca\u00e7\u00e3o para ter uma consulta de optometria, ou posso simplesmente vir sem agendamento?  <\/a><\/h3><div class=\"kc_accordion_content ui-accordion-content kc_clearfix\"><div class=\"kc-panel-body\"><div class=\"kc-elm kc-css-400087 kc_text_block\"><\/p>\n<p>Para sua comodidade, aconselhamo-lo a fazer o agendamento da sua consulta de optometria antes de nos visitar. Pode faz\u00ea-lo <a href=\"https:\/\/shaub-fischer.com\/pt\/consulta-de-optometria\">no nosso site<\/a>, por telefone ou por email. \u00c9 muito f\u00e1cil e r\u00e1pido. Tamb\u00e9m pode vir sem agendamento e, geralmente, \u00e9 poss\u00edvel fazer a consulta na hora, no entanto \u00e9 poss\u00edvel que o nosso optometrista n\u00e3o esteja imediatamente dispon\u00edvel.<\/p>\n<p>\n<\/div><\/div><\/div><\/div><div class=\"kc-elm kc-css-681129 kc_accordion_section group \"><h3 class=\"kc_accordion_header ui-accordion-header\"><span class=\"ui-accordion-header-icon ui-icon\"><\/span><a href=\"#preciso-de-fazer-marcacao-para-visitar-a-loja-e-experimentar-os-oculos\" data-prevent=\"scroll\"><i class=\"\"><\/i> Preciso de fazer marca\u00e7\u00e3o para visitar a loja e experimentar os \u00f3culos?<\/a><\/h3><div class=\"kc_accordion_content ui-accordion-content kc_clearfix\"><div class=\"kc-panel-body\"><div class=\"kc-elm kc-css-732104 kc_text_block\"><\/p>\n<p>N\u00e3o. N\u00e3o precisa de nenhuma marca\u00e7\u00e3o. As portas da nossa loja Shaub &#038; Fischer em Sete Rios, Lisboa, est\u00e3o abertas de segunda-feira a s\u00e1bado para si. Se n\u00e3o puder visitar-nos por algum motivo, experimente o nosso servi\u00e7o \u201cexperimentar em casa\u201d gratuitamente.<\/p>\n<p>\n<\/div><\/div><\/div><\/div><div class=\"kc-elm kc-css-329697 kc_accordion_section group \"><h3 class=\"kc_accordion_header ui-accordion-header\"><span class=\"ui-accordion-header-icon ui-icon\"><\/span><a href=\"#as-consultas-de-optometria-sao-gratis\" data-prevent=\"scroll\"><i class=\"\"><\/i> As consultas de optometria s\u00e3o gr\u00e1tis?<\/a><\/h3><div class=\"kc_accordion_content ui-accordion-content kc_clearfix\"><div class=\"kc-panel-body\"><div class=\"kc-elm kc-css-151916 kc_text_block\"><\/p>\n<p>Sim. Oferecemos consultas de optometria gr\u00e1tis, sem compromisso de compra. O nosso optometrista qualificado far\u00e1 um exame oftalmol\u00f3gico completo em menos de 30 minutos, na maioria dos casos. Recomendamos que fa\u00e7a o agendamento da sua consulta de optometria antes de nos visitar. Pode faz\u00ea-lo <a href=\"https:\/\/shaub-fischer.com\/pt\/consulta-de-optometria\">no nosso site<\/a>, por telefone ou por email.<\/p>\n<p>\n<\/div><\/div><\/div><\/div><div class=\"kc-elm kc-css-426059 kc_accordion_section group \"><h3 class=\"kc_accordion_header ui-accordion-header\"><span class=\"ui-accordion-header-icon ui-icon\"><\/span><a href=\"#a-vossa-colecao-completa-esta-disponivel-na-loja\" data-prevent=\"scroll\"><i class=\"\"><\/i> A vossa cole\u00e7\u00e3o completa est\u00e1 dispon\u00edvel na loja?<\/a><\/h3><div class=\"kc_accordion_content ui-accordion-content kc_clearfix\"><div class=\"kc-panel-body\"><div class=\"kc-elm kc-css-744958 kc_text_block\"><\/p>\n<p>Sim. A nossa cole\u00e7\u00e3o completa de \u00f3culos graduados e \u00f3culos de sol est\u00e1 dispon\u00edvel na loja, mesmo que n\u00e3o esteja exposta. Se n\u00e3o encontrar o que est\u00e1 \u00e0 procura, pergunte \u00e0 nossa equipa da loja e eles ficar\u00e3o felizes em mostrar-lhe a arma\u00e7\u00e3o que procura.<\/p>\n<p>\n<\/div><\/div><\/div><\/div><\/div>\n<\/div><\/div><\/div><\/div><\/section><\/p>\n","protected":false},"excerpt":{"rendered":"","protected":false},"author":1,"featured_media":0,"parent":0,"menu_order":0,"comment_status":"closed","ping_status":"closed","template":"","meta":[],"_links":{"self":[{"href":"https:\/\/shaub-fischer.com\/pt\/wp-json\/wp\/v2\/pages\/7835"}],"collection":[{"href":"https:\/\/shaub-fischer.com\/pt\/wp-json\/wp\/v2\/pages"}],"about":[{"href":"https:\/\/shaub-fischer.com\/pt\/wp-json\/wp\/v2\/types\/page"}],"author":[{"embeddable":true,"href":"https:\/\/shaub-fischer.com\/pt\/wp-json\/wp\/v2\/users\/1"}],"replies":[{"embeddable":true,"href":"https:\/\/shaub-fischer.com\/pt\/wp-json\/wp\/v2\/comments?post=7835"}],"version-history":[{"count":96,"href":"https:\/\/shaub-fischer.com\/pt\/wp-json\/wp\/v2\/pages\/7835\/revisions"}],"predecessor-version":[{"id":8396,"href":"https:\/\/shaub-fischer.com\/pt\/wp-json\/wp\/v2\/pages\/7835\/revisions\/8396"}],"wp:attachment":[{"href":"https:\/\/shaub-fischer.com\/pt\/wp-json\/wp\/v2\/media?parent=7835"}],"curies":[{"name":"wp","href":"https:\/\/api.w.org\/{rel}","templated":true}]}}