{"id":8233,"date":"2022-02-18T17:34:47","date_gmt":"2022-02-18T17:34:47","guid":{"rendered":"https:\/\/shaub-fischer.com\/pt\/?page_id=8233"},"modified":"2022-02-23T13:02:23","modified_gmt":"2022-02-23T13:02:23","slug":"consulta-de-optometria","status":"publish","type":"page","link":"https:\/\/shaub-fischer.com\/pt\/consulta-de-optometria\/","title":{"rendered":"Consulta de optometria"},"content":{"rendered":"<p><section class=\"kc-elm kc-css-859566 kc_row\"><div class=\"kc-row-container  kc-container  faq-header\"><div class=\"kc-wrap-columns\"><div class=\"kc-elm kc-css-977837 kc_col-sm-12 kc_column kc_col-sm-12\"><div class=\"kc-col-container\">\n<div class=\"kc-elm kc-css-969900 kc-title-wrap \">\n\n\t<h2 class=\"kc_title\">Marcar consulta de optometria<\/h2>\n<\/div>\n<div class=\"kc-elm kc-css-427883 kc_text_block\"><\/p>\n<p>Marque um exame gratuito \u00e0 sua vis\u00e3o, sem compromisso de compra, com um dos nossos profissionais especializados em optometria.<\/p>\n<p>\n<\/div><\/div><\/div><\/div><\/div><\/section><section class=\"kc-elm kc-css-950214 kc_row\"><div class=\"kc-row-container  kc-container\"><div class=\"kc-wrap-columns\"><div class=\"kc-elm kc-css-490500 kc_col-sm-12 kc_column kc_col-sm-12\"><div class=\"kc-col-container\"><div class=\"kc-elm kc-css-5837 kc-raw-code\">\n<div id=\"booknetic_progress\" class=\"booknetic_progress_waiting booknetic_progress_done\"><dt><\/dt><dd><\/dd><\/div>\n<div class=\"booknetic_appointment\" id=\"booknetic_theme_8\">\n\t<div class=\"booknetic_appointment_steps \">\n\t\t\t\t<div class=\"booknetic_appointment_steps_body\">\n\t\t\t\t\t\t\t<div class=\"booknetic_appointment_step_element\"  data-step-id=\"location\" data-loader=\"card1\" data-title=\"Selecione a localiza\u00e7\u00e3o\" >\n\t\t\t\t\t<span class=\"booknetic_badge\"><\/span>\n\t\t\t\t\t<span class=\"booknetic_step_title\"> Loja<\/span>\n\t\t\t\t<\/div>\n\t\t\t\t\t\t\t\t<div class=\"booknetic_appointment_step_element booknetic_menu_hidden\"  data-value=\"-1\" data-step-id=\"staff\" data-loader=\"card1\" data-title=\"Selecione a equipe\" >\n\t\t\t\t\t<span class=\"booknetic_badge\"><\/span>\n\t\t\t\t\t<span class=\"booknetic_step_title\"> Colaborador<\/span>\n\t\t\t\t<\/div>\n\t\t\t\t\t\t\t\t<div class=\"booknetic_appointment_step_element booknetic_menu_hidden\"  data-value=\"1\" data-step-id=\"service\" data-loader=\"card2\" data-title=\"Selecionar servi\u00e7os\"  data-service-category=\"\" data-is-recurring=\"0\">\n\t\t\t\t\t<span class=\"booknetic_badge\"><\/span>\n\t\t\t\t\t<span class=\"booknetic_step_title\"> Servi\u00e7o<\/span>\n\t\t\t\t<\/div>\n\t\t\t\t\t\t\t\t<div class=\"booknetic_appointment_step_element booknetic_menu_hidden\"  data-step-id=\"service_extras\" data-loader=\"card2\" data-title=\"Selecione servi\u00e7os extras\" >\n\t\t\t\t\t<span class=\"booknetic_badge\"><\/span>\n\t\t\t\t\t<span class=\"booknetic_step_title\"> Servi\u00e7os Extras<\/span>\n\t\t\t\t<\/div>\n\t\t\t\t\t\t\t\t<div class=\"booknetic_appointment_step_element\"  data-step-id=\"date_time\" data-loader=\"card3\" data-title=\"Selecione a data e hora\" >\n\t\t\t\t\t<span class=\"booknetic_badge\"><\/span>\n\t\t\t\t\t<span class=\"booknetic_step_title\"> Data e Hora<\/span>\n\t\t\t\t<\/div>\n\t\t\t\t\t\t\t\t<div class=\"booknetic_appointment_step_element booknetic_menu_hidden\"  data-step-id=\"recurring_info\" data-loader=\"card3\" data-title=\"Informa\u00e7\u00e3o recorrente\n\" >\n\t\t\t\t\t<span class=\"booknetic_badge\"><\/span>\n\t\t\t\t\t<span class=\"booknetic_step_title\"> Informa\u00e7\u00e3o recorrente\n<\/span>\n\t\t\t\t<\/div>\n\t\t\t\t\t\t\t\t<div class=\"booknetic_appointment_step_element\"  data-step-id=\"information\" data-loader=\"card3\" data-title=\"Informa\u00e7\u00e3o\" >\n\t\t\t\t\t<span class=\"booknetic_badge\"><\/span>\n\t\t\t\t\t<span class=\"booknetic_step_title\"> Informa\u00e7\u00e3o<\/span>\n\t\t\t\t<\/div>\n\t\t\t\t\t\t\t\t<div class=\"booknetic_appointment_step_element\"  data-step-id=\"confirm_details\" data-loader=\"card3\" data-title=\"Confirme os detalhes\" >\n\t\t\t\t\t<span class=\"booknetic_badge\"><\/span>\n\t\t\t\t\t<span class=\"booknetic_step_title\"> Confirma\u00e7\u00e3o<\/span>\n\t\t\t\t<\/div>\n\t\t\t\t\t\t<\/div>\n\t\t<div class=\"booknetic_appointment_steps_footer\">\n\t\t\t<div class=\"booknetic_appointment_steps_footer_txt1\">D\u00favidas? Contacte-nos.<\/div>\n\t\t\t<div class=\"booknetic_appointment_steps_footer_txt2\">215 801 167<\/div>\n\t\t<\/div>\n\t<\/div>\n\t<div class=\"booknetic_appointment_container\">\n\n\t\t<div class=\"booknetic_appointment_container_header\"><\/div>\n\t\t<div class=\"booknetic_appointment_container_body\">\n\n\t\t\t<div class=\"booknetic_preloader_card1_box booknetic_hidden\">\n\n\t\t\t\t<div class=\"booknetic_preloader_card1\">\n\t\t\t\t\t<div class=\"booknetic_preloader_card1_image\"><\/div>\n\t\t\t\t\t<div class=\"booknetic_preloader_card1_description\"><\/div>\n\t\t\t\t<\/div>\n\n\t\t\t\t<div class=\"booknetic_preloader_card1\">\n\t\t\t\t\t<div class=\"booknetic_preloader_card1_image\"><\/div>\n\t\t\t\t\t<div class=\"booknetic_preloader_card1_description\"><\/div>\n\t\t\t\t<\/div>\n\n\t\t\t\t<div class=\"booknetic_preloader_card1\">\n\t\t\t\t\t<div class=\"booknetic_preloader_card1_image\"><\/div>\n\t\t\t\t\t<div class=\"booknetic_preloader_card1_description\"><\/div>\n\t\t\t\t<\/div>\n\n\t\t\t<\/div>\n\n\t\t\t<div class=\"booknetic_preloader_card2_box booknetic_hidden\">\n\t\t\t\t<div class=\"booknetic_preloader_card2\">\n\t\t\t\t\t<div class=\"booknetic_preloader_card2_image\"><\/div>\n\t\t\t\t\t<div class=\"booknetic_preloader_card2_description\"><\/div>\n\t\t\t\t<\/div>\n\n\t\t\t\t<div class=\"booknetic_preloader_card2\">\n\t\t\t\t\t<div class=\"booknetic_preloader_card2_image\"><\/div>\n\t\t\t\t\t<div class=\"booknetic_preloader_card2_description\"><\/div>\n\t\t\t\t<\/div>\n\n\t\t\t\t<div class=\"booknetic_preloader_card2\">\n\t\t\t\t\t<div class=\"booknetic_preloader_card2_image\"><\/div>\n\t\t\t\t\t<div class=\"booknetic_preloader_card2_description\"><\/div>\n\t\t\t\t<\/div>\n\t\t\t<\/div>\n\n\t\t\t<div class=\"booknetic_preloader_card3_box booknetic_hidden\">\n\t\t\t\t<div class=\"booknetic_preloader_card3\"><\/div>\n\t\t\t\t<div class=\"booknetic_preloader_card3\"><\/div>\n\t\t\t\t<div class=\"booknetic_preloader_card3\"><\/div>\n\t\t\t\t<div class=\"booknetic_preloader_card3\"><\/div>\n\t\t\t<\/div>\n\n\t\t\t<div data-step-id=\"location\" class=\"booknetic_hidden\"><\/div>\n\t\t\t<div data-step-id=\"staff\" class=\"booknetic_hidden\"><\/div>\n\t\t\t<div data-step-id=\"service\" class=\"booknetic_hidden\"><\/div>\n\t\t\t<div data-step-id=\"service_extras\" class=\"booknetic_hidden\"><\/div>\n\t\t\t<div data-step-id=\"date_time\" class=\"booknetic_hidden\"><\/div>\n\t\t\t<div data-step-id=\"recurring_info\" class=\"booknetic_hidden\"><\/div>\n\t\t\t<div data-step-id=\"information\" class=\"booknetic_hidden\"><\/div>\n\t\t\t<div data-step-id=\"confirm_details\" class=\"booknetic_hidden\"><\/div>\n\n\t\t\t<div class=\"booknetic_appointment_finished_with_error booknetic_hidden\">\n\t\t\t\t<img src=\"https:\/\/shaub-fischer.com\/pt\/wp-content\/plugins\/booknetic\/app\/Frontend\/assets\/images\/payment-error.svg\">\n\t\t\t\t<div>N\u00e3o foi poss\u00edvel processar seu pagamento. Por favor, tente novamente.\n<\/div>\n\t\t\t<\/div>\n\n\t\t<\/div>\n\t\t<div class=\"booknetic_appointment_container_footer\">\n\t\t\t<button type=\"button\" class=\"booknetic_btn_secondary booknetic_prev_step\">VOLTAR<\/button>\n\t\t\t<div class=\"booknetic_warning_message\"><\/div>\n\t\t\t<button type=\"button\" class=\"booknetic_btn_primary booknetic_next_step\">CONTINUAR<\/button>\n\t\t\t<button type=\"button\" class=\"booknetic_btn_primary booknetic_hidden booknetic_try_again_btn\">Tenta novamente<\/button>\n\t\t<\/div>\n\t<\/div>\n\t<div class=\"booknetic_appointment_finished\">\n\t\t<div class=\"booknetic_appointment_finished_icon\"><img src=\"https:\/\/shaub-fischer.com\/pt\/wp-content\/plugins\/booknetic\/app\/Frontend\/assets\/icons\/status-ok.svg\"><\/div>\n\t\t<div class=\"booknetic_appointment_finished_title\">Obrigado pela sua marca\u00e7\u00e3o!<\/div>\n\t\t<div class=\"booknetic_appointment_finished_subtitle booknetic_hidden\">O seu n\u00famero de confirma\u00e7\u00e3o:<\/div>\n\t\t<div class=\"booknetic_appointment_finished_code booknetic_hidden\"><\/div>\n\t\t<div class=\"booknetic_appointment_finished_actions\">\n\t\t\t<button type=\"button\" id=\"booknetic_add_to_google_calendar_btn\" class=\"booknetic_btn_secondary\"><img src=\"https:\/\/shaub-fischer.com\/pt\/wp-content\/plugins\/booknetic\/app\/Frontend\/assets\/icons\/calendar.svg\"> ADICIONAR AO CALEND\u00c1RIO<\/button>\n\t\t\t<button type=\"button\" id=\"booknetic_start_new_booking_btn\" class=\"booknetic_btn_secondary booknetic_hidden\"><img src=\"https:\/\/shaub-fischer.com\/pt\/wp-content\/plugins\/booknetic\/app\/Frontend\/assets\/icons\/plus.svg\"> INICIAR NOVA RESERVA<\/button>\n\t\t\t<button type=\"button\" id=\"booknetic_finish_btn\" class=\"booknetic_btn_secondary\" data-redirect-url=\"https:\/\/shaub-fischer.com\/pt\"><img src=\"https:\/\/shaub-fischer.com\/pt\/wp-content\/plugins\/booknetic\/app\/Frontend\/assets\/icons\/check-small.svg\"> FINALIZAR RESERVA<\/button>\n\t\t<\/div>\n\t<\/div>\n\t<\/div>\n<\/div><\/div><\/div><\/div><\/div><\/section><\/p>\n","protected":false},"excerpt":{"rendered":"","protected":false},"author":1,"featured_media":0,"parent":0,"menu_order":0,"comment_status":"closed","ping_status":"closed","template":"","meta":[],"_links":{"self":[{"href":"https:\/\/shaub-fischer.com\/pt\/wp-json\/wp\/v2\/pages\/8233"}],"collection":[{"href":"https:\/\/shaub-fischer.com\/pt\/wp-json\/wp\/v2\/pages"}],"about":[{"href":"https:\/\/shaub-fischer.com\/pt\/wp-json\/wp\/v2\/types\/page"}],"author":[{"embeddable":true,"href":"https:\/\/shaub-fischer.com\/pt\/wp-json\/wp\/v2\/users\/1"}],"replies":[{"embeddable":true,"href":"https:\/\/shaub-fischer.com\/pt\/wp-json\/wp\/v2\/comments?post=8233"}],"version-history":[{"count":29,"href":"https:\/\/shaub-fischer.com\/pt\/wp-json\/wp\/v2\/pages\/8233\/revisions"}],"predecessor-version":[{"id":8395,"href":"https:\/\/shaub-fischer.com\/pt\/wp-json\/wp\/v2\/pages\/8233\/revisions\/8395"}],"wp:attachment":[{"href":"https:\/\/shaub-fischer.com\/pt\/wp-json\/wp\/v2\/media?parent=8233"}],"curies":[{"name":"wp","href":"https:\/\/api.w.org\/{rel}","templated":true}]}}