{"id":8681,"date":"2022-05-03T14:17:38","date_gmt":"2022-05-03T14:17:38","guid":{"rendered":"https:\/\/shaub-fischer.com\/pt\/?page_id=8681"},"modified":"2024-02-12T00:17:38","modified_gmt":"2024-02-11T23:17:38","slug":"oculos-progressivos","status":"publish","type":"page","link":"https:\/\/shaub-fischer.com\/pt\/oculos-progressivos\/","title":{"rendered":"\u00d3culos Progressivos"},"content":{"rendered":"<p><section class=\"kc-elm kc-css-635608 kc_row\"><div class=\"kc-row-container  kc-container  faq-header\"><div class=\"kc-wrap-columns\"><div class=\"kc-elm kc-css-697626 kc_col-sm-12 kc_column kc_col-sm-12\"><div class=\"kc-col-container\">\n<div class=\"kc-elm kc-css-295950 kc-title-wrap \">\n\n\t<h2 class=\"kc_title\">\u00d3culos progressivos<\/h2>\n<\/div>\n<div class=\"kc-elm kc-css-428635 kc_text_block\"><\/p>\n<p>Os \u00f3culos progressivos t\u00eam m\u00faltiplas gradua\u00e7\u00f5es numa s\u00f3 lente, sendo indicados para quem sofre de presbiopia (vista cansada) e precisa de diferentes gradua\u00e7\u00f5es ao perto e ao longe. Desde 289\u20ac com tudo inclu\u00eddo.<\/p>\n<p>\n<\/div><\/div><\/div><\/div><\/div><\/section><section class=\"kc-elm kc-css-454629 kc_row\"><div class=\"kc-row-container  kc-container\"><div class=\"kc-wrap-columns\"><div class=\"kc-elm kc-css-889587 kc_col-sm-6 kc_column kc_col-sm-6\"><div class=\"store-text-box kc-col-container\"><div class=\"kc-elm kc-css-136220 kc_shortcode kc_single_image\">\n\n        <img src=\"https:\/\/shaub-fischer.com\/pt\/wp-content\/uploads\/oculos_progressivos.jpg\" class=\"\" alt=\"\" \/>    <\/div>\n<\/div><\/div><div class=\"kc-elm kc-css-813101 kc_col-sm-6 kc_column kc_col-sm-6\"><div class=\"store-text-box kc-col-container\">\n<div class=\"kc-elm kc-css-827034 kc-title-wrap \">\n\n\t<h1 class=\"kc_title\">Dispon\u00edveis na nossa loja f\u00edsica.<\/h1>\n<\/div>\n<div class=\"kc-elm kc-css-921456 kc_text_block\"><\/p>\n<p>Precisa de \u00f3culos com lentes progressivas? Estamos aqui para ajudar. Visite a nossa loja em Lisboa e a nossa equipa especializada far\u00e1 uma avalia\u00e7\u00e3o da sua vis\u00e3o e um aconselhamento adaptado ao seu caso.<\/p>\n<p>Uma vez que a produ\u00e7\u00e3o de \u00f3culos progressivos implica alguma complexidade, de momento apenas os disponibilizamos na nossa loja f\u00edsica.<\/p>\n<p>Agende um exame gratuito \u00e0 sua vis\u00e3o e venha escolher os seus \u00f3culos progressivos.<\/p>\n<p>\n<\/div>\n<div class=\"kc-elm kc-css-100056\">\n\t<a class=\"kc_button button book-button\" href=\"https:\/\/shaub-fischer.com\/pt\/consulta-de-optometria\/\" target=\"_self\" title=\"Marcar consulta de optometria\" onclick=\"\">\n\t\tMarcar visita\t<\/a>\n<\/div>\n<\/div><\/div><\/div><\/div><\/section><section class=\"kc-elm kc-css-324625 kc_row\"><div class=\"kc-row-container  kc-container\"><div class=\"kc-wrap-columns\"><div class=\"kc-elm kc-css-782860 kc_col-sm-6 kc_column kc_col-sm-6\"><div class=\"store-text-box kc-col-container\"><div class=\"kc-elm kc-css-293913 kc_shortcode kc_single_image\">\n\n        <img src=\"https:\/\/shaub-fischer.com\/pt\/wp-content\/uploads\/progressive-lens.jpg\" class=\"\" alt=\"\" \/>    <\/div>\n<\/div><\/div><div class=\"kc-elm kc-css-840722 kc_col-sm-6 kc_column kc_col-sm-6\"><div class=\"store-text-box kc-col-container\">\n<div class=\"kc-elm kc-css-499435 kc-title-wrap \">\n\n\t<h1 class=\"kc_title\">Lentes progressivas. Como funcionam?<\/h1>\n<\/div>\n<div class=\"kc-elm kc-css-246399 kc_text_block\"><\/p>\n<p>As lentes progressivas ou varifocais s\u00e3o lentes com v\u00e1rias gradua\u00e7\u00f5es integradas na sua superf\u00edcie, permitindo uma vis\u00e3o clara tanto ao perto quanto ao longe, num \u00fanico par de \u00f3culos.<\/p>\n<p>A parte superior da lente \u00e9 feita para ver ao longe, a parte inferior para ver ao perto, para que consiga ver claramente a paisagem e ler um livro, sem ter de trocar de \u00f3culos.<\/p>\n<p>A parte central da lente permite ver as coisas a uma dist\u00e2ncia intermedi\u00e1ria, por exemplo, um ecr\u00e3 de computador ou o painel do carro.<\/p>\n<p>A orienta\u00e7\u00e3o do olhar, normalmente associada a uma ligeira inclina\u00e7\u00e3o da cabe\u00e7a, permite mudar o foco para as diferentes zonas da lente sem dificuldade.<\/p>\n<p>\n<\/div><\/div><\/div><\/div><\/div><\/section><section class=\"kc-elm kc-css-649932 kc_row\"><div class=\"kc-row-container  kc-container\"><div class=\"kc-wrap-columns\"><div class=\"kc-elm kc-css-703082 kc_col-sm-6 kc_column kc_col-sm-6\"><div class=\"store-text-box kc-col-container\">\n<div class=\"kc-elm kc-css-887228 kc-title-wrap \">\n\n\t<h1 class=\"kc_title\">Lentes progressivas. Como funcionam?<\/h1>\n<\/div>\n<div class=\"kc-elm kc-css-535227 kc_text_block\"><\/p>\n<p>As lentes progressivas ou varifocais s\u00e3o lentes com v\u00e1rias gradua\u00e7\u00f5es integradas na sua superf\u00edcie, permitindo uma vis\u00e3o clara tanto ao perto quanto ao longe, num \u00fanico par de \u00f3culos.<\/p>\n<p>A parte superior da lente \u00e9 feita para ver ao longe, a parte inferior para ver ao perto, para que consiga ver claramente a paisagem e ler um livro, sem ter de trocar de \u00f3culos.<\/p>\n<p>A parte central da lente permite ver as coisas a uma dist\u00e2ncia intermedi\u00e1ria, por exemplo, um ecr\u00e3 de computador ou o painel do carro.<\/p>\n<p>A orienta\u00e7\u00e3o do olhar, normalmente associada a uma ligeira inclina\u00e7\u00e3o da cabe\u00e7a, permite mudar o foco para as diferentes zonas da lente sem dificuldade.<\/p>\n<p>\n<\/div><\/div><\/div><div class=\"kc-elm kc-css-719781 kc_col-sm-6 kc_column kc_col-sm-6\"><div class=\"store-text-box kc-col-container\"><div class=\"kc-elm kc-css-400520 kc_shortcode kc_single_image\">\n\n        <img src=\"https:\/\/shaub-fischer.com\/pt\/wp-content\/uploads\/progressive-lens.jpg\" class=\"\" alt=\"\" \/>    <\/div>\n<\/div><\/div><\/div><\/div><\/section><section class=\"kc-elm kc-css-18468 kc_row\"><div class=\"kc-row-container  kc-container\"><div class=\"kc-wrap-columns\"><div class=\"kc-elm kc-css-607224 kc_col-sm-12 kc_column kc_col-sm-12\"><div class=\"kc-col-container\">\n<div class=\"kc-elm kc-css-731086 kc-title-wrap \">\n\n\t<h3 class=\"kc_title title_style_1\">Perguntas frequentes<\/h3>\n<\/div>\n<div class=\"kc-elm kc-css-398227 kc_accordion_wrapper\">\n<div class=\"kc-elm kc-css-211627 kc_accordion_section group \"><h3 class=\"kc_accordion_header ui-accordion-header\"><span class=\"ui-accordion-header-icon ui-icon\"><\/span><a href=\"#qual-e-o-preco-dos-oculos-progressivos\" data-prevent=\"scroll\"><i class=\"\"><\/i> Qual \u00e9 o pre\u00e7o dos \u00f3culos progressivos?<\/a><\/h3><div class=\"kc_accordion_content ui-accordion-content kc_clearfix\"><div class=\"kc-panel-body\"><div class=\"kc-elm kc-css-282240 kc_text_block\"><\/p>\n<p>O pre\u00e7o dos nossos \u00f3culos progressivos \u00e9 de 289\u20ac j\u00e1 com a arma\u00e7\u00e3o inclu\u00edda.<\/p>\n<p>\n<\/div><\/div><\/div><\/div><div class=\"kc-elm kc-css-18174 kc_accordion_section group \"><h3 class=\"kc_accordion_header ui-accordion-header\"><span class=\"ui-accordion-header-icon ui-icon\"><\/span><a href=\"#que-tipo-de-lentes-utilizam\" data-prevent=\"scroll\"><i class=\"\"><\/i> Que tipo de lentes utilizam?<\/a><\/h3><div class=\"kc_accordion_content ui-accordion-content kc_clearfix\"><div class=\"kc-panel-body\"><div class=\"kc-elm kc-css-793015 kc_text_block\"><\/p>\n<p>As nossas lentes progressivas utilizam tecnologia freeform.<\/p>\n<p>Este tipo de lentes progressivas oferece mais precis\u00e3o que as lentes progressivas convencionais e s\u00e3o fabricadas tendo em aten\u00e7\u00e3o a arma\u00e7\u00e3o escolhida, assim como os dados da sua prescri\u00e7\u00e3o optom\u00e9trica individual, dist\u00e2ncia pupilar, largura do corredor de progress\u00e3o e altura pupilar.<\/p>\n<p>O pre\u00e7o base dos nossos \u00f3culos progressivos j\u00e1 inclui lentes finas, fabricadas num pol\u00edmero de \u00edndice de refra\u00e7\u00e3o 1.61, 15 a 20% mais fino e mais leve do que o pl\u00e1stico comum.<\/p>\n<p>Todas as nossas lentes incluem ainda uma s\u00e9rie de revestimentos \u00f3pticos aplicados \u00e0 sua superf\u00edcie que lhes conferem: efeito anti-reflexo e anti-brilho, resist\u00eancia a arranh\u00f5es, prote\u00e7\u00e3o eletromagn\u00e9tica, prote\u00e7\u00e3o UV e efeito hidrof\u00f3bico anti-manchas.<\/p>\n<p>\n<\/div><\/div><\/div><\/div><div class=\"kc-elm kc-css-529630 kc_accordion_section group \"><h3 class=\"kc_accordion_header ui-accordion-header\"><span class=\"ui-accordion-header-icon ui-icon\"><\/span><a href=\"#vendem-oculos-progressivos-online\" data-prevent=\"scroll\"><i class=\"\"><\/i> Vendem \u00f3culos progressivos online?<\/a><\/h3><div class=\"kc_accordion_content ui-accordion-content kc_clearfix\"><div class=\"kc-panel-body\"><div class=\"kc-elm kc-css-638463 kc_text_block\"><\/p>\n<p>De momento apenas vendemos \u00f3culos progressivos na nossa loja f\u00edsica em Lisboa.<\/p>\n<p>\n<\/div><\/div><\/div><\/div><div class=\"kc-elm kc-css-941020 kc_accordion_section group \"><h3 class=\"kc_accordion_header ui-accordion-header\"><span class=\"ui-accordion-header-icon ui-icon\"><\/span><a href=\"#quais-as-vantagens-das-lentes-progressivas\" data-prevent=\"scroll\"><i class=\"\"><\/i> Quais as vantagens das lentes progressivas?<\/a><\/h3><div class=\"kc_accordion_content ui-accordion-content kc_clearfix\"><div class=\"kc-panel-body\"><div class=\"kc-elm kc-css-700747 kc_text_block\"><\/p>\n<p>Se sofre de presbiopia (vista cansada) e precisa de diferentes gradua\u00e7\u00f5es ao perto e ao longe, com apenas um par de \u00f3culos progressivos consegue uma vis\u00e3o clara a todas as dist\u00e2ncias.<\/p>\n<p>\n<\/div><\/div><\/div><\/div><div class=\"kc-elm kc-css-552846 kc_accordion_section group \"><h3 class=\"kc_accordion_header ui-accordion-header\"><span class=\"ui-accordion-header-icon ui-icon\"><\/span><a href=\"#a-adaptacao-as-lentes-progressivas-e-facil\" data-prevent=\"scroll\"><i class=\"\"><\/i> A adapta\u00e7\u00e3o \u00e0s lentes progressivas \u00e9 f\u00e1cil?<\/a><\/h3><div class=\"kc_accordion_content ui-accordion-content kc_clearfix\"><div class=\"kc-panel-body\"><div class=\"kc-elm kc-css-812202 kc_text_block\"><\/p>\n<p>Aprender como alternar entre as zonas \u00f3pticas da lente acontece naturalmente, mas pode levar algum tempo para seu c\u00e9rebro se adaptar. No in\u00edcio, sobretudo se nunca usou lentes progressivas, \u00e9 normal que note alguma estranheza ao colocar os seus \u00f3culos, mas dentro de poucos dias ir\u00e1 sentir-se totalmente confort\u00e1vel. H\u00e1 um pequeno n\u00famero de pessoas, contudo, que acaba por n\u00e3o se adaptar totalmente ao uso deste tipo de lente pelo que, nesses casos, se ter\u00e1 de optar por outra solu\u00e7\u00e3o.<\/p>\n<p>\n<\/div><\/div><\/div><\/div><\/div>\n<\/div><\/div><\/div><\/div><\/section><\/p>\n","protected":false},"excerpt":{"rendered":"","protected":false},"author":1,"featured_media":0,"parent":0,"menu_order":0,"comment_status":"closed","ping_status":"closed","template":"","meta":[],"_links":{"self":[{"href":"https:\/\/shaub-fischer.com\/pt\/wp-json\/wp\/v2\/pages\/8681"}],"collection":[{"href":"https:\/\/shaub-fischer.com\/pt\/wp-json\/wp\/v2\/pages"}],"about":[{"href":"https:\/\/shaub-fischer.com\/pt\/wp-json\/wp\/v2\/types\/page"}],"author":[{"embeddable":true,"href":"https:\/\/shaub-fischer.com\/pt\/wp-json\/wp\/v2\/users\/1"}],"replies":[{"embeddable":true,"href":"https:\/\/shaub-fischer.com\/pt\/wp-json\/wp\/v2\/comments?post=8681"}],"version-history":[{"count":32,"href":"https:\/\/shaub-fischer.com\/pt\/wp-json\/wp\/v2\/pages\/8681\/revisions"}],"predecessor-version":[{"id":12616,"href":"https:\/\/shaub-fischer.com\/pt\/wp-json\/wp\/v2\/pages\/8681\/revisions\/12616"}],"wp:attachment":[{"href":"https:\/\/shaub-fischer.com\/pt\/wp-json\/wp\/v2\/media?parent=8681"}],"curies":[{"name":"wp","href":"https:\/\/api.w.org\/{rel}","templated":true}]}}