{"id":18130,"date":"2025-11-21T19:36:22","date_gmt":"2025-11-21T18:36:22","guid":{"rendered":"https:\/\/shaub-fischer.com\/pt\/?post_type=product&#038;p=18130"},"modified":"2025-11-24T17:46:19","modified_gmt":"2025-11-24T16:46:19","slug":"kenji-women","status":"publish","type":"product","link":"https:\/\/shaub-fischer.com\/pt\/product\/kenji-women\/","title":{"rendered":"Kenji"},"content":{"rendered":"<p><section class=\"kc-elm kc-css-501458 kc_row\"><div class=\"kc-row-container  kc-container\"><div class=\"kc-wrap-columns\"><div class=\"kc-elm kc-css-805736 kc_col-sm-12 kc_column kc_col-sm-12\"><div class=\"kc-col-container\">\n<div class=\"kc-elm kc-css-184901 kc-title-wrap \">\n\n\t<h2 class=\"kc_title\">Geometria com atitude.<\/h2>\n<\/div>\n<div class=\"kc-elm kc-css-319171 kc_text_block\"><\/p>\n<p>A arma\u00e7\u00e3o Kenji aposta numa forma hexagonal pequena e precisa. Um par de \u00f3culos que n\u00e3o precisa de muito para se fazer notar.<\/p>\n<p>\n<\/div><\/div><\/div><\/div><\/div><\/section><section class=\"kc-elm kc-css-435421 kc_row\"><div class=\"kc-row-container  kc-container\"><div class=\"kc-wrap-columns\"><div class=\"kc-elm kc-css-782182 kc_col-sm-12 kc_column kc_col-sm-12\"><div class=\"kc-col-container\">\n<div class=\"kc-elm kc-css-809741 kc-title-wrap \">\n\n\t<h2 class=\"kc_title\">Geometria com atitude.<\/h2>\n<\/div>\n<div class=\"kc-elm kc-css-775534 kc_text_block\"><\/p>\n<p>A arma\u00e7\u00e3o Kenji aposta numa forma hexagonal pequena e precisa. Um par de \u00f3culos que n\u00e3o precisa de muito para se fazer notar.<\/p>\n<p>\n<\/div><\/div><\/div><\/div><\/div><\/section><section class=\"kc-elm kc-css-698351 kc_row\"><div class=\"kc-row-container  kc-container\"><div class=\"kc-wrap-columns\"><div class=\"kc-elm kc-css-656751 kc_col-sm-6 kc_column kc_col-sm-6\"><div class=\"kc-col-container\"><div class=\"kc-elm kc-css-693223 kc-icon-wrapper\">\n\t\t<i class=\"pe-7s-leaf\"><\/i>\n\t<\/div>\n\n<div class=\"kc-elm kc-css-30942 kc-title-wrap \">\n\n\t<h2 class=\"kc_title\">Acetato de celulose ecol\u00f3gico.<\/h2>\n<\/div>\n<div class=\"kc-elm kc-css-68527 kc_text_block\"><\/p>\n<p>\nAs nossas arma\u00e7\u00f5es s\u00e3o feitas \u00e0 m\u00e3o a partir de acetato de celulose, um material natural e renov\u00e1vel feito de algod\u00e3o e polpa de madeira. O acetato \u00e9 uma alternativa ecol\u00f3gica aos pl\u00e1sticos \u00e0 base de petr\u00f3leo, normalmente usados em \u00f3culos de baixo custo.<\/p>\n<p>\n<\/div><\/div><\/div><div class=\"kc-elm kc-css-524692 kc_col-sm-6 kc_column kc_col-sm-6\"><div class=\"kc-col-container\"><div class=\"kc-elm kc-css-257375 kc_shortcode kc_single_image\">\n\n        <img src=\"https:\/\/shaub-fischer.com\/pt\/wp-content\/uploads\/acetate.jpg\" class=\"\" alt=\"\" \/>    <\/div>\n<\/div><\/div><\/div><\/div><\/section><section class=\"kc-elm kc-css-997470 kc_row\"><div class=\"kc-row-container  kc-container\"><div class=\"kc-wrap-columns\"><div class=\"kc-elm kc-css-608577 kc_col-sm-6 kc_column kc_col-sm-6\"><div class=\"kc-col-container\"><div class=\"kc-elm kc-css-410188 kc_shortcode kc_single_image\">\n\n        <img src=\"https:\/\/shaub-fischer.com\/pt\/wp-content\/uploads\/acetate.jpg\" class=\"\" alt=\"\" \/>    <\/div>\n<\/div><\/div><div class=\"kc-elm kc-css-94029 kc_col-sm-6 kc_column kc_col-sm-6\"><div class=\"kc-col-container\"><div class=\"kc-elm kc-css-47581 kc-icon-wrapper\">\n\t\t<i class=\"pe-7s-leaf\"><\/i>\n\t<\/div>\n\n<div class=\"kc-elm kc-css-771580 kc-title-wrap \">\n\n\t<h2 class=\"kc_title\">Acetato de celulose ecol\u00f3gico.<\/h2>\n<\/div>\n<div class=\"kc-elm kc-css-775861 kc_text_block\"><\/p>\n<p>\nAs nossas arma\u00e7\u00f5es s\u00e3o feitas \u00e0 m\u00e3o a partir de acetato de celulose, um material natural e renov\u00e1vel feito de algod\u00e3o e polpa de madeira. O acetato \u00e9 uma alternativa ecol\u00f3gica aos pl\u00e1sticos \u00e0 base de petr\u00f3leo, normalmente usados em \u00f3culos de baixo custo.<\/p>\n<p>\n<\/div><\/div><\/div><\/div><\/div><\/section><section class=\"kc-elm kc-css-131369 kc_row\"><div class=\"kc-row-container  kc-container\"><div class=\"kc-wrap-columns\"><div class=\"kc-elm kc-css-483993 kc_col-sm-6 kc_column kc_col-sm-6\"><div class=\"kc-col-container\"><div class=\"kc-elm kc-css-936576 kc_shortcode kc_single_image\">\n\n        <img src=\"https:\/\/shaub-fischer.com\/pt\/wp-content\/uploads\/barrel-hinge-acetate_small.jpg\" class=\"\" alt=\"\" \/>    <\/div>\n<\/div><\/div><div class=\"kc-elm kc-css-775011 kc_col-sm-6 kc_column kc_col-sm-6\"><div class=\"kc-col-container\"><div class=\"kc-elm kc-css-463356 kc-icon-wrapper\">\n\t\t<i class=\"pe-7s-gym\"><\/i>\n\t<\/div>\n\n<div class=\"kc-elm kc-css-725127 kc-title-wrap \">\n\n\t<h2 class=\"kc_title\">Charneiras de barril triplo.<\/h2>\n<\/div>\n<div class=\"kc-elm kc-css-323140 kc_text_block\"><\/p>\n<p>\nEsta arma\u00e7\u00e3o \u00e9 equipada com charneiras de barril triplo que d\u00e3o ao seu par de \u00f3culos uma maior estabilidade e robustez. Este tipo de charneira em a\u00e7o inoxid\u00e1vel, com barril triplo e parafuso com revestimento, \u00e9 a solu\u00e7\u00e3o ideal para uma maior durabilidade, permitindo que os seus \u00f3culos resistam ao desgaste da utiliza\u00e7\u00e3o di\u00e1ria intensa.<\/p>\n<p>\n<\/div><\/div><\/div><\/div><\/div><\/section><section class=\"kc-elm kc-css-788803 kc_row\"><div class=\"kc-row-container  kc-container\"><div class=\"kc-wrap-columns\"><div class=\"kc-elm kc-css-677648 kc_col-sm-12 kc_column kc_col-sm-12\"><div class=\"kc-col-container\"><div class=\"lookbook owl-carousel owl-theme\">\t\n\t<img width=\"450px\" data-src=\"https:\/\/shaub-fischer.com\/pt\/wp-content\/uploads\/lookbook-kenji-caramel-women3.jpg\" sizes=\"450px\" alt=\"helmut\" class=\"owl-lazy\">\n\t\n\t<img width=\"450px\" data-src=\"https:\/\/shaub-fischer.com\/pt\/wp-content\/uploads\/lookbook-kenji-caramel-women2.jpg\" sizes=\"450px\" alt=\"helmut\" class=\"owl-lazy\">\n\t\n\t<img width=\"450px\" data-src=\"https:\/\/shaub-fischer.com\/pt\/wp-content\/uploads\/lookbook-kenji-caramel-women1.jpg\" sizes=\"450px\" alt=\"helmut\" class=\"owl-lazy\">\n\t\n\t<img width=\"450px\" data-src=\"https:\/\/shaub-fischer.com\/pt\/wp-content\/uploads\/lookbook-kenji-aqua-havana-women3.jpg\" sizes=\"450px\" alt=\"helmut\" class=\"owl-lazy\">\n\t\n\t<img width=\"450px\" data-src=\"https:\/\/shaub-fischer.com\/pt\/wp-content\/uploads\/lookbook-kenji-aqua-havana-women2.jpg\" sizes=\"450px\" alt=\"helmut\" class=\"owl-lazy\">\n\t\n\t<img width=\"450px\" data-src=\"https:\/\/shaub-fischer.com\/pt\/wp-content\/uploads\/lookbook-kenji-aqua-havana-women1.jpg\" sizes=\"450px\" alt=\"helmut\" class=\"owl-lazy\">\n\t\n\t<img width=\"450px\" data-src=\"https:\/\/shaub-fischer.com\/pt\/wp-content\/uploads\/lookbook-kenji-slate-grey-women2.jpg\" sizes=\"450px\" alt=\"helmut\" class=\"owl-lazy\">\n\t\n\t<img width=\"450px\" data-src=\"https:\/\/shaub-fischer.com\/pt\/wp-content\/uploads\/lookbook-kenji-slate-grey-women1.jpg\" sizes=\"450px\" alt=\"helmut\" class=\"owl-lazy\">\n<\/div>\n<script type=\"text\/javascript\">\n\t\n(function( $ ) {\n\t\t\n\t$(document).ready(function($) {\n\t\t$('.lookbook').owlCarousel({\n\t\t\tstagePadding: 80,\n\t\t\tlazyLoad:true,\n\t\t\tlazyLoadEager: 1,\n\t\t\tloop:true,\n\t\t\tmargin:20,\n\t\t\tnav:false,\n\t\t\tdots: false,\n\t\t\tresponsive:{\n\t\t\t\t0:{\n\t\t\t\t\titems:1\n\t\t\t\t},\n\t\t\t\t767:{\n\t\t\t\t\titems:3\n\t\t\t\t},\n\t\t\t\t991:{\n\t\t\t\t\titems:4\n\t\t\t\t}\n\t\t\t}\t\n\t\t})\n\t});\n\t\n})( jQuery );\n\t\n<\/script><\/div><\/div><\/div><\/div><\/section><section class=\"kc-elm kc-css-687436 kc_row\"><div class=\"kc-row-container  kc-container\"><div class=\"kc-wrap-columns\"><div class=\"kc-elm kc-css-512601 kc_col-sm-12 kc_column kc_col-sm-12\"><div class=\"kc-col-container\">\n<div class=\"kc-elm kc-css-323005 kc-title-wrap \">\n\n\t<h2 class=\"kc_title\">As nossas lentes.<\/h2>\n<\/div>\n<div class=\"kc-elm kc-css-983007 kc_text_block\"><\/p>\n<p>\nA sua vis\u00e3o \u00e9 a nossa prioridade, por isso, na Shaub &#038; Fischer, usamos apenas as melhores lentes dispon\u00edveis no mercado. O pre\u00e7o base de todos os nossos \u00f3culos graduados inclui lentes finas, fabricadas a partir de um pol\u00edmero de \u00edndice m\u00e9dio, 15 a 20% mais fino e mais leve que o pl\u00e1stico comum. Lentes muito finas e extra finas, at\u00e9 \u00edndice de 1.74, est\u00e3o tamb\u00e9m dispon\u00edveis.<\/p>\n<p>\n<\/div><div class=\"kc-elm kc-css-217823 kc_row kc_row_inner\"><div class=\"kc-elm kc-css-696460 kc_col-sm-4 kc_column_inner kc_col-sm-4\"><div class=\"kc_wrapper kc-col-inner-container\"><div class=\"kc-elm kc-css-24291 kc_row kc_row_inner\"><div class=\"kc-elm kc-css-200392 kc_col-sm-12 kc_column_inner kc_col-sm-12\"><div class=\"kc_wrapper kc-col-inner-container\"><div class=\"kc-elm kc-css-761573 kc-icon-wrapper\">\n\t\t<i class=\"pe-7s-graph1 sf-anti-reflection\"><\/i>\n\t<\/div>\n\n<div class=\"kc-elm kc-css-574332 kc-title-wrap \">\n\n\t<h3 class=\"kc_title\">Anti-reflexo<\/h3>\n<\/div>\n<div class=\"kc-elm kc-css-603813 kc_text_block\"><\/p>\n<p>\nUma camada anti-brilho microscopicamente fina que reduz reflexos de luz e permite uma vis\u00e3o mais n\u00edtida.<\/p>\n<p>\n<\/div><\/div><\/div><\/div><div class=\"kc-elm kc-css-684701 kc_row kc_row_inner\"><div class=\"kc-elm kc-css-491718 kc_col-sm-12 kc_column_inner kc_col-sm-12\"><div class=\"kc_wrapper kc-col-inner-container\"><div class=\"kc-elm kc-css-584298 kc-icon-wrapper\">\n\t\t<i class=\"pe-7s-shield sf-scratch-resistance\"><\/i>\n\t<\/div>\n\n<div class=\"kc-elm kc-css-17280 kc-title-wrap \">\n\n\t<h3 class=\"kc_title\">Resistente aos riscos<\/h3>\n<\/div>\n<div class=\"kc-elm kc-css-822846 kc_text_block\"><\/p>\n<p>\nUm revestimento r\u00edgido transparente, resistente a riscos em ambos os lados da lente para maior prote\u00e7\u00e3o e durabilidade.<\/p>\n<p>\n<\/div><\/div><\/div><\/div><div class=\"kc-elm kc-css-657825 kc_row kc_row_inner\"><div class=\"kc-elm kc-css-533016 kc_col-sm-12 kc_column_inner kc_col-sm-12\"><div class=\"kc_wrapper kc-col-inner-container\"><div class=\"kc-elm kc-css-360452 kc-icon-wrapper\">\n\t\t<i class=\"fa-shield-alt sf-emi\"><\/i>\n\t<\/div>\n\n<div class=\"kc-elm kc-css-553175 kc-title-wrap \">\n\n\t<h3 class=\"kc_title\">Escudo Electromagn\u00e9tico<\/h3>\n<\/div>\n<div class=\"kc-elm kc-css-935403 kc_text_block\"><\/p>\n<p>\nUm revestimento EMI (Electromagnetic interference) anti-est\u00e1tico, desenhado para proteger os seus olhos de poss\u00edveis danos de ondas eletromagn\u00e9ticas.<\/p>\n<p>\n<\/div><\/div><\/div><\/div><\/div><\/div><div class=\"kc-elm kc-css-539934 kc_col-sm-4 kc_column_inner kc_col-sm-4\"><div class=\"kc_wrapper kc-col-inner-container\">\t<div class=\"lens-scheme\">\n\t\t<img src=\"https:\/\/shaub-fischer.com\/pt\/wp-content\/uploads\/lens_scheme_material-1.png\" alt=\"optical lens coating\" class=\"scheme-lens1\">\n\t\t<img src=\"https:\/\/shaub-fischer.com\/pt\/wp-content\/uploads\/lens_scheme_hardcoat-1.png\" alt=\"optical lens coating\" class=\"scheme-lens2\">\t\n\t\t<img src=\"https:\/\/shaub-fischer.com\/pt\/wp-content\/uploads\/lens_scheme_ar.png\" alt=\"optical lens coating\" class=\"scheme-lens3\">\n\t\t<img src=\"https:\/\/shaub-fischer.com\/pt\/wp-content\/uploads\/lens_scheme_emi.png\" alt=\"optical lens coating\" class=\"scheme-lens4\">\n\t\t<img src=\"https:\/\/shaub-fischer.com\/pt\/wp-content\/uploads\/lens_scheme_uv.png\" alt=\"optical lens coating\" class=\"scheme-lens5\">\n\t\t<img src=\"https:\/\/shaub-fischer.com\/pt\/wp-content\/uploads\/lens_scheme_hydrophobic.png\" alt=\"optical lens coating\" class=\"scheme-lens6\">\n\t<\/div>\n\n\n<script type=\"text\/javascript\">\n\t\n(function( $ ) {\n\tfunction check_if_in_view() {\n\t\tvar window_height = $(window).height();\n\t\tvar window_top_position = $(window).scrollTop();\n\t\tvar window_bottom_position = (window_top_position + window_height);\n\t\tvar lens_scheme_top = $('.lens-scheme').offset().top;\n\t\tvar lens_scheme_height = $('.lens-scheme').outerHeight();\n\t\tvar lens_scheme_bottom = (lens_scheme_top + lens_scheme_height);\n\t\t\n\t\t\/*console.log(window_bottom_position);*\/\n\t\t\n\t\tif (window_bottom_position > (lens_scheme_bottom - 100)){\n\t\t\t$( \".scheme-lens6\" ).animate({\n\t\t\t\ttop: \"5%\"\n\t\t\t  }, 1000);\n\t\t\t$( \".scheme-lens5\" ).animate({\n\t\t\t\ttop: \"16%\"\n\t\t\t  }, 1000);\n\t\t\t$( \".scheme-lens4\" ).animate({\n\t\t\t\ttop: \"27%\"\n\t\t\t  }, 1000);\n\t\t\t$( \".scheme-lens3\" ).animate({\n\t\t\t\ttop: \"38%\"\n\t\t\t  }, 1000);\n\t\t\t$( \".scheme-lens2\" ).animate({\n\t\t\t\ttop: \"49%\"\n\t\t\t  }, 1000);\n\t\t\t$( \".scheme-lens1\" ).animate({\n\t\t\t\ttop: \"60%\"\n\t\t\t  }, 1000);\n\t\t\t$(window).off('scroll resize', check_if_in_view);\n\t\t}\n\t}\n\t\n\t$(document).ready(function($) {\n\t\t$(window).on('scroll resize', check_if_in_view);\n\t\t$(window).trigger('scroll');\n\t});\n})( jQuery );\n\t\n<\/script>\n<\/div><\/div><div class=\"kc-elm kc-css-310197 kc_col-sm-4 kc_column_inner kc_col-sm-4\"><div class=\"kc_wrapper kc-col-inner-container\"><div class=\"kc-elm kc-css-546505 kc_row kc_row_inner\"><div class=\"kc-elm kc-css-893741 kc_col-sm-12 kc_column_inner kc_col-sm-12\"><div class=\"kc_wrapper kc-col-inner-container\"><div class=\"kc-elm kc-css-926489 kc-icon-wrapper\">\n\t\t<i class=\"pe-7s-sun sf-uv2\"><\/i>\n\t<\/div>\n\n<div class=\"kc-elm kc-css-594934 kc-title-wrap \">\n\n\t<h3 class=\"kc_title\">Prote\u00e7\u00e3o UV<\/h3>\n<\/div>\n<div class=\"kc-elm kc-css-893277 kc_text_block\"><\/p>\n<p>\nAssim como o protector solar evita que os raios ultravioletas do sol danifiquem a sua pele, o revestimento UV reduz a sua exposi\u00e7\u00e3o visual aos raios UV.<\/p>\n<p>\n<\/div><\/div><\/div><\/div><div class=\"kc-elm kc-css-618951 kc_row kc_row_inner\"><div class=\"kc-elm kc-css-971981 kc_col-sm-12 kc_column_inner kc_col-sm-12\"><div class=\"kc_wrapper kc-col-inner-container\"><div class=\"kc-elm kc-css-591391 kc-icon-wrapper\">\n\t\t<i class=\"pe-7s-drop sf-hidrophobic\"><\/i>\n\t<\/div>\n\n<div class=\"kc-elm kc-css-794183 kc-title-wrap \">\n\n\t<h3 class=\"kc_title\">Hidrof\u00f3bico<\/h3>\n<\/div>\n<div class=\"kc-elm kc-css-918210 kc_text_block\"><\/p>\n<p>\nUm revestimento transparente que repele l\u00edquidos e reduz a ades\u00e3o de sujidade, manchas e \u00e1gua, facilitando a limpeza da lente.<\/p>\n<p>\n<\/div><\/div><\/div><\/div><div class=\"kc-elm kc-css-620261 kc_row kc_row_inner\"><div class=\"kc-elm kc-css-229101 kc_col-sm-12 kc_column_inner kc_col-sm-12\"><div class=\"kc_wrapper kc-col-inner-container\"><div class=\"kc-elm kc-css-91639 kc-icon-wrapper\">\n\t\t<i class=\"pe-7s-medal sf-iso\"><\/i>\n\t<\/div>\n\n<div class=\"kc-elm kc-css-757126 kc-title-wrap \">\n\n\t<h3 class=\"kc_title\">Controlo de Qualidade<\/h3>\n<\/div>\n<div class=\"kc-elm kc-css-509528 kc_text_block\"><\/p>\n<p>\nCertifica\u00e7\u00e3o ISO 9001:2015 e CE, para conformidade com os padr\u00f5es internacionais de sa\u00fade, seguran\u00e7a e prote\u00e7\u00e3o ambiental.<\/p>\n<p>\n<\/div><\/div><\/div><\/div><\/div><\/div><\/div><\/div><\/div><\/div><\/div><\/section><section class=\"kc-elm kc-css-310522 kc_row\"><div class=\"kc-row-container  kc-container\"><div class=\"kc-wrap-columns\"><div class=\"kc-elm kc-css-906427 kc_col-sm-4 kc_column kc_col-sm-4\"><div class=\"kc-col-container\">\n<div class=\"kc-elm kc-css-493803 kc-title-wrap \">\n\n\t<h3 class=\"kc_title\">Detalhes<\/h3>\n<\/div>\n<div class=\"kc-elm kc-css-109679 kc-raw-code\"><ul>\r\n\r\n<li>Lentes graduadas inclu\u00eddas<\/li>\r\n<li>Fabricado \u00e0 m\u00e3o em acetato de celulose<\/li>\r\n<li>Charneiras de barril triplo<\/li>\r\n<li>Estojo e pano inclu\u00eddos<\/li>\r\n\r\n<\/ul>\r\n\r\n<p class=\"details\">Tamanho: <span class=\"details-features\">Pequeno<\/span><\/p>\r\n<p class=\"details\">Dimens\u00f5es: <span class=\"details-features\">44-22-142<\/span><\/p>\r\n<p class=\"details\">Peso: <span class=\"details-features\">20g<\/span><\/p><\/div><\/div><\/div><div class=\"kc-elm kc-css-899837 kc_col-sm-8 kc_column kc_col-sm-8\"><div class=\"kc-col-container\">\n<div class=\"kc-elm kc-css-206102 kc-title-wrap \">\n\n\t<h3 class=\"kc_title\">Medidas<\/h3>\n<\/div>\n<div class=\"kc-elm kc-css-690627 kc_row kc_row_inner\"><div class=\"kc-elm kc-css-99817 kc_col-sm-6 kc_column_inner kc_col-sm-6\"><div class=\"kc_wrapper kc-col-inner-container\"><div class=\"kc-elm kc-css-460650 kc_text_block\"><\/p>\n<p>\n132mm<\/p>\n<p>\n<\/div><div class=\"kc-elm kc-css-611002 kc_shortcode kc_single_image\">\n\n        <img src=\"https:\/\/shaub-fischer.com\/pt\/wp-content\/uploads\/stuart-front.png\" class=\"\" alt=\"\" \/>    <\/div>\n<div class=\"kc-elm kc-css-592393 kc_row kc_row_inner\"><div class=\"kc-elm kc-css-326042 kc_col-sm-12 kc_column_inner kc_col-sm-12 measurements-bottom\"><div class=\"kc_wrapper kc-col-inner-container\"><div class=\"kc-elm kc-css-42393 kc_text_block measurements-lenswidth\"><\/p>\n<p>\n44mm<\/p>\n<p>\n<\/div><div class=\"kc-elm kc-css-252789 kc_text_block measurements-bridge\"><\/p>\n<p>\n22mm<\/p>\n<p>\n<\/div><\/div><\/div><\/div><div class=\"kc-elm kc-css-607397 kc_text_block measurements-frameheight\"><\/p>\n<p>\n42mm<\/p>\n<p>\n<\/div><\/div><\/div><div class=\"kc-elm kc-css-502252 kc_col-sm-6 kc_column_inner kc_col-sm-6\"><div class=\"kc_wrapper kc-col-inner-container\"><div class=\"kc-elm kc-css-799434 kc_shortcode kc_single_image\">\n\n        <img src=\"https:\/\/shaub-fischer.com\/pt\/wp-content\/uploads\/stuart-side.png\" class=\"\" alt=\"\" \/>    <\/div>\n<div class=\"kc-elm kc-css-170898 kc_text_block\"><\/p>\n<p>\n142mm<\/p>\n<p>\n<\/div><\/div><\/div><\/div><\/div><\/div><\/div><\/div><\/section><section class=\"kc-elm kc-css-490710 kc_row\"><div class=\"kc-row-container  kc-container\"><div class=\"kc-wrap-columns\"><div class=\"kc-elm kc-css-866392 kc_col-sm-12 kc_column kc_col-sm-12\"><div class=\"kc-col-container\">\n<div class=\"kc-elm kc-css-775909 kc-title-wrap \">\n\n\t<h2 class=\"kc_title\">Entregas gr\u00e1tis. <br>\r\nPol\u00edtica de devolu\u00e7\u00e3o de 30 dias.<\/h2>\n<\/div>\n\n<div class=\"kc-elm kc-css-726586 kc-title-wrap \">\n\n\t<h2 class=\"kc_title\">Entregas gr\u00e1tis. Pol\u00edtica de devolu\u00e7\u00e3o de 30 dias.<\/h2>\n<\/div>\n<div class=\"kc-elm kc-css-209694 kc_text_block\"><\/p>\n<p>\nA satisfa\u00e7\u00e3o dos nossos clientes significa tudo para n\u00f3s. Entregas 100% gr\u00e1tis em todo o mundo, em todos os pedidos. Se n\u00e3o estiver completamente satisfeito com seus \u00f3culos, teremos o maior prazer em aceitar uma devolu\u00e7\u00e3o em 30 dias. Sem perguntas.<\/p>\n<p>\n<\/div><\/div><\/div><\/div><\/div><\/section><\/p>\n","protected":false},"excerpt":{"rendered":"<p>A arma\u00e7\u00e3o Kenji aposta numa forma hexagonal pequena e precisa. Um par de \u00f3culos que n\u00e3o precisa de muito para se fazer notar.<\/p>\n","protected":false},"featured_media":0,"template":"","meta":[],"_links":{"self":[{"href":"https:\/\/shaub-fischer.com\/pt\/wp-json\/wp\/v2\/product\/18130"}],"collection":[{"href":"https:\/\/shaub-fischer.com\/pt\/wp-json\/wp\/v2\/product"}],"about":[{"href":"https:\/\/shaub-fischer.com\/pt\/wp-json\/wp\/v2\/types\/product"}],"wp:attachment":[{"href":"https:\/\/shaub-fischer.com\/pt\/wp-json\/wp\/v2\/media?parent=18130"}],"curies":[{"name":"wp","href":"https:\/\/api.w.org\/{rel}","templated":true}]}}