{"id":8002,"date":"2022-02-15T16:58:09","date_gmt":"2022-02-15T16:58:09","guid":{"rendered":"https:\/\/shaub-fischer.com\/pt\/?post_type=product&#038;p=8002"},"modified":"2025-08-13T11:10:36","modified_gmt":"2025-08-13T10:10:36","slug":"jasper-metal-temple","status":"publish","type":"product","link":"https:\/\/shaub-fischer.com\/pt\/product\/jasper-metal-temple\/","title":{"rendered":"Jasper Metal Temple"},"content":{"rendered":"<p><section class=\"kc-elm kc-css-59571 kc_row\"><div class=\"kc-row-container  kc-container\"><div class=\"kc-wrap-columns\"><div class=\"kc-elm kc-css-306842 kc_col-sm-12 kc_column kc_col-sm-12\"><div class=\"kc-col-container\">\n<div class=\"kc-elm kc-css-275186 kc-title-wrap \">\n\n\t<h2 class=\"kc_title\">O melhor de dois mundos.<\/h2>\n<\/div>\n<div class=\"kc-elm kc-css-73359 kc_text_block\"><\/p>\n<p>\nEst\u00e1 na hora de se fazer ouvir com a distinta arma\u00e7\u00e3o Jasper. Com as suas curvas suaves, este subtil par de \u00f3culos consegue despreocupadamente ser sempre o centro das aten\u00e7\u00f5es.<\/p>\n<p>\n<\/div><\/div><\/div><\/div><\/div><\/section><section class=\"kc-elm kc-css-733768 kc_row\"><div class=\"kc-row-container  kc-container\"><div class=\"kc-wrap-columns\"><div class=\"kc-elm kc-css-727048 kc_col-sm-12 kc_column kc_col-sm-12\"><div class=\"kc-col-container\">\n<div class=\"kc-elm kc-css-966135 kc-title-wrap \">\n\n\t<h2 class=\"kc_title\">O melhor de dois mundos.<\/h2>\n<\/div>\n<div class=\"kc-elm kc-css-284172 kc_text_block\"><\/p>\n<p>\nEst\u00e1 na hora de se fazer ouvir com a distinta arma\u00e7\u00e3o Jasper. Com as suas curvas suaves, este subtil par de \u00f3culos consegue despreocupadamente ser sempre o centro das aten\u00e7\u00f5es.<\/p>\n<p>\n<\/div><\/div><\/div><\/div><\/div><\/section><section class=\"kc-elm kc-css-969373 kc_row\"><div class=\"kc-row-container  kc-container\"><div class=\"kc-wrap-columns\"><div class=\"kc-elm kc-css-783628 kc_col-sm-6 kc_column kc_col-sm-6\"><div class=\"kc-col-container\"><div class=\"kc-elm kc-css-562325 kc-icon-wrapper\">\n\t\t<i class=\"pe-7s-leaf\"><\/i>\n\t<\/div>\n\n<div class=\"kc-elm kc-css-943270 kc-title-wrap \">\n\n\t<h2 class=\"kc_title\">Acetato de celulose ecol\u00f3gico.<\/h2>\n<\/div>\n<div class=\"kc-elm kc-css-991249 kc_text_block\"><\/p>\n<p>\nAs nossas arma\u00e7\u00f5es s\u00e3o feitas \u00e0 m\u00e3o a partir de acetato de celulose, um material natural e renov\u00e1vel feito de algod\u00e3o e polpa de madeira. O acetato \u00e9 uma alternativa ecol\u00f3gica aos pl\u00e1sticos \u00e0 base de petr\u00f3leo, normalmente usados em \u00f3culos de baixo custo.<\/p>\n<p>\n<\/div><\/div><\/div><div class=\"kc-elm kc-css-864075 kc_col-sm-6 kc_column kc_col-sm-6\"><div class=\"kc-col-container\"><div class=\"kc-elm kc-css-564176 kc_shortcode kc_single_image\">\n\n        <img src=\"https:\/\/shaub-fischer.com\/pt\/wp-content\/uploads\/acetate.jpg\" class=\"\" alt=\"\" \/>    <\/div>\n<\/div><\/div><\/div><\/div><\/section><section class=\"kc-elm kc-css-294786 kc_row\"><div class=\"kc-row-container  kc-container\"><div class=\"kc-wrap-columns\"><div class=\"kc-elm kc-css-364077 kc_col-sm-6 kc_column kc_col-sm-6\"><div class=\"kc-col-container\"><div class=\"kc-elm kc-css-79723 kc_shortcode kc_single_image\">\n\n        <img src=\"https:\/\/shaub-fischer.com\/pt\/wp-content\/uploads\/acetate.jpg\" class=\"\" alt=\"\" \/>    <\/div>\n<\/div><\/div><div class=\"kc-elm kc-css-46526 kc_col-sm-6 kc_column kc_col-sm-6\"><div class=\"kc-col-container\"><div class=\"kc-elm kc-css-780690 kc-icon-wrapper\">\n\t\t<i class=\"pe-7s-leaf\"><\/i>\n\t<\/div>\n\n<div class=\"kc-elm kc-css-555125 kc-title-wrap \">\n\n\t<h2 class=\"kc_title\">Acetato de celulose ecol\u00f3gico.<\/h2>\n<\/div>\n<div class=\"kc-elm kc-css-853181 kc_text_block\"><\/p>\n<p>\nAs nossas arma\u00e7\u00f5es s\u00e3o feitas \u00e0 m\u00e3o a partir de acetato de celulose, um material natural e renov\u00e1vel feito de algod\u00e3o e polpa de madeira. O acetato \u00e9 uma alternativa ecol\u00f3gica aos pl\u00e1sticos \u00e0 base de petr\u00f3leo, normalmente usados em \u00f3culos de baixo custo.<\/p>\n<p>\n<\/div><\/div><\/div><\/div><\/div><\/section><section class=\"kc-elm kc-css-578427 kc_row\"><div class=\"kc-row-container  kc-container\"><div class=\"kc-wrap-columns\"><div class=\"kc-elm kc-css-259010 kc_col-sm-6 kc_column kc_col-sm-6\"><div class=\"kc-col-container\"><div class=\"kc-elm kc-css-19559 kc_shortcode kc_single_image\">\n\n        <img src=\"https:\/\/shaub-fischer.com\/pt\/wp-content\/uploads\/barrel-hinge-acetate_small.jpg\" class=\"\" alt=\"\" \/>    <\/div>\n<\/div><\/div><div class=\"kc-elm kc-css-56756 kc_col-sm-6 kc_column kc_col-sm-6\"><div class=\"kc-col-container\"><div class=\"kc-elm kc-css-180868 kc-icon-wrapper\">\n\t\t<i class=\"pe-7s-gym\"><\/i>\n\t<\/div>\n\n<div class=\"kc-elm kc-css-286543 kc-title-wrap \">\n\n\t<h2 class=\"kc_title\">Charneiras de barril triplo.<\/h2>\n<\/div>\n<div class=\"kc-elm kc-css-149010 kc_text_block\"><\/p>\n<p>\nEsta arma\u00e7\u00e3o \u00e9 equipada com charneiras de barril triplo que d\u00e3o ao seu par de \u00f3culos uma maior estabilidade e robustez. Este tipo de charneira em a\u00e7o inoxid\u00e1vel, com barril triplo e parafuso com revestimento, \u00e9 a solu\u00e7\u00e3o ideal para uma maior durabilidade, permitindo que os seus \u00f3culos resistam ao desgaste da utiliza\u00e7\u00e3o di\u00e1ria intensa.<\/p>\n<p>\n<\/div><\/div><\/div><\/div><\/div><\/section><section class=\"kc-elm kc-css-521386 kc_row\"><div class=\"kc-row-container  kc-container\"><div class=\"kc-wrap-columns\"><div class=\"kc-elm kc-css-973940 kc_col-sm-12 kc_column kc_col-sm-12\"><div class=\"kc-col-container\"><div class=\"lookbook owl-carousel owl-theme\">\t\n\t<img width=\"450px\" data-src=\"https:\/\/shaub-fischer.com\/pt\/wp-content\/uploads\/lookbook-jasper-metal-temple-black-men1.jpg\" sizes=\"450px\" alt=\"helmut\" class=\"owl-lazy\">\n\t\n\t<img width=\"450px\" data-src=\"https:\/\/shaub-fischer.com\/pt\/wp-content\/uploads\/lookbook-jasper-metal-temple-black-men2.jpg\" sizes=\"450px\" alt=\"helmut\" class=\"owl-lazy\">\n\t\n\t<img width=\"450px\" data-src=\"https:\/\/shaub-fischer.com\/pt\/wp-content\/uploads\/lookbook-jasper-metal-temple-black-men3.jpg\" sizes=\"450px\" alt=\"helmut\" class=\"owl-lazy\">\n\t\n\t<img width=\"450px\" data-src=\"https:\/\/shaub-fischer.com\/pt\/wp-content\/uploads\/lookbook-jasper-metal-temple-dark-walnut-men1.jpg\" sizes=\"450px\" alt=\"helmut\" class=\"owl-lazy\">\n\t\n\t<img width=\"450px\" data-src=\"https:\/\/shaub-fischer.com\/pt\/wp-content\/uploads\/lookbook-jasper-metal-temple-dark-walnut-men2.jpg\" sizes=\"450px\" alt=\"helmut\" class=\"owl-lazy\">\n\t\n\t<img width=\"450px\" data-src=\"https:\/\/shaub-fischer.com\/pt\/wp-content\/uploads\/lookbook-jasper-metal-temple-dark-walnut-men3.jpg\" sizes=\"450px\" alt=\"helmut\" class=\"owl-lazy\">\n\t\n\t<img width=\"450px\" data-src=\"https:\/\/shaub-fischer.com\/pt\/wp-content\/uploads\/lookbook-jasper-metal-temple-grey-crystal-men2.jpg\" sizes=\"450px\" alt=\"helmut\" class=\"owl-lazy\">\n\t\n\t<img width=\"450px\" data-src=\"https:\/\/shaub-fischer.com\/pt\/wp-content\/uploads\/lookbook-jasper-metal-temple-grey-crystal-men3.jpg\" sizes=\"450px\" alt=\"helmut\" class=\"owl-lazy\">\n\t\n\t<img width=\"450px\" data-src=\"https:\/\/shaub-fischer.com\/pt\/wp-content\/uploads\/lookbook-jasper-metal-temple-grey-crystal-men4.jpg\" sizes=\"450px\" alt=\"helmut\" class=\"owl-lazy\">\n<\/div>\n<script type=\"text\/javascript\">\n\t\n(function( $ ) {\n\t\t\n\t$(document).ready(function($) {\n\t\t$('.lookbook').owlCarousel({\n\t\t\tstagePadding: 80,\n\t\t\tlazyLoad:true,\n\t\t\tlazyLoadEager: 1,\n\t\t\tloop:true,\n\t\t\tmargin:20,\n\t\t\tnav:false,\n\t\t\tdots: false,\n\t\t\tresponsive:{\n\t\t\t\t0:{\n\t\t\t\t\titems:1\n\t\t\t\t},\n\t\t\t\t767:{\n\t\t\t\t\titems:3\n\t\t\t\t},\n\t\t\t\t991:{\n\t\t\t\t\titems:4\n\t\t\t\t}\n\t\t\t}\t\n\t\t})\n\t});\n\t\n})( jQuery );\n\t\n<\/script><\/div><\/div><\/div><\/div><\/section><section class=\"kc-elm kc-css-325052 kc_row\"><div class=\"kc-row-container  kc-container\"><div class=\"kc-wrap-columns\"><div class=\"kc-elm kc-css-847779 kc_col-sm-12 kc_column kc_col-sm-12\"><div class=\"kc-col-container\">\n<div class=\"kc-elm kc-css-675185 kc-title-wrap \">\n\n\t<h2 class=\"kc_title\">As nossas lentes.<\/h2>\n<\/div>\n<div class=\"kc-elm kc-css-399742 kc_text_block\"><\/p>\n<p>\nA sua vis\u00e3o \u00e9 a nossa prioridade, por isso, na Shaub &#038; Fischer, usamos apenas as melhores lentes dispon\u00edveis no mercado. O pre\u00e7o base de todos os nossos \u00f3culos graduados inclui lentes finas, fabricadas a partir de um pol\u00edmero de \u00edndice m\u00e9dio, 15 a 20% mais fino e mais leve que o pl\u00e1stico comum. Lentes muito finas e extra finas, at\u00e9 \u00edndice de 1.74, est\u00e3o tamb\u00e9m dispon\u00edveis.<\/p>\n<p>\n<\/div><div class=\"kc-elm kc-css-115639 kc_row kc_row_inner\"><div class=\"kc-elm kc-css-239416 kc_col-sm-4 kc_column_inner kc_col-sm-4\"><div class=\"kc_wrapper kc-col-inner-container\"><div class=\"kc-elm kc-css-983278 kc_row kc_row_inner\"><div class=\"kc-elm kc-css-333817 kc_col-sm-12 kc_column_inner kc_col-sm-12\"><div class=\"kc_wrapper kc-col-inner-container\"><div class=\"kc-elm kc-css-715213 kc-icon-wrapper\">\n\t\t<i class=\"pe-7s-graph1 sf-anti-reflection\"><\/i>\n\t<\/div>\n\n<div class=\"kc-elm kc-css-118740 kc-title-wrap \">\n\n\t<h3 class=\"kc_title\">Anti-reflexo<\/h3>\n<\/div>\n<div class=\"kc-elm kc-css-662918 kc_text_block\"><\/p>\n<p>\nUma camada anti-brilho microscopicamente fina que reduz reflexos de luz e permite uma vis\u00e3o mais n\u00edtida.<\/p>\n<p>\n<\/div><\/div><\/div><\/div><div class=\"kc-elm kc-css-754192 kc_row kc_row_inner\"><div class=\"kc-elm kc-css-392172 kc_col-sm-12 kc_column_inner kc_col-sm-12\"><div class=\"kc_wrapper kc-col-inner-container\"><div class=\"kc-elm kc-css-508952 kc-icon-wrapper\">\n\t\t<i class=\"pe-7s-shield sf-scratch-resistance\"><\/i>\n\t<\/div>\n\n<div class=\"kc-elm kc-css-652482 kc-title-wrap \">\n\n\t<h3 class=\"kc_title\">Resistente aos riscos<\/h3>\n<\/div>\n<div class=\"kc-elm kc-css-26271 kc_text_block\"><\/p>\n<p>\nUm revestimento r\u00edgido transparente, resistente a riscos em ambos os lados da lente para maior prote\u00e7\u00e3o e durabilidade.<\/p>\n<p>\n<\/div><\/div><\/div><\/div><div class=\"kc-elm kc-css-137491 kc_row kc_row_inner\"><div class=\"kc-elm kc-css-159330 kc_col-sm-12 kc_column_inner kc_col-sm-12\"><div class=\"kc_wrapper kc-col-inner-container\"><div class=\"kc-elm kc-css-959401 kc-icon-wrapper\">\n\t\t<i class=\"fa-shield-alt sf-emi\"><\/i>\n\t<\/div>\n\n<div class=\"kc-elm kc-css-402042 kc-title-wrap \">\n\n\t<h3 class=\"kc_title\">Escudo Electromagn\u00e9tico<\/h3>\n<\/div>\n<div class=\"kc-elm kc-css-333719 kc_text_block\"><\/p>\n<p>\nUm revestimento EMI (Electromagnetic interference) anti-est\u00e1tico, desenhado para proteger os seus olhos de poss\u00edveis danos de ondas eletromagn\u00e9ticas.<\/p>\n<p>\n<\/div><\/div><\/div><\/div><\/div><\/div><div class=\"kc-elm kc-css-434004 kc_col-sm-4 kc_column_inner kc_col-sm-4\"><div class=\"kc_wrapper kc-col-inner-container\">\t<div class=\"lens-scheme\">\n\t\t<img src=\"https:\/\/shaub-fischer.com\/pt\/wp-content\/uploads\/lens_scheme_material-1.png\" alt=\"optical lens coating\" class=\"scheme-lens1\">\n\t\t<img src=\"https:\/\/shaub-fischer.com\/pt\/wp-content\/uploads\/lens_scheme_hardcoat-1.png\" alt=\"optical lens coating\" class=\"scheme-lens2\">\t\n\t\t<img src=\"https:\/\/shaub-fischer.com\/pt\/wp-content\/uploads\/lens_scheme_ar.png\" alt=\"optical lens coating\" class=\"scheme-lens3\">\n\t\t<img src=\"https:\/\/shaub-fischer.com\/pt\/wp-content\/uploads\/lens_scheme_emi.png\" alt=\"optical lens coating\" class=\"scheme-lens4\">\n\t\t<img src=\"https:\/\/shaub-fischer.com\/pt\/wp-content\/uploads\/lens_scheme_uv.png\" alt=\"optical lens coating\" class=\"scheme-lens5\">\n\t\t<img src=\"https:\/\/shaub-fischer.com\/pt\/wp-content\/uploads\/lens_scheme_hydrophobic.png\" alt=\"optical lens coating\" class=\"scheme-lens6\">\n\t<\/div>\n\n\n<script type=\"text\/javascript\">\n\t\n(function( $ ) {\n\tfunction check_if_in_view() {\n\t\tvar window_height = $(window).height();\n\t\tvar window_top_position = $(window).scrollTop();\n\t\tvar window_bottom_position = (window_top_position + window_height);\n\t\tvar lens_scheme_top = $('.lens-scheme').offset().top;\n\t\tvar lens_scheme_height = $('.lens-scheme').outerHeight();\n\t\tvar lens_scheme_bottom = (lens_scheme_top + lens_scheme_height);\n\t\t\n\t\t\/*console.log(window_bottom_position);*\/\n\t\t\n\t\tif (window_bottom_position > (lens_scheme_bottom - 100)){\n\t\t\t$( \".scheme-lens6\" ).animate({\n\t\t\t\ttop: \"5%\"\n\t\t\t  }, 1000);\n\t\t\t$( \".scheme-lens5\" ).animate({\n\t\t\t\ttop: \"16%\"\n\t\t\t  }, 1000);\n\t\t\t$( \".scheme-lens4\" ).animate({\n\t\t\t\ttop: \"27%\"\n\t\t\t  }, 1000);\n\t\t\t$( \".scheme-lens3\" ).animate({\n\t\t\t\ttop: \"38%\"\n\t\t\t  }, 1000);\n\t\t\t$( \".scheme-lens2\" ).animate({\n\t\t\t\ttop: \"49%\"\n\t\t\t  }, 1000);\n\t\t\t$( \".scheme-lens1\" ).animate({\n\t\t\t\ttop: \"60%\"\n\t\t\t  }, 1000);\n\t\t\t$(window).off('scroll resize', check_if_in_view);\n\t\t}\n\t}\n\t\n\t$(document).ready(function($) {\n\t\t$(window).on('scroll resize', check_if_in_view);\n\t\t$(window).trigger('scroll');\n\t});\n})( jQuery );\n\t\n<\/script>\n<\/div><\/div><div class=\"kc-elm kc-css-271517 kc_col-sm-4 kc_column_inner kc_col-sm-4\"><div class=\"kc_wrapper kc-col-inner-container\"><div class=\"kc-elm kc-css-473704 kc_row kc_row_inner\"><div class=\"kc-elm kc-css-851615 kc_col-sm-12 kc_column_inner kc_col-sm-12\"><div class=\"kc_wrapper kc-col-inner-container\"><div class=\"kc-elm kc-css-913944 kc-icon-wrapper\">\n\t\t<i class=\"pe-7s-sun sf-uv2\"><\/i>\n\t<\/div>\n\n<div class=\"kc-elm kc-css-630300 kc-title-wrap \">\n\n\t<h3 class=\"kc_title\">Prote\u00e7\u00e3o UV<\/h3>\n<\/div>\n<div class=\"kc-elm kc-css-513669 kc_text_block\"><\/p>\n<p>\nAssim como o protector solar evita que os raios ultravioletas do sol danifiquem a sua pele, o revestimento UV reduz a sua exposi\u00e7\u00e3o visual aos raios UV.<\/p>\n<p>\n<\/div><\/div><\/div><\/div><div class=\"kc-elm kc-css-448031 kc_row kc_row_inner\"><div class=\"kc-elm kc-css-915603 kc_col-sm-12 kc_column_inner kc_col-sm-12\"><div class=\"kc_wrapper kc-col-inner-container\"><div class=\"kc-elm kc-css-178794 kc-icon-wrapper\">\n\t\t<i class=\"pe-7s-drop sf-hidrophobic\"><\/i>\n\t<\/div>\n\n<div class=\"kc-elm kc-css-216211 kc-title-wrap \">\n\n\t<h3 class=\"kc_title\">Hidrof\u00f3bico<\/h3>\n<\/div>\n<div class=\"kc-elm kc-css-539772 kc_text_block\"><\/p>\n<p>\nUm revestimento transparente que repele l\u00edquidos e reduz a ades\u00e3o de sujidade, manchas e \u00e1gua, facilitando a limpeza da lente.<\/p>\n<p>\n<\/div><\/div><\/div><\/div><div class=\"kc-elm kc-css-444728 kc_row kc_row_inner\"><div class=\"kc-elm kc-css-404149 kc_col-sm-12 kc_column_inner kc_col-sm-12\"><div class=\"kc_wrapper kc-col-inner-container\"><div class=\"kc-elm kc-css-218881 kc-icon-wrapper\">\n\t\t<i class=\"pe-7s-medal sf-iso\"><\/i>\n\t<\/div>\n\n<div class=\"kc-elm kc-css-970415 kc-title-wrap \">\n\n\t<h3 class=\"kc_title\">Controlo de Qualidade<\/h3>\n<\/div>\n<div class=\"kc-elm kc-css-122777 kc_text_block\"><\/p>\n<p>\nCertifica\u00e7\u00e3o ISO 9001:2015 e CE, para conformidade com os padr\u00f5es internacionais de sa\u00fade, seguran\u00e7a e prote\u00e7\u00e3o ambiental.<\/p>\n<p>\n<\/div><\/div><\/div><\/div><\/div><\/div><\/div><\/div><\/div><\/div><\/div><\/section><section class=\"kc-elm kc-css-463011 kc_row\"><div class=\"kc-row-container  kc-container\"><div class=\"kc-wrap-columns\"><div class=\"kc-elm kc-css-946581 kc_col-sm-4 kc_column kc_col-sm-4\"><div class=\"kc-col-container\">\n<div class=\"kc-elm kc-css-497093 kc-title-wrap \">\n\n\t<h3 class=\"kc_title\">Detalhes<\/h3>\n<\/div>\n<div class=\"kc-elm kc-css-860656 kc-raw-code\"><ul>\r\n\r\n<li>Lentes graduadas inclu\u00eddas<\/li>\r\n<li>Fabricado \u00e0 m\u00e3o em acetato de celulose<\/li>\r\n<li>Charneiras de barril triplo<\/li>\r\n<li>Estojo e pano inclu\u00eddos<\/li>\r\n\r\n<\/ul>\r\n\r\n<p class=\"details\">Tamanho: <span class=\"details-features\">M\u00e9dio<\/span><\/p>\r\n<p class=\"details\">Dimens\u00f5es: <span class=\"details-features\">49-20-142<\/span><\/p>\r\n<p class=\"details\">Peso: <span class=\"details-features\">18g<\/span><\/p><\/div><\/div><\/div><div class=\"kc-elm kc-css-731795 kc_col-sm-8 kc_column kc_col-sm-8\"><div class=\"kc-col-container\">\n<div class=\"kc-elm kc-css-61848 kc-title-wrap \">\n\n\t<h3 class=\"kc_title\">Medidas<\/h3>\n<\/div>\n<div class=\"kc-elm kc-css-284123 kc_row kc_row_inner\"><div class=\"kc-elm kc-css-503927 kc_col-sm-6 kc_column_inner kc_col-sm-6\"><div class=\"kc_wrapper kc-col-inner-container\"><div class=\"kc-elm kc-css-741151 kc_text_block\"><\/p>\n<p>\n135mm<\/p>\n<p>\n<\/div><div class=\"kc-elm kc-css-292825 kc_shortcode kc_single_image\">\n\n        <img src=\"https:\/\/shaub-fischer.com\/pt\/wp-content\/uploads\/stuart-front.png\" class=\"\" alt=\"\" \/>    <\/div>\n<div class=\"kc-elm kc-css-899267 kc_row kc_row_inner\"><div class=\"kc-elm kc-css-275983 kc_col-sm-12 kc_column_inner kc_col-sm-12 measurements-bottom\"><div class=\"kc_wrapper kc-col-inner-container\"><div class=\"kc-elm kc-css-158053 kc_text_block measurements-lenswidth\"><\/p>\n<p>\n49mm<\/p>\n<p>\n<\/div><div class=\"kc-elm kc-css-667948 kc_text_block measurements-bridge\"><\/p>\n<p>\n20mm<\/p>\n<p>\n<\/div><\/div><\/div><\/div><div class=\"kc-elm kc-css-964198 kc_text_block measurements-frameheight\"><\/p>\n<p>\n44mm<\/p>\n<p>\n<\/div><\/div><\/div><div class=\"kc-elm kc-css-349913 kc_col-sm-6 kc_column_inner kc_col-sm-6\"><div class=\"kc_wrapper kc-col-inner-container\"><div class=\"kc-elm kc-css-871768 kc_shortcode kc_single_image\">\n\n        <img src=\"https:\/\/shaub-fischer.com\/pt\/wp-content\/uploads\/stuart-side.png\" class=\"\" alt=\"\" \/>    <\/div>\n<div class=\"kc-elm kc-css-402934 kc_text_block\"><\/p>\n<p>\n142mm<\/p>\n<p>\n<\/div><\/div><\/div><\/div><\/div><\/div><\/div><\/div><\/section><section class=\"kc-elm kc-css-526701 kc_row\"><div class=\"kc-row-container  kc-container\"><div class=\"kc-wrap-columns\"><div class=\"kc-elm kc-css-395415 kc_col-sm-12 kc_column kc_col-sm-12\"><div class=\"kc-col-container\">\n<div class=\"kc-elm kc-css-14526 kc-title-wrap \">\n\n\t<h2 class=\"kc_title\">Entregas gr\u00e1tis. <br>\r\nPol\u00edtica de devolu\u00e7\u00e3o de 30 dias.<\/h2>\n<\/div>\n\n<div class=\"kc-elm kc-css-521184 kc-title-wrap \">\n\n\t<h2 class=\"kc_title\">Entregas gr\u00e1tis. Pol\u00edtica de devolu\u00e7\u00e3o de 30 dias.<\/h2>\n<\/div>\n<div class=\"kc-elm kc-css-61571 kc_text_block\"><\/p>\n<p>\nA satisfa\u00e7\u00e3o dos nossos clientes significa tudo para n\u00f3s. Entregas 100% gr\u00e1tis em todo o mundo, em todos os pedidos. Se n\u00e3o estiver completamente satisfeito com seus \u00f3culos, teremos o maior prazer em aceitar uma devolu\u00e7\u00e3o em 30 dias. Sem perguntas.<\/p>\n<p>\n<\/div><\/div><\/div><\/div><\/div><\/section><\/p>\n","protected":false},"excerpt":{"rendered":"<p>Est\u00e1 na hora de se fazer ouvir com a distinta arma\u00e7\u00e3o Jasper. Com as suas curvas suaves, este subtil par de \u00f3culos consegue despreocupadamente ser sempre o centro das aten\u00e7\u00f5es.<\/p>\n","protected":false},"featured_media":0,"template":"","meta":[],"_links":{"self":[{"href":"https:\/\/shaub-fischer.com\/pt\/wp-json\/wp\/v2\/product\/8002"}],"collection":[{"href":"https:\/\/shaub-fischer.com\/pt\/wp-json\/wp\/v2\/product"}],"about":[{"href":"https:\/\/shaub-fischer.com\/pt\/wp-json\/wp\/v2\/types\/product"}],"wp:attachment":[{"href":"https:\/\/shaub-fischer.com\/pt\/wp-json\/wp\/v2\/media?parent=8002"}],"curies":[{"name":"wp","href":"https:\/\/api.w.org\/{rel}","templated":true}]}}