{"id":8187,"date":"2022-02-18T14:59:26","date_gmt":"2022-02-18T14:59:26","guid":{"rendered":"https:\/\/shaub-fischer.com\/pt\/?post_type=product&#038;p=8187"},"modified":"2025-01-21T16:07:46","modified_gmt":"2025-01-21T15:07:46","slug":"franklin-women","status":"publish","type":"product","link":"https:\/\/shaub-fischer.com\/pt\/product\/franklin-women\/","title":{"rendered":"Franklin"},"content":{"rendered":"<p><section class=\"kc-elm kc-css-907037 kc_row\"><div class=\"kc-row-container  kc-container\"><div class=\"kc-wrap-columns\"><div class=\"kc-elm kc-css-205984 kc_col-sm-12 kc_column kc_col-sm-12\"><div class=\"kc-col-container\">\n<div class=\"kc-elm kc-css-809963 kc-title-wrap \">\n\n\t<h2 class=\"kc_title\">Esque\u00e7a a tend\u00eancia, aposte no cl\u00e1ssico.<\/h2>\n<\/div>\n<div class=\"kc-elm kc-css-759693 kc_text_block\"><\/p>\n<p>\nAtreva-se a ser original com a arma\u00e7\u00e3o Franklin. A complementar um look casual ou estilo mais sofisticado, estes \u00f3culos redondos de metal levar\u00e3o o seu visual para um novo patamar.<\/p>\n<p>\n<\/div><\/div><\/div><\/div><\/div><\/section><section class=\"kc-elm kc-css-953461 kc_row\"><div class=\"kc-row-container  kc-container\"><div class=\"kc-wrap-columns\"><div class=\"kc-elm kc-css-571141 kc_col-sm-12 kc_column kc_col-sm-12\"><div class=\"kc-col-container\">\n<div class=\"kc-elm kc-css-575279 kc-title-wrap \">\n\n\t<h2 class=\"kc_title\">Esque\u00e7a a tend\u00eancia, aposte no cl\u00e1ssico.<\/h2>\n<\/div>\n<div class=\"kc-elm kc-css-882576 kc_text_block\"><\/p>\n<p>\nAtreva-se a ser original com a arma\u00e7\u00e3o Franklin. A complementar um look casual ou estilo mais sofisticado, estes \u00f3culos redondos de metal levar\u00e3o o seu visual para um novo patamar.<\/p>\n<p>\n<\/div><\/div><\/div><\/div><\/div><\/section><section class=\"kc-elm kc-css-453844 kc_row\"><div class=\"kc-row-container  kc-container\"><div class=\"kc-wrap-columns\"><div class=\"kc-elm kc-css-701506 kc_col-sm-6 kc_column kc_col-sm-6\"><div class=\"kc-col-container\"><div class=\"kc-elm kc-css-876551 kc-icon-wrapper\">\n\t\t<i class=\"sf-feather\"><\/i>\n\t<\/div>\n\n<div class=\"kc-elm kc-css-510222 kc-title-wrap \">\n\n\t<h2 class=\"kc_title\">Inox - Leve e resistente.<\/h2>\n<\/div>\n<div class=\"kc-elm kc-css-796584 kc_text_block\"><\/p>\n<p>\nAs nossas arma\u00e7\u00f5es de metal s\u00e3o fabricadas em a\u00e7o inoxid\u00e1vel dur\u00e1vel, leve, hipoalerg\u00e9nico e resistente \u00e0 corros\u00e3o. Uma excelente op\u00e7\u00e3o para uma utiliza\u00e7\u00e3o extremamente confort\u00e1vel.<\/p>\n<p>\n<\/div><\/div><\/div><div class=\"kc-elm kc-css-307902 kc_col-sm-6 kc_column kc_col-sm-6\"><div class=\"kc-col-container\"><div class=\"kc-elm kc-css-26848 kc_shortcode kc_single_image\">\n\n        <img src=\"https:\/\/shaub-fischer.com\/pt\/wp-content\/uploads\/stainless_steel.jpg\" class=\"\" alt=\"\" \/>    <\/div>\n<\/div><\/div><\/div><\/div><\/section><section class=\"kc-elm kc-css-957604 kc_row\"><div class=\"kc-row-container  kc-container\"><div class=\"kc-wrap-columns\"><div class=\"kc-elm kc-css-68716 kc_col-sm-6 kc_column kc_col-sm-6\"><div class=\"kc-col-container\"><div class=\"kc-elm kc-css-705051 kc_shortcode kc_single_image\">\n\n        <img src=\"https:\/\/shaub-fischer.com\/pt\/wp-content\/uploads\/stainless_steel.jpg\" class=\"\" alt=\"\" \/>    <\/div>\n<\/div><\/div><div class=\"kc-elm kc-css-676873 kc_col-sm-6 kc_column kc_col-sm-6\"><div class=\"kc-col-container\"><div class=\"kc-elm kc-css-708431 kc-icon-wrapper\">\n\t\t<i class=\"sf-feather\"><\/i>\n\t<\/div>\n\n<div class=\"kc-elm kc-css-658039 kc-title-wrap \">\n\n\t<h2 class=\"kc_title\">Inox - Leve e resistente.<\/h2>\n<\/div>\n<div class=\"kc-elm kc-css-953827 kc_text_block\"><\/p>\n<p>\nAs nossas arma\u00e7\u00f5es de metal s\u00e3o fabricadas em a\u00e7o inoxid\u00e1vel dur\u00e1vel, leve, hipoalerg\u00e9nico e resistente \u00e0 corros\u00e3o. Uma excelente op\u00e7\u00e3o para uma utiliza\u00e7\u00e3o extremamente confort\u00e1vel.<\/p>\n<p>\n<\/div><\/div><\/div><\/div><\/div><\/section><section class=\"kc-elm kc-css-653612 kc_row\"><div class=\"kc-row-container  kc-container\"><div class=\"kc-wrap-columns\"><div class=\"kc-elm kc-css-396925 kc_col-sm-6 kc_column kc_col-sm-6\"><div class=\"kc-col-container\"><div class=\"kc-elm kc-css-868540 kc_shortcode kc_single_image\">\n\n        <img src=\"https:\/\/shaub-fischer.com\/pt\/wp-content\/uploads\/barrel-hinge-acetate_small.jpg\" class=\"\" alt=\"\" \/>    <\/div>\n<\/div><\/div><div class=\"kc-elm kc-css-740969 kc_col-sm-6 kc_column kc_col-sm-6\"><div class=\"kc-col-container\"><div class=\"kc-elm kc-css-904691 kc-icon-wrapper\">\n\t\t<i class=\"pe-7s-gym\"><\/i>\n\t<\/div>\n\n<div class=\"kc-elm kc-css-319844 kc-title-wrap \">\n\n\t<h2 class=\"kc_title\">Charneiras de barril triplo.<\/h2>\n<\/div>\n<div class=\"kc-elm kc-css-90873 kc_text_block\"><\/p>\n<p>\nEsta arma\u00e7\u00e3o \u00e9 equipada com charneiras de barril triplo que d\u00e3o ao seu par de \u00f3culos uma maior estabilidade e robustez. Este tipo de charneira em a\u00e7o inoxid\u00e1vel, com barril triplo e parafuso com revestimento, \u00e9 a solu\u00e7\u00e3o ideal para uma maior durabilidade, permitindo que os seus \u00f3culos resistam ao desgaste da utiliza\u00e7\u00e3o di\u00e1ria intensa.<\/p>\n<p>\n<\/div><\/div><\/div><\/div><\/div><\/section><section class=\"kc-elm kc-css-80104 kc_row\"><div class=\"kc-row-container  kc-container\"><div class=\"kc-wrap-columns\"><div class=\"kc-elm kc-css-848791 kc_col-sm-12 kc_column kc_col-sm-12\"><div class=\"kc-col-container\"><div class=\"lookbook owl-carousel owl-theme\">\t\n\t<img width=\"450px\" data-src=\"https:\/\/shaub-fischer.com\/pt\/wp-content\/uploads\/lookbook-franklin-silver-women1.jpg\" sizes=\"450px\" alt=\"helmut\" class=\"owl-lazy\">\n\t\n\t<img width=\"450px\" data-src=\"https:\/\/shaub-fischer.com\/pt\/wp-content\/uploads\/lookbook-franklin-silver-women2.jpg\" sizes=\"450px\" alt=\"helmut\" class=\"owl-lazy\">\n\t\n\t<img width=\"450px\" data-src=\"https:\/\/shaub-fischer.com\/pt\/wp-content\/uploads\/lookbook-franklin-silver-women3.jpg\" sizes=\"450px\" alt=\"helmut\" class=\"owl-lazy\">\n\t\n\t<img width=\"450px\" data-src=\"https:\/\/shaub-fischer.com\/pt\/wp-content\/uploads\/lookbook-franklin-gold-women1.jpg\" sizes=\"450px\" alt=\"helmut\" class=\"owl-lazy\">\n\t\n\t<img width=\"450px\" data-src=\"https:\/\/shaub-fischer.com\/pt\/wp-content\/uploads\/lookbook-franklin-gold-women2.jpg\" sizes=\"450px\" alt=\"helmut\" class=\"owl-lazy\">\n\t\n\t<img width=\"450px\" data-src=\"https:\/\/shaub-fischer.com\/pt\/wp-content\/uploads\/lookbook-franklin-gold-women3.jpg\" sizes=\"450px\" alt=\"helmut\" class=\"owl-lazy\">\n\t\n\t<img width=\"450px\" data-src=\"https:\/\/shaub-fischer.com\/pt\/wp-content\/uploads\/lookbook-franklin-caramel-women1.jpg\" sizes=\"450px\" alt=\"helmut\" class=\"owl-lazy\">\n\t\n\t<img width=\"450px\" data-src=\"https:\/\/shaub-fischer.com\/pt\/wp-content\/uploads\/lookbook-franklin-caramel-women2.jpg\" sizes=\"450px\" alt=\"helmut\" class=\"owl-lazy\">\n\t\n\t<img width=\"450px\" data-src=\"https:\/\/shaub-fischer.com\/pt\/wp-content\/uploads\/lookbook-franklin-caramel-women3.jpg\" sizes=\"450px\" alt=\"helmut\" class=\"owl-lazy\">\n\t\n\t<img width=\"450px\" data-src=\"https:\/\/shaub-fischer.com\/pt\/wp-content\/uploads\/lookbook-franklin-black-matte-women1.jpg\" sizes=\"450px\" alt=\"helmut\" class=\"owl-lazy\">\n\t\n\t<img width=\"450px\" data-src=\"https:\/\/shaub-fischer.com\/pt\/wp-content\/uploads\/lookbook-franklin-black-matte-women2.jpg\" sizes=\"450px\" alt=\"helmut\" class=\"owl-lazy\">\n\t\n\t<img width=\"450px\" data-src=\"https:\/\/shaub-fischer.com\/pt\/wp-content\/uploads\/lookbook-franklin-black-matte-women3.jpg\" sizes=\"450px\" alt=\"helmut\" class=\"owl-lazy\">\n<\/div>\n<script type=\"text\/javascript\">\n\t\n(function( $ ) {\n\t\t\n\t$(document).ready(function($) {\n\t\t$('.lookbook').owlCarousel({\n\t\t\tstagePadding: 80,\n\t\t\tlazyLoad:true,\n\t\t\tlazyLoadEager: 1,\n\t\t\tloop:true,\n\t\t\tmargin:20,\n\t\t\tnav:false,\n\t\t\tdots: false,\n\t\t\tresponsive:{\n\t\t\t\t0:{\n\t\t\t\t\titems:1\n\t\t\t\t},\n\t\t\t\t767:{\n\t\t\t\t\titems:3\n\t\t\t\t},\n\t\t\t\t991:{\n\t\t\t\t\titems:4\n\t\t\t\t}\n\t\t\t}\t\n\t\t})\n\t});\n\t\n})( jQuery );\n\t\n<\/script><\/div><\/div><\/div><\/div><\/section><section class=\"kc-elm kc-css-526586 kc_row\"><div class=\"kc-row-container  kc-container\"><div class=\"kc-wrap-columns\"><div class=\"kc-elm kc-css-143577 kc_col-sm-12 kc_column kc_col-sm-12\"><div class=\"kc-col-container\">\n<div class=\"kc-elm kc-css-222031 kc-title-wrap \">\n\n\t<h2 class=\"kc_title\">As nossas lentes.<\/h2>\n<\/div>\n<div class=\"kc-elm kc-css-308906 kc_text_block\"><\/p>\n<p>\nA sua vis\u00e3o \u00e9 a nossa prioridade, por isso, na Shaub &#038; Fischer, usamos apenas as melhores lentes dispon\u00edveis no mercado. O pre\u00e7o base de todos os nossos \u00f3culos graduados inclui lentes finas, fabricadas a partir de um pol\u00edmero de \u00edndice m\u00e9dio, 15 a 20% mais fino e mais leve que o pl\u00e1stico comum. Lentes muito finas e extra finas, at\u00e9 \u00edndice de 1.74, est\u00e3o tamb\u00e9m dispon\u00edveis.<\/p>\n<p>\n<\/div><div class=\"kc-elm kc-css-345881 kc_row kc_row_inner\"><div class=\"kc-elm kc-css-756632 kc_col-sm-4 kc_column_inner kc_col-sm-4\"><div class=\"kc_wrapper kc-col-inner-container\"><div class=\"kc-elm kc-css-118471 kc_row kc_row_inner\"><div class=\"kc-elm kc-css-53184 kc_col-sm-12 kc_column_inner kc_col-sm-12\"><div class=\"kc_wrapper kc-col-inner-container\"><div class=\"kc-elm kc-css-488153 kc-icon-wrapper\">\n\t\t<i class=\"pe-7s-graph1 sf-anti-reflection\"><\/i>\n\t<\/div>\n\n<div class=\"kc-elm kc-css-502430 kc-title-wrap \">\n\n\t<h3 class=\"kc_title\">Anti-reflexo<\/h3>\n<\/div>\n<div class=\"kc-elm kc-css-782748 kc_text_block\"><\/p>\n<p>\nUma camada anti-brilho microscopicamente fina que reduz reflexos de luz e permite uma vis\u00e3o mais n\u00edtida.<\/p>\n<p>\n<\/div><\/div><\/div><\/div><div class=\"kc-elm kc-css-27696 kc_row kc_row_inner\"><div class=\"kc-elm kc-css-914584 kc_col-sm-12 kc_column_inner kc_col-sm-12\"><div class=\"kc_wrapper kc-col-inner-container\"><div class=\"kc-elm kc-css-441465 kc-icon-wrapper\">\n\t\t<i class=\"pe-7s-shield sf-scratch-resistance\"><\/i>\n\t<\/div>\n\n<div class=\"kc-elm kc-css-814288 kc-title-wrap \">\n\n\t<h3 class=\"kc_title\">Resistente aos riscos<\/h3>\n<\/div>\n<div class=\"kc-elm kc-css-345105 kc_text_block\"><\/p>\n<p>\nUm revestimento r\u00edgido transparente, resistente a riscos em ambos os lados da lente para maior prote\u00e7\u00e3o e durabilidade.<\/p>\n<p>\n<\/div><\/div><\/div><\/div><div class=\"kc-elm kc-css-453234 kc_row kc_row_inner\"><div class=\"kc-elm kc-css-589928 kc_col-sm-12 kc_column_inner kc_col-sm-12\"><div class=\"kc_wrapper kc-col-inner-container\"><div class=\"kc-elm kc-css-194793 kc-icon-wrapper\">\n\t\t<i class=\"fa-shield-alt sf-emi\"><\/i>\n\t<\/div>\n\n<div class=\"kc-elm kc-css-431390 kc-title-wrap \">\n\n\t<h3 class=\"kc_title\">Escudo Electromagn\u00e9tico<\/h3>\n<\/div>\n<div class=\"kc-elm kc-css-397577 kc_text_block\"><\/p>\n<p>\nUm revestimento EMI (Electromagnetic interference) anti-est\u00e1tico, desenhado para proteger os seus olhos de poss\u00edveis danos de ondas eletromagn\u00e9ticas.<\/p>\n<p>\n<\/div><\/div><\/div><\/div><\/div><\/div><div class=\"kc-elm kc-css-161344 kc_col-sm-4 kc_column_inner kc_col-sm-4\"><div class=\"kc_wrapper kc-col-inner-container\">\t<div class=\"lens-scheme\">\n\t\t<img src=\"https:\/\/shaub-fischer.com\/pt\/wp-content\/uploads\/lens_scheme_material-1.png\" alt=\"optical lens coating\" class=\"scheme-lens1\">\n\t\t<img src=\"https:\/\/shaub-fischer.com\/pt\/wp-content\/uploads\/lens_scheme_hardcoat-1.png\" alt=\"optical lens coating\" class=\"scheme-lens2\">\t\n\t\t<img src=\"https:\/\/shaub-fischer.com\/pt\/wp-content\/uploads\/lens_scheme_ar.png\" alt=\"optical lens coating\" class=\"scheme-lens3\">\n\t\t<img src=\"https:\/\/shaub-fischer.com\/pt\/wp-content\/uploads\/lens_scheme_emi.png\" alt=\"optical lens coating\" class=\"scheme-lens4\">\n\t\t<img src=\"https:\/\/shaub-fischer.com\/pt\/wp-content\/uploads\/lens_scheme_uv.png\" alt=\"optical lens coating\" class=\"scheme-lens5\">\n\t\t<img src=\"https:\/\/shaub-fischer.com\/pt\/wp-content\/uploads\/lens_scheme_hydrophobic.png\" alt=\"optical lens coating\" class=\"scheme-lens6\">\n\t<\/div>\n\n\n<script type=\"text\/javascript\">\n\t\n(function( $ ) {\n\tfunction check_if_in_view() {\n\t\tvar window_height = $(window).height();\n\t\tvar window_top_position = $(window).scrollTop();\n\t\tvar window_bottom_position = (window_top_position + window_height);\n\t\tvar lens_scheme_top = $('.lens-scheme').offset().top;\n\t\tvar lens_scheme_height = $('.lens-scheme').outerHeight();\n\t\tvar lens_scheme_bottom = (lens_scheme_top + lens_scheme_height);\n\t\t\n\t\t\/*console.log(window_bottom_position);*\/\n\t\t\n\t\tif (window_bottom_position > (lens_scheme_bottom - 100)){\n\t\t\t$( \".scheme-lens6\" ).animate({\n\t\t\t\ttop: \"5%\"\n\t\t\t  }, 1000);\n\t\t\t$( \".scheme-lens5\" ).animate({\n\t\t\t\ttop: \"16%\"\n\t\t\t  }, 1000);\n\t\t\t$( \".scheme-lens4\" ).animate({\n\t\t\t\ttop: \"27%\"\n\t\t\t  }, 1000);\n\t\t\t$( \".scheme-lens3\" ).animate({\n\t\t\t\ttop: \"38%\"\n\t\t\t  }, 1000);\n\t\t\t$( \".scheme-lens2\" ).animate({\n\t\t\t\ttop: \"49%\"\n\t\t\t  }, 1000);\n\t\t\t$( \".scheme-lens1\" ).animate({\n\t\t\t\ttop: \"60%\"\n\t\t\t  }, 1000);\n\t\t\t$(window).off('scroll resize', check_if_in_view);\n\t\t}\n\t}\n\t\n\t$(document).ready(function($) {\n\t\t$(window).on('scroll resize', check_if_in_view);\n\t\t$(window).trigger('scroll');\n\t});\n})( jQuery );\n\t\n<\/script>\n<\/div><\/div><div class=\"kc-elm kc-css-134467 kc_col-sm-4 kc_column_inner kc_col-sm-4\"><div class=\"kc_wrapper kc-col-inner-container\"><div class=\"kc-elm kc-css-924049 kc_row kc_row_inner\"><div class=\"kc-elm kc-css-704987 kc_col-sm-12 kc_column_inner kc_col-sm-12\"><div class=\"kc_wrapper kc-col-inner-container\"><div class=\"kc-elm kc-css-300533 kc-icon-wrapper\">\n\t\t<i class=\"pe-7s-sun sf-uv2\"><\/i>\n\t<\/div>\n\n<div class=\"kc-elm kc-css-16717 kc-title-wrap \">\n\n\t<h3 class=\"kc_title\">Prote\u00e7\u00e3o UV<\/h3>\n<\/div>\n<div class=\"kc-elm kc-css-240969 kc_text_block\"><\/p>\n<p>\nAssim como o protector solar evita que os raios ultravioletas do sol danifiquem a sua pele, o revestimento UV reduz a sua exposi\u00e7\u00e3o visual aos raios UV.<\/p>\n<p>\n<\/div><\/div><\/div><\/div><div class=\"kc-elm kc-css-362862 kc_row kc_row_inner\"><div class=\"kc-elm kc-css-925740 kc_col-sm-12 kc_column_inner kc_col-sm-12\"><div class=\"kc_wrapper kc-col-inner-container\"><div class=\"kc-elm kc-css-723759 kc-icon-wrapper\">\n\t\t<i class=\"pe-7s-drop sf-hidrophobic\"><\/i>\n\t<\/div>\n\n<div class=\"kc-elm kc-css-148102 kc-title-wrap \">\n\n\t<h3 class=\"kc_title\">Hidrof\u00f3bico<\/h3>\n<\/div>\n<div class=\"kc-elm kc-css-430030 kc_text_block\"><\/p>\n<p>\nUm revestimento transparente que repele l\u00edquidos e reduz a ades\u00e3o de sujidade, manchas e \u00e1gua, facilitando a limpeza da lente.<\/p>\n<p>\n<\/div><\/div><\/div><\/div><div class=\"kc-elm kc-css-447712 kc_row kc_row_inner\"><div class=\"kc-elm kc-css-480256 kc_col-sm-12 kc_column_inner kc_col-sm-12\"><div class=\"kc_wrapper kc-col-inner-container\"><div class=\"kc-elm kc-css-63976 kc-icon-wrapper\">\n\t\t<i class=\"pe-7s-medal sf-iso\"><\/i>\n\t<\/div>\n\n<div class=\"kc-elm kc-css-475023 kc-title-wrap \">\n\n\t<h3 class=\"kc_title\">Controlo de Qualidade<\/h3>\n<\/div>\n<div class=\"kc-elm kc-css-161388 kc_text_block\"><\/p>\n<p>\nCertifica\u00e7\u00e3o ISO 9001:2015 e CE, para conformidade com os padr\u00f5es internacionais de sa\u00fade, seguran\u00e7a e prote\u00e7\u00e3o ambiental.<\/p>\n<p>\n<\/div><\/div><\/div><\/div><\/div><\/div><\/div><\/div><\/div><\/div><\/div><\/section><section class=\"kc-elm kc-css-725007 kc_row\"><div class=\"kc-row-container  kc-container\"><div class=\"kc-wrap-columns\"><div class=\"kc-elm kc-css-56293 kc_col-sm-4 kc_column kc_col-sm-4\"><div class=\"kc-col-container\">\n<div class=\"kc-elm kc-css-900298 kc-title-wrap \">\n\n\t<h3 class=\"kc_title\">Detalhes<\/h3>\n<\/div>\n<div class=\"kc-elm kc-css-375372 kc-raw-code\"><ul>\r\n\r\n<li>Lentes graduadas inclu\u00eddas<\/li>\r\n<li>Fabricado em a\u00e7o inoxid\u00e1vel<\/li>\r\n<li>Charneiras de barril triplo<\/li>\r\n<li>Estojo e pano inclu\u00eddos<\/li>\r\n\r\n<\/ul>\r\n\r\n<p class=\"details\">Tamanho: <span class=\"details-features\">Pequeno \/ M\u00e9dio<\/span><\/p>\r\n<p class=\"details\">Dimens\u00f5es: <span class=\"details-features\">48-19-142<\/span><\/p>\r\n<p class=\"details\">Peso: <span class=\"details-features\">16g<\/span><\/p><\/div><\/div><\/div><div class=\"kc-elm kc-css-286570 kc_col-sm-8 kc_column kc_col-sm-8\"><div class=\"kc-col-container\">\n<div class=\"kc-elm kc-css-120766 kc-title-wrap \">\n\n\t<h3 class=\"kc_title\">Medidas<\/h3>\n<\/div>\n<div class=\"kc-elm kc-css-628650 kc_row kc_row_inner\"><div class=\"kc-elm kc-css-869137 kc_col-sm-6 kc_column_inner kc_col-sm-6\"><div class=\"kc_wrapper kc-col-inner-container\"><div class=\"kc-elm kc-css-411531 kc_text_block\"><\/p>\n<p>\n129mm<\/p>\n<p>\n<\/div><div class=\"kc-elm kc-css-399958 kc_shortcode kc_single_image\">\n\n        <img src=\"https:\/\/shaub-fischer.com\/pt\/wp-content\/uploads\/stuart-front.png\" class=\"\" alt=\"\" \/>    <\/div>\n<div class=\"kc-elm kc-css-763752 kc_row kc_row_inner\"><div class=\"kc-elm kc-css-997588 kc_col-sm-12 kc_column_inner kc_col-sm-12 measurements-bottom\"><div class=\"kc_wrapper kc-col-inner-container\"><div class=\"kc-elm kc-css-132110 kc_text_block measurements-lenswidth\"><\/p>\n<p>\n48mm<\/p>\n<p>\n<\/div><div class=\"kc-elm kc-css-161634 kc_text_block measurements-bridge\"><\/p>\n<p>\n19mm<\/p>\n<p>\n<\/div><\/div><\/div><\/div><div class=\"kc-elm kc-css-865089 kc_text_block measurements-frameheight\"><\/p>\n<p>\n44mm<\/p>\n<p>\n<\/div><\/div><\/div><div class=\"kc-elm kc-css-421514 kc_col-sm-6 kc_column_inner kc_col-sm-6\"><div class=\"kc_wrapper kc-col-inner-container\"><div class=\"kc-elm kc-css-742170 kc_shortcode kc_single_image\">\n\n        <img src=\"https:\/\/shaub-fischer.com\/pt\/wp-content\/uploads\/stuart-side.png\" class=\"\" alt=\"\" \/>    <\/div>\n<div class=\"kc-elm kc-css-507811 kc_text_block\"><\/p>\n<p>\n142mm<\/p>\n<p>\n<\/div><\/div><\/div><\/div><\/div><\/div><\/div><\/div><\/section><section class=\"kc-elm kc-css-782456 kc_row\"><div class=\"kc-row-container  kc-container\"><div class=\"kc-wrap-columns\"><div class=\"kc-elm kc-css-764796 kc_col-sm-12 kc_column kc_col-sm-12\"><div class=\"kc-col-container\">\n<div class=\"kc-elm kc-css-910128 kc-title-wrap \">\n\n\t<h2 class=\"kc_title\">Entregas gr\u00e1tis. <br>\r\nPol\u00edtica de devolu\u00e7\u00e3o de 30 dias.<\/h2>\n<\/div>\n\n<div class=\"kc-elm kc-css-345849 kc-title-wrap \">\n\n\t<h2 class=\"kc_title\">Entregas gr\u00e1tis. Pol\u00edtica de devolu\u00e7\u00e3o de 30 dias.<\/h2>\n<\/div>\n<div class=\"kc-elm kc-css-268111 kc_text_block\"><\/p>\n<p>\nA satisfa\u00e7\u00e3o dos nossos clientes significa tudo para n\u00f3s. Entregas 100% gr\u00e1tis em todo o mundo, em todos os pedidos. Se n\u00e3o estiver completamente satisfeito com seus \u00f3culos, teremos o maior prazer em aceitar uma devolu\u00e7\u00e3o em 30 dias. Sem perguntas.<\/p>\n<p>\n<\/div><\/div><\/div><\/div><\/div><\/section><\/p>\n","protected":false},"excerpt":{"rendered":"<p>Atreva-se a ser original com a arma\u00e7\u00e3o Franklin. A complementar um look casual ou estilo mais sofisticado, estes \u00f3culos redondos de metal levar\u00e3o o seu visual para um novo patamar.<\/p>\n","protected":false},"featured_media":0,"template":"","meta":[],"_links":{"self":[{"href":"https:\/\/shaub-fischer.com\/pt\/wp-json\/wp\/v2\/product\/8187"}],"collection":[{"href":"https:\/\/shaub-fischer.com\/pt\/wp-json\/wp\/v2\/product"}],"about":[{"href":"https:\/\/shaub-fischer.com\/pt\/wp-json\/wp\/v2\/types\/product"}],"wp:attachment":[{"href":"https:\/\/shaub-fischer.com\/pt\/wp-json\/wp\/v2\/media?parent=8187"}],"curies":[{"name":"wp","href":"https:\/\/api.w.org\/{rel}","templated":true}]}}