{"id":8196,"date":"2022-02-18T15:09:14","date_gmt":"2022-02-18T15:09:14","guid":{"rendered":"https:\/\/shaub-fischer.com\/pt\/?post_type=product&#038;p=8196"},"modified":"2025-11-10T18:11:12","modified_gmt":"2025-11-10T17:11:12","slug":"franklin-large-women","status":"publish","type":"product","link":"https:\/\/shaub-fischer.com\/pt\/product\/franklin-large-women\/","title":{"rendered":"Franklin Large"},"content":{"rendered":"<p><section class=\"kc-elm kc-css-495071 kc_row\"><div class=\"kc-row-container  kc-container\"><div class=\"kc-wrap-columns\"><div class=\"kc-elm kc-css-216781 kc_col-sm-12 kc_column kc_col-sm-12\"><div class=\"kc-col-container\">\n<div class=\"kc-elm kc-css-798166 kc-title-wrap \">\n\n\t<h2 class=\"kc_title\">Esque\u00e7a a tend\u00eancia, aposte no cl\u00e1ssico.<\/h2>\n<\/div>\n<div class=\"kc-elm kc-css-474800 kc_text_block\"><\/p>\n<p>\nAtreva-se a ser original com a arma\u00e7\u00e3o Franklin. A complementar um look casual ou estilo mais sofisticado, estes \u00f3culos redondos de metal levar\u00e3o o seu visual para um novo patamar. Uma vers\u00e3o ligeiramente maior da arma\u00e7\u00e3o Franklin.<\/p>\n<p>\n<\/div><\/div><\/div><\/div><\/div><\/section><section class=\"kc-elm kc-css-705766 kc_row\"><div class=\"kc-row-container  kc-container\"><div class=\"kc-wrap-columns\"><div class=\"kc-elm kc-css-515429 kc_col-sm-12 kc_column kc_col-sm-12\"><div class=\"kc-col-container\">\n<div class=\"kc-elm kc-css-883624 kc-title-wrap \">\n\n\t<h2 class=\"kc_title\">Esque\u00e7a a tend\u00eancia, aposte no cl\u00e1ssico.<\/h2>\n<\/div>\n<div class=\"kc-elm kc-css-536646 kc_text_block\"><\/p>\n<p>\nAtreva-se a ser original com a arma\u00e7\u00e3o Franklin. A complementar um look casual ou estilo mais sofisticado, estes \u00f3culos redondos de metal levar\u00e3o o seu visual para um novo patamar. Uma vers\u00e3o ligeiramente maior da arma\u00e7\u00e3o Franklin.<\/p>\n<p>\n<\/div><\/div><\/div><\/div><\/div><\/section><section class=\"kc-elm kc-css-250487 kc_row\"><div class=\"kc-row-container  kc-container\"><div class=\"kc-wrap-columns\"><div class=\"kc-elm kc-css-327538 kc_col-sm-6 kc_column kc_col-sm-6\"><div class=\"kc-col-container\"><div class=\"kc-elm kc-css-22465 kc-icon-wrapper\">\n\t\t<i class=\"sf-feather\"><\/i>\n\t<\/div>\n\n<div class=\"kc-elm kc-css-890854 kc-title-wrap \">\n\n\t<h2 class=\"kc_title\">Inox - Leve e resistente.<\/h2>\n<\/div>\n<div class=\"kc-elm kc-css-63368 kc_text_block\"><\/p>\n<p>\nAs nossas arma\u00e7\u00f5es de metal s\u00e3o fabricadas em a\u00e7o inoxid\u00e1vel dur\u00e1vel, leve, hipoalerg\u00e9nico e resistente \u00e0 corros\u00e3o. Uma excelente op\u00e7\u00e3o para uma utiliza\u00e7\u00e3o extremamente confort\u00e1vel.<\/p>\n<p>\n<\/div><\/div><\/div><div class=\"kc-elm kc-css-698301 kc_col-sm-6 kc_column kc_col-sm-6\"><div class=\"kc-col-container\"><div class=\"kc-elm kc-css-957142 kc_shortcode kc_single_image\">\n\n        <img src=\"https:\/\/shaub-fischer.com\/pt\/wp-content\/uploads\/stainless_steel.jpg\" class=\"\" alt=\"\" \/>    <\/div>\n<\/div><\/div><\/div><\/div><\/section><section class=\"kc-elm kc-css-18836 kc_row\"><div class=\"kc-row-container  kc-container\"><div class=\"kc-wrap-columns\"><div class=\"kc-elm kc-css-90136 kc_col-sm-6 kc_column kc_col-sm-6\"><div class=\"kc-col-container\"><div class=\"kc-elm kc-css-713006 kc_shortcode kc_single_image\">\n\n        <img src=\"https:\/\/shaub-fischer.com\/pt\/wp-content\/uploads\/stainless_steel.jpg\" class=\"\" alt=\"\" \/>    <\/div>\n<\/div><\/div><div class=\"kc-elm kc-css-556425 kc_col-sm-6 kc_column kc_col-sm-6\"><div class=\"kc-col-container\"><div class=\"kc-elm kc-css-468280 kc-icon-wrapper\">\n\t\t<i class=\"sf-feather\"><\/i>\n\t<\/div>\n\n<div class=\"kc-elm kc-css-971884 kc-title-wrap \">\n\n\t<h2 class=\"kc_title\">Inox - Leve e resistente.<\/h2>\n<\/div>\n<div class=\"kc-elm kc-css-636403 kc_text_block\"><\/p>\n<p>\nAs nossas arma\u00e7\u00f5es de metal s\u00e3o fabricadas em a\u00e7o inoxid\u00e1vel dur\u00e1vel, leve, hipoalerg\u00e9nico e resistente \u00e0 corros\u00e3o. Uma excelente op\u00e7\u00e3o para uma utiliza\u00e7\u00e3o extremamente confort\u00e1vel.<\/p>\n<p>\n<\/div><\/div><\/div><\/div><\/div><\/section><section class=\"kc-elm kc-css-564917 kc_row\"><div class=\"kc-row-container  kc-container\"><div class=\"kc-wrap-columns\"><div class=\"kc-elm kc-css-492920 kc_col-sm-6 kc_column kc_col-sm-6\"><div class=\"kc-col-container\"><div class=\"kc-elm kc-css-221845 kc_shortcode kc_single_image\">\n\n        <img src=\"https:\/\/shaub-fischer.com\/pt\/wp-content\/uploads\/barrel-hinge-acetate_small.jpg\" class=\"\" alt=\"\" \/>    <\/div>\n<\/div><\/div><div class=\"kc-elm kc-css-969758 kc_col-sm-6 kc_column kc_col-sm-6\"><div class=\"kc-col-container\"><div class=\"kc-elm kc-css-226360 kc-icon-wrapper\">\n\t\t<i class=\"pe-7s-gym\"><\/i>\n\t<\/div>\n\n<div class=\"kc-elm kc-css-652633 kc-title-wrap \">\n\n\t<h2 class=\"kc_title\">Charneiras de barril triplo.<\/h2>\n<\/div>\n<div class=\"kc-elm kc-css-822784 kc_text_block\"><\/p>\n<p>\nEsta arma\u00e7\u00e3o \u00e9 equipada com charneiras de barril triplo que d\u00e3o ao seu par de \u00f3culos uma maior estabilidade e robustez. Este tipo de charneira em a\u00e7o inoxid\u00e1vel, com barril triplo e parafuso com revestimento, \u00e9 a solu\u00e7\u00e3o ideal para uma maior durabilidade, permitindo que os seus \u00f3culos resistam ao desgaste da utiliza\u00e7\u00e3o di\u00e1ria intensa.<\/p>\n<p>\n<\/div><\/div><\/div><\/div><\/div><\/section><section class=\"kc-elm kc-css-679890 kc_row\"><div class=\"kc-row-container  kc-container\"><div class=\"kc-wrap-columns\"><div class=\"kc-elm kc-css-565063 kc_col-sm-12 kc_column kc_col-sm-12\"><div class=\"kc-col-container\"><div class=\"lookbook owl-carousel owl-theme\">\t\n\t<img width=\"450px\" data-src=\"https:\/\/shaub-fischer.com\/pt\/wp-content\/uploads\/lookbook-franklin-large-silver-women1.jpg\" sizes=\"450px\" alt=\"helmut\" class=\"owl-lazy\">\n\t\n\t<img width=\"450px\" data-src=\"https:\/\/shaub-fischer.com\/pt\/wp-content\/uploads\/lookbook-franklin-large-silver-women2.jpg\" sizes=\"450px\" alt=\"helmut\" class=\"owl-lazy\">\n\t\n\t<img width=\"450px\" data-src=\"https:\/\/shaub-fischer.com\/pt\/wp-content\/uploads\/lookbook-franklin-large-silver-women3.jpg\" sizes=\"450px\" alt=\"helmut\" class=\"owl-lazy\">\n\t\n\t<img width=\"450px\" data-src=\"https:\/\/shaub-fischer.com\/pt\/wp-content\/uploads\/lookbook-franklin-large-gold-women1.jpg\" sizes=\"450px\" alt=\"helmut\" class=\"owl-lazy\">\n\t\n\t<img width=\"450px\" data-src=\"https:\/\/shaub-fischer.com\/pt\/wp-content\/uploads\/lookbook-franklin-large-gold-women2.jpg\" sizes=\"450px\" alt=\"helmut\" class=\"owl-lazy\">\n\t\n\t<img width=\"450px\" data-src=\"https:\/\/shaub-fischer.com\/pt\/wp-content\/uploads\/lookbook-franklin-large-gold-women3.jpg\" sizes=\"450px\" alt=\"helmut\" class=\"owl-lazy\">\n\t\n\t<img width=\"450px\" data-src=\"https:\/\/shaub-fischer.com\/pt\/wp-content\/uploads\/lookbook-franklin-large-rose-gold-women1.jpg\" sizes=\"450px\" alt=\"helmut\" class=\"owl-lazy\">\n\t\n\t<img width=\"450px\" data-src=\"https:\/\/shaub-fischer.com\/pt\/wp-content\/uploads\/lookbook-franklin-large-rose-gold-women2.jpg\" sizes=\"450px\" alt=\"helmut\" class=\"owl-lazy\">\n\t\n\t<img width=\"450px\" data-src=\"https:\/\/shaub-fischer.com\/pt\/wp-content\/uploads\/lookbook-franklin-large-rose-gold-women3.jpg\" sizes=\"450px\" alt=\"helmut\" class=\"owl-lazy\">\n\t\n\t<img width=\"450px\" data-src=\"https:\/\/shaub-fischer.com\/pt\/wp-content\/uploads\/lookbook-franklin-large-caramel-women1.jpg\" sizes=\"450px\" alt=\"helmut\" class=\"owl-lazy\">\n\t\n\t<img width=\"450px\" data-src=\"https:\/\/shaub-fischer.com\/pt\/wp-content\/uploads\/lookbook-franklin-large-caramel-women2.jpg\" sizes=\"450px\" alt=\"helmut\" class=\"owl-lazy\">\n\t\n\t<img width=\"450px\" data-src=\"https:\/\/shaub-fischer.com\/pt\/wp-content\/uploads\/lookbook-franklin-large-caramel-women3.jpg\" sizes=\"450px\" alt=\"helmut\" class=\"owl-lazy\">\n\t\n\t<img width=\"450px\" data-src=\"https:\/\/shaub-fischer.com\/pt\/wp-content\/uploads\/lookbook-franklin-large-black-matte-women1.jpg\" sizes=\"450px\" alt=\"helmut\" class=\"owl-lazy\">\n\t\n\t<img width=\"450px\" data-src=\"https:\/\/shaub-fischer.com\/pt\/wp-content\/uploads\/lookbook-franklin-large-black-matte-women3.jpg\" sizes=\"450px\" alt=\"helmut\" class=\"owl-lazy\">\n\t\n\t<img width=\"450px\" data-src=\"https:\/\/shaub-fischer.com\/pt\/wp-content\/uploads\/lookbook-franklin-large-black-matte-women2.jpg\" sizes=\"450px\" alt=\"helmut\" class=\"owl-lazy\">\n\t\n\t<img width=\"450px\" data-src=\"https:\/\/shaub-fischer.com\/pt\/wp-content\/uploads\/lookbook-franklin-large-white-matte-women1.jpg\" sizes=\"450px\" alt=\"helmut\" class=\"owl-lazy\">\n\t\n\t<img width=\"450px\" data-src=\"https:\/\/shaub-fischer.com\/pt\/wp-content\/uploads\/lookbook-franklin-large-white-matte-women2.jpg\" sizes=\"450px\" alt=\"helmut\" class=\"owl-lazy\">\n\t\n\t<img width=\"450px\" data-src=\"https:\/\/shaub-fischer.com\/pt\/wp-content\/uploads\/lookbook-franklin-large-white-matte-women3.jpg\" sizes=\"450px\" alt=\"helmut\" class=\"owl-lazy\">\n<\/div>\n<script type=\"text\/javascript\">\n\t\n(function( $ ) {\n\t\t\n\t$(document).ready(function($) {\n\t\t$('.lookbook').owlCarousel({\n\t\t\tstagePadding: 80,\n\t\t\tlazyLoad:true,\n\t\t\tlazyLoadEager: 1,\n\t\t\tloop:true,\n\t\t\tmargin:20,\n\t\t\tnav:false,\n\t\t\tdots: false,\n\t\t\tresponsive:{\n\t\t\t\t0:{\n\t\t\t\t\titems:1\n\t\t\t\t},\n\t\t\t\t767:{\n\t\t\t\t\titems:3\n\t\t\t\t},\n\t\t\t\t991:{\n\t\t\t\t\titems:4\n\t\t\t\t}\n\t\t\t}\t\n\t\t})\n\t});\n\t\n})( jQuery );\n\t\n<\/script><\/div><\/div><\/div><\/div><\/section><section class=\"kc-elm kc-css-248136 kc_row\"><div class=\"kc-row-container  kc-container\"><div class=\"kc-wrap-columns\"><div class=\"kc-elm kc-css-649653 kc_col-sm-12 kc_column kc_col-sm-12\"><div class=\"kc-col-container\">\n<div class=\"kc-elm kc-css-264078 kc-title-wrap \">\n\n\t<h2 class=\"kc_title\">As nossas lentes.<\/h2>\n<\/div>\n<div class=\"kc-elm kc-css-23988 kc_text_block\"><\/p>\n<p>\nA sua vis\u00e3o \u00e9 a nossa prioridade, por isso, na Shaub &#038; Fischer, usamos apenas as melhores lentes dispon\u00edveis no mercado. O pre\u00e7o base de todos os nossos \u00f3culos graduados inclui lentes finas, fabricadas a partir de um pol\u00edmero de \u00edndice m\u00e9dio, 15 a 20% mais fino e mais leve que o pl\u00e1stico comum. Lentes muito finas e extra finas, at\u00e9 \u00edndice de 1.74, est\u00e3o tamb\u00e9m dispon\u00edveis.<\/p>\n<p>\n<\/div><div class=\"kc-elm kc-css-923388 kc_row kc_row_inner\"><div class=\"kc-elm kc-css-539773 kc_col-sm-4 kc_column_inner kc_col-sm-4\"><div class=\"kc_wrapper kc-col-inner-container\"><div class=\"kc-elm kc-css-274736 kc_row kc_row_inner\"><div class=\"kc-elm kc-css-645894 kc_col-sm-12 kc_column_inner kc_col-sm-12\"><div class=\"kc_wrapper kc-col-inner-container\"><div class=\"kc-elm kc-css-389336 kc-icon-wrapper\">\n\t\t<i class=\"pe-7s-graph1 sf-anti-reflection\"><\/i>\n\t<\/div>\n\n<div class=\"kc-elm kc-css-538636 kc-title-wrap \">\n\n\t<h3 class=\"kc_title\">Anti-reflexo<\/h3>\n<\/div>\n<div class=\"kc-elm kc-css-909272 kc_text_block\"><\/p>\n<p>\nUma camada anti-brilho microscopicamente fina que reduz reflexos de luz e permite uma vis\u00e3o mais n\u00edtida.<\/p>\n<p>\n<\/div><\/div><\/div><\/div><div class=\"kc-elm kc-css-585550 kc_row kc_row_inner\"><div class=\"kc-elm kc-css-190527 kc_col-sm-12 kc_column_inner kc_col-sm-12\"><div class=\"kc_wrapper kc-col-inner-container\"><div class=\"kc-elm kc-css-182331 kc-icon-wrapper\">\n\t\t<i class=\"pe-7s-shield sf-scratch-resistance\"><\/i>\n\t<\/div>\n\n<div class=\"kc-elm kc-css-117931 kc-title-wrap \">\n\n\t<h3 class=\"kc_title\">Resistente aos riscos<\/h3>\n<\/div>\n<div class=\"kc-elm kc-css-291293 kc_text_block\"><\/p>\n<p>\nUm revestimento r\u00edgido transparente, resistente a riscos em ambos os lados da lente para maior prote\u00e7\u00e3o e durabilidade.<\/p>\n<p>\n<\/div><\/div><\/div><\/div><div class=\"kc-elm kc-css-467384 kc_row kc_row_inner\"><div class=\"kc-elm kc-css-43496 kc_col-sm-12 kc_column_inner kc_col-sm-12\"><div class=\"kc_wrapper kc-col-inner-container\"><div class=\"kc-elm kc-css-101995 kc-icon-wrapper\">\n\t\t<i class=\"fa-shield-alt sf-emi\"><\/i>\n\t<\/div>\n\n<div class=\"kc-elm kc-css-70083 kc-title-wrap \">\n\n\t<h3 class=\"kc_title\">Escudo Electromagn\u00e9tico<\/h3>\n<\/div>\n<div class=\"kc-elm kc-css-497324 kc_text_block\"><\/p>\n<p>\nUm revestimento EMI (Electromagnetic interference) anti-est\u00e1tico, desenhado para proteger os seus olhos de poss\u00edveis danos de ondas eletromagn\u00e9ticas.<\/p>\n<p>\n<\/div><\/div><\/div><\/div><\/div><\/div><div class=\"kc-elm kc-css-974632 kc_col-sm-4 kc_column_inner kc_col-sm-4\"><div class=\"kc_wrapper kc-col-inner-container\">\t<div class=\"lens-scheme\">\n\t\t<img src=\"https:\/\/shaub-fischer.com\/pt\/wp-content\/uploads\/lens_scheme_material-1.png\" alt=\"optical lens coating\" class=\"scheme-lens1\">\n\t\t<img src=\"https:\/\/shaub-fischer.com\/pt\/wp-content\/uploads\/lens_scheme_hardcoat-1.png\" alt=\"optical lens coating\" class=\"scheme-lens2\">\t\n\t\t<img src=\"https:\/\/shaub-fischer.com\/pt\/wp-content\/uploads\/lens_scheme_ar.png\" alt=\"optical lens coating\" class=\"scheme-lens3\">\n\t\t<img src=\"https:\/\/shaub-fischer.com\/pt\/wp-content\/uploads\/lens_scheme_emi.png\" alt=\"optical lens coating\" class=\"scheme-lens4\">\n\t\t<img src=\"https:\/\/shaub-fischer.com\/pt\/wp-content\/uploads\/lens_scheme_uv.png\" alt=\"optical lens coating\" class=\"scheme-lens5\">\n\t\t<img src=\"https:\/\/shaub-fischer.com\/pt\/wp-content\/uploads\/lens_scheme_hydrophobic.png\" alt=\"optical lens coating\" class=\"scheme-lens6\">\n\t<\/div>\n\n\n<script type=\"text\/javascript\">\n\t\n(function( $ ) {\n\tfunction check_if_in_view() {\n\t\tvar window_height = $(window).height();\n\t\tvar window_top_position = $(window).scrollTop();\n\t\tvar window_bottom_position = (window_top_position + window_height);\n\t\tvar lens_scheme_top = $('.lens-scheme').offset().top;\n\t\tvar lens_scheme_height = $('.lens-scheme').outerHeight();\n\t\tvar lens_scheme_bottom = (lens_scheme_top + lens_scheme_height);\n\t\t\n\t\t\/*console.log(window_bottom_position);*\/\n\t\t\n\t\tif (window_bottom_position > (lens_scheme_bottom - 100)){\n\t\t\t$( \".scheme-lens6\" ).animate({\n\t\t\t\ttop: \"5%\"\n\t\t\t  }, 1000);\n\t\t\t$( \".scheme-lens5\" ).animate({\n\t\t\t\ttop: \"16%\"\n\t\t\t  }, 1000);\n\t\t\t$( \".scheme-lens4\" ).animate({\n\t\t\t\ttop: \"27%\"\n\t\t\t  }, 1000);\n\t\t\t$( \".scheme-lens3\" ).animate({\n\t\t\t\ttop: \"38%\"\n\t\t\t  }, 1000);\n\t\t\t$( \".scheme-lens2\" ).animate({\n\t\t\t\ttop: \"49%\"\n\t\t\t  }, 1000);\n\t\t\t$( \".scheme-lens1\" ).animate({\n\t\t\t\ttop: \"60%\"\n\t\t\t  }, 1000);\n\t\t\t$(window).off('scroll resize', check_if_in_view);\n\t\t}\n\t}\n\t\n\t$(document).ready(function($) {\n\t\t$(window).on('scroll resize', check_if_in_view);\n\t\t$(window).trigger('scroll');\n\t});\n})( jQuery );\n\t\n<\/script>\n<\/div><\/div><div class=\"kc-elm kc-css-345726 kc_col-sm-4 kc_column_inner kc_col-sm-4\"><div class=\"kc_wrapper kc-col-inner-container\"><div class=\"kc-elm kc-css-358824 kc_row kc_row_inner\"><div class=\"kc-elm kc-css-516436 kc_col-sm-12 kc_column_inner kc_col-sm-12\"><div class=\"kc_wrapper kc-col-inner-container\"><div class=\"kc-elm kc-css-942121 kc-icon-wrapper\">\n\t\t<i class=\"pe-7s-sun sf-uv2\"><\/i>\n\t<\/div>\n\n<div class=\"kc-elm kc-css-682671 kc-title-wrap \">\n\n\t<h3 class=\"kc_title\">Prote\u00e7\u00e3o UV<\/h3>\n<\/div>\n<div class=\"kc-elm kc-css-102918 kc_text_block\"><\/p>\n<p>\nAssim como o protector solar evita que os raios ultravioletas do sol danifiquem a sua pele, o revestimento UV reduz a sua exposi\u00e7\u00e3o visual aos raios UV.<\/p>\n<p>\n<\/div><\/div><\/div><\/div><div class=\"kc-elm kc-css-217006 kc_row kc_row_inner\"><div class=\"kc-elm kc-css-968538 kc_col-sm-12 kc_column_inner kc_col-sm-12\"><div class=\"kc_wrapper kc-col-inner-container\"><div class=\"kc-elm kc-css-766009 kc-icon-wrapper\">\n\t\t<i class=\"pe-7s-drop sf-hidrophobic\"><\/i>\n\t<\/div>\n\n<div class=\"kc-elm kc-css-98385 kc-title-wrap \">\n\n\t<h3 class=\"kc_title\">Hidrof\u00f3bico<\/h3>\n<\/div>\n<div class=\"kc-elm kc-css-831920 kc_text_block\"><\/p>\n<p>\nUm revestimento transparente que repele l\u00edquidos e reduz a ades\u00e3o de sujidade, manchas e \u00e1gua, facilitando a limpeza da lente.<\/p>\n<p>\n<\/div><\/div><\/div><\/div><div class=\"kc-elm kc-css-88909 kc_row kc_row_inner\"><div class=\"kc-elm kc-css-479199 kc_col-sm-12 kc_column_inner kc_col-sm-12\"><div class=\"kc_wrapper kc-col-inner-container\"><div class=\"kc-elm kc-css-788988 kc-icon-wrapper\">\n\t\t<i class=\"pe-7s-medal sf-iso\"><\/i>\n\t<\/div>\n\n<div class=\"kc-elm kc-css-409175 kc-title-wrap \">\n\n\t<h3 class=\"kc_title\">Controlo de Qualidade<\/h3>\n<\/div>\n<div class=\"kc-elm kc-css-683083 kc_text_block\"><\/p>\n<p>\nCertifica\u00e7\u00e3o ISO 9001:2015 e CE, para conformidade com os padr\u00f5es internacionais de sa\u00fade, seguran\u00e7a e prote\u00e7\u00e3o ambiental.<\/p>\n<p>\n<\/div><\/div><\/div><\/div><\/div><\/div><\/div><\/div><\/div><\/div><\/div><\/section><section class=\"kc-elm kc-css-442271 kc_row\"><div class=\"kc-row-container  kc-container\"><div class=\"kc-wrap-columns\"><div class=\"kc-elm kc-css-461483 kc_col-sm-4 kc_column kc_col-sm-4\"><div class=\"kc-col-container\">\n<div class=\"kc-elm kc-css-178665 kc-title-wrap \">\n\n\t<h3 class=\"kc_title\">Detalhes<\/h3>\n<\/div>\n<div class=\"kc-elm kc-css-678960 kc-raw-code\"><ul>\r\n\r\n<li>Lentes graduadas inclu\u00eddas<\/li>\r\n<li>Fabricado em a\u00e7o inoxid\u00e1vel<\/li>\r\n<li>Charneiras de barril triplo<\/li>\r\n<li>Estojo e pano inclu\u00eddos<\/li>\r\n\r\n<\/ul>\r\n\r\n<p class=\"details\">Tamanho: <span class=\"details-features\">M\u00e9dio \/ Grande<\/span><\/p>\r\n<p class=\"details\">Dimens\u00f5es: <span class=\"details-features\">50-21-145<\/span><\/p>\r\n<p class=\"details\">Peso: <span class=\"details-features\">18g<\/span><\/p><\/div><\/div><\/div><div class=\"kc-elm kc-css-791550 kc_col-sm-8 kc_column kc_col-sm-8\"><div class=\"kc-col-container\">\n<div class=\"kc-elm kc-css-565901 kc-title-wrap \">\n\n\t<h3 class=\"kc_title\">Medidas<\/h3>\n<\/div>\n<div class=\"kc-elm kc-css-535315 kc_row kc_row_inner\"><div class=\"kc-elm kc-css-3751 kc_col-sm-6 kc_column_inner kc_col-sm-6\"><div class=\"kc_wrapper kc-col-inner-container\"><div class=\"kc-elm kc-css-403836 kc_text_block\"><\/p>\n<p>\n136mm<\/p>\n<p>\n<\/div><div class=\"kc-elm kc-css-264238 kc_shortcode kc_single_image\">\n\n        <img src=\"https:\/\/shaub-fischer.com\/pt\/wp-content\/uploads\/stuart-front.png\" class=\"\" alt=\"\" \/>    <\/div>\n<div class=\"kc-elm kc-css-70972 kc_row kc_row_inner\"><div class=\"kc-elm kc-css-478287 kc_col-sm-12 kc_column_inner kc_col-sm-12 measurements-bottom\"><div class=\"kc_wrapper kc-col-inner-container\"><div class=\"kc-elm kc-css-43103 kc_text_block measurements-lenswidth\"><\/p>\n<p>\n50mm<\/p>\n<p>\n<\/div><div class=\"kc-elm kc-css-278627 kc_text_block measurements-bridge\"><\/p>\n<p>\n21mm<\/p>\n<p>\n<\/div><\/div><\/div><\/div><div class=\"kc-elm kc-css-256972 kc_text_block measurements-frameheight\"><\/p>\n<p>\n46mm<\/p>\n<p>\n<\/div><\/div><\/div><div class=\"kc-elm kc-css-178362 kc_col-sm-6 kc_column_inner kc_col-sm-6\"><div class=\"kc_wrapper kc-col-inner-container\"><div class=\"kc-elm kc-css-103994 kc_shortcode kc_single_image\">\n\n        <img src=\"https:\/\/shaub-fischer.com\/pt\/wp-content\/uploads\/stuart-side.png\" class=\"\" alt=\"\" \/>    <\/div>\n<div class=\"kc-elm kc-css-690632 kc_text_block\"><\/p>\n<p>\n145mm<\/p>\n<p>\n<\/div><\/div><\/div><\/div><\/div><\/div><\/div><\/div><\/section><section class=\"kc-elm kc-css-74435 kc_row\"><div class=\"kc-row-container  kc-container\"><div class=\"kc-wrap-columns\"><div class=\"kc-elm kc-css-818240 kc_col-sm-12 kc_column kc_col-sm-12\"><div class=\"kc-col-container\">\n<div class=\"kc-elm kc-css-386172 kc-title-wrap \">\n\n\t<h2 class=\"kc_title\">Entregas gr\u00e1tis. <br>\r\nPol\u00edtica de devolu\u00e7\u00e3o de 30 dias.<\/h2>\n<\/div>\n\n<div class=\"kc-elm kc-css-974217 kc-title-wrap \">\n\n\t<h2 class=\"kc_title\">Entregas gr\u00e1tis. Pol\u00edtica de devolu\u00e7\u00e3o de 30 dias.<\/h2>\n<\/div>\n<div class=\"kc-elm kc-css-681078 kc_text_block\"><\/p>\n<p>\nA satisfa\u00e7\u00e3o dos nossos clientes significa tudo para n\u00f3s. Entregas 100% gr\u00e1tis em todo o mundo, em todos os pedidos. Se n\u00e3o estiver completamente satisfeito com seus \u00f3culos, teremos o maior prazer em aceitar uma devolu\u00e7\u00e3o em 30 dias. Sem perguntas.<\/p>\n<p>\n<\/div><\/div><\/div><\/div><\/div><\/section><\/p>\n","protected":false},"excerpt":{"rendered":"<p>Atreva-se a ser original com a arma\u00e7\u00e3o Franklin. A complementar um look casual ou estilo mais sofisticado, estes \u00f3culos redondos de metal levar\u00e3o o seu visual para um novo patamar. Uma vers\u00e3o ligeiramente maior da arma\u00e7\u00e3o Franklin.<\/p>\n","protected":false},"featured_media":0,"template":"","meta":[],"_links":{"self":[{"href":"https:\/\/shaub-fischer.com\/pt\/wp-json\/wp\/v2\/product\/8196"}],"collection":[{"href":"https:\/\/shaub-fischer.com\/pt\/wp-json\/wp\/v2\/product"}],"about":[{"href":"https:\/\/shaub-fischer.com\/pt\/wp-json\/wp\/v2\/types\/product"}],"wp:attachment":[{"href":"https:\/\/shaub-fischer.com\/pt\/wp-json\/wp\/v2\/media?parent=8196"}],"curies":[{"name":"wp","href":"https:\/\/api.w.org\/{rel}","templated":true}]}}