{"id":9918,"date":"2022-09-06T13:24:12","date_gmt":"2022-09-06T12:24:12","guid":{"rendered":"https:\/\/shaub-fischer.com\/pt\/?post_type=product&#038;p=9918"},"modified":"2025-11-21T19:51:40","modified_gmt":"2025-11-21T18:51:40","slug":"hector-sunglasses","status":"publish","type":"product","link":"https:\/\/shaub-fischer.com\/pt\/product\/hector-sunglasses\/","title":{"rendered":"Hector"},"content":{"rendered":"<p><section class=\"kc-elm kc-css-27467 kc_row\"><div class=\"kc-row-container  kc-container\"><div class=\"kc-wrap-columns\"><div class=\"kc-elm kc-css-287433 kc_col-sm-12 kc_column kc_col-sm-12\"><div class=\"kc-col-container\">\n<div class=\"kc-elm kc-css-814898 kc-title-wrap \">\n\n\t<h2 class=\"kc_title\">A fus\u00e3o da geometria e da arte.<\/h2>\n<\/div>\n<div class=\"kc-elm kc-css-671168 kc_text_block\"><\/p>\n<p>\nAbrace a sua individualidade com a arma\u00e7\u00e3o Hector em \u00f3culos de sol. As suas lentes geom\u00e9tricas sofisticadas v\u00e3o faz\u00ea-lo sentir-se \u00fanico e inconfund\u00edvel em todas as situa\u00e7\u00f5es.<\/p>\n<p>\n<\/div><\/div><\/div><\/div><\/div><\/section><section class=\"kc-elm kc-css-931565 kc_row\"><div class=\"kc-row-container  kc-container\"><div class=\"kc-wrap-columns\"><div class=\"kc-elm kc-css-661215 kc_col-sm-12 kc_column kc_col-sm-12\"><div class=\"kc-col-container\">\n<div class=\"kc-elm kc-css-362685 kc-title-wrap \">\n\n\t<h2 class=\"kc_title\">A fus\u00e3o da geometria e da arte.<\/h2>\n<\/div>\n<div class=\"kc-elm kc-css-433952 kc_text_block\"><\/p>\n<p>\nAbrace a sua individualidade com a arma\u00e7\u00e3o Hector em \u00f3culos de sol. As suas lentes geom\u00e9tricas sofisticadas v\u00e3o faz\u00ea-lo sentir-se \u00fanico e inconfund\u00edvel em todas as situa\u00e7\u00f5es.<\/p>\n<p>\n<\/div><\/div><\/div><\/div><\/div><\/section><section class=\"kc-elm kc-css-823200 kc_row\"><div class=\"kc-row-container  kc-container\"><div class=\"kc-wrap-columns\"><div class=\"kc-elm kc-css-356135 kc_col-sm-6 kc_column kc_col-sm-6\"><div class=\"kc-col-container\"><div class=\"kc-elm kc-css-355870 kc-icon-wrapper\">\n\t\t<i class=\"sf-feather\"><\/i>\n\t<\/div>\n\n<div class=\"kc-elm kc-css-540851 kc-title-wrap \">\n\n\t<h2 class=\"kc_title\">Inox - Leve e resistente.<\/h2>\n<\/div>\n<div class=\"kc-elm kc-css-70149 kc_text_block\"><\/p>\n<p>\nAs nossas arma\u00e7\u00f5es de metal s\u00e3o fabricadas em a\u00e7o inoxid\u00e1vel dur\u00e1vel, leve, hipoalerg\u00e9nico e resistente \u00e0 corros\u00e3o. Uma excelente op\u00e7\u00e3o para uma utiliza\u00e7\u00e3o extremamente confort\u00e1vel.<\/p>\n<p>\n<\/div><\/div><\/div><div class=\"kc-elm kc-css-270204 kc_col-sm-6 kc_column kc_col-sm-6\"><div class=\"kc-col-container\"><div class=\"kc-elm kc-css-549050 kc_shortcode kc_single_image\">\n\n        <img src=\"https:\/\/shaub-fischer.com\/pt\/wp-content\/uploads\/stainless_steel.jpg\" class=\"\" alt=\"\" \/>    <\/div>\n<\/div><\/div><\/div><\/div><\/section><section class=\"kc-elm kc-css-600741 kc_row\"><div class=\"kc-row-container  kc-container\"><div class=\"kc-wrap-columns\"><div class=\"kc-elm kc-css-926359 kc_col-sm-6 kc_column kc_col-sm-6\"><div class=\"kc-col-container\"><div class=\"kc-elm kc-css-908373 kc_shortcode kc_single_image\">\n\n        <img src=\"https:\/\/shaub-fischer.com\/pt\/wp-content\/uploads\/stainless_steel.jpg\" class=\"\" alt=\"\" \/>    <\/div>\n<\/div><\/div><div class=\"kc-elm kc-css-137156 kc_col-sm-6 kc_column kc_col-sm-6\"><div class=\"kc-col-container\"><div class=\"kc-elm kc-css-499942 kc-icon-wrapper\">\n\t\t<i class=\"sf-feather\"><\/i>\n\t<\/div>\n\n<div class=\"kc-elm kc-css-801594 kc-title-wrap \">\n\n\t<h2 class=\"kc_title\">Inox - Leve e resistente.<\/h2>\n<\/div>\n<div class=\"kc-elm kc-css-611107 kc_text_block\"><\/p>\n<p>\nAs nossas arma\u00e7\u00f5es de metal s\u00e3o fabricadas em a\u00e7o inoxid\u00e1vel dur\u00e1vel, leve, hipoalerg\u00e9nico e resistente \u00e0 corros\u00e3o. Uma excelente op\u00e7\u00e3o para uma utiliza\u00e7\u00e3o extremamente confort\u00e1vel.<\/p>\n<p>\n<\/div><\/div><\/div><\/div><\/div><\/section><section class=\"kc-elm kc-css-925029 kc_row\"><div class=\"kc-row-container  kc-container\"><div class=\"kc-wrap-columns\"><div class=\"kc-elm kc-css-175203 kc_col-sm-12 kc_column kc_col-sm-12\"><div class=\"kc-col-container\"><div class=\"lookbook owl-carousel owl-theme\">\t\n\t<img width=\"450px\" data-src=\"https:\/\/shaub-fischer.com\/pt\/wp-content\/uploads\/lookbook-sun-hector-gold-women1.jpg\" sizes=\"450px\" alt=\"helmut\" class=\"owl-lazy\">\n\t\n\t<img width=\"450px\" data-src=\"https:\/\/shaub-fischer.com\/pt\/wp-content\/uploads\/lookbook-sun-hector-gold-women2.jpg\" sizes=\"450px\" alt=\"helmut\" class=\"owl-lazy\">\n\t\n\t<img width=\"450px\" data-src=\"https:\/\/shaub-fischer.com\/pt\/wp-content\/uploads\/lookbook-sun-hector-gold-men2.jpg\" sizes=\"450px\" alt=\"helmut\" class=\"owl-lazy\">\n\t\n\t<img width=\"450px\" data-src=\"https:\/\/shaub-fischer.com\/pt\/wp-content\/uploads\/lookbook-sun-hector-gold-men1.jpg\" sizes=\"450px\" alt=\"helmut\" class=\"owl-lazy\">\n\t\n\t<img width=\"450px\" data-src=\"https:\/\/shaub-fischer.com\/pt\/wp-content\/uploads\/lookbook-sun-hector-black-women1.jpg\" sizes=\"450px\" alt=\"helmut\" class=\"owl-lazy\">\n\t\n\t<img width=\"450px\" data-src=\"https:\/\/shaub-fischer.com\/pt\/wp-content\/uploads\/lookbook-sun-hector-black-men1.jpg\" sizes=\"450px\" alt=\"helmut\" class=\"owl-lazy\">\n<\/div>\n<script type=\"text\/javascript\">\n\t\n(function( $ ) {\n\t\t\n\t$(document).ready(function($) {\n\t\t$('.lookbook').owlCarousel({\n\t\t\tstagePadding: 80,\n\t\t\tlazyLoad:true,\n\t\t\tlazyLoadEager: 1,\n\t\t\tloop:true,\n\t\t\tmargin:20,\n\t\t\tnav:false,\n\t\t\tdots: false,\n\t\t\tresponsive:{\n\t\t\t\t0:{\n\t\t\t\t\titems:1\n\t\t\t\t},\n\t\t\t\t767:{\n\t\t\t\t\titems:3\n\t\t\t\t},\n\t\t\t\t991:{\n\t\t\t\t\titems:4\n\t\t\t\t}\n\t\t\t}\t\n\t\t})\n\t});\n\t\n})( jQuery );\n\t\n<\/script><\/div><\/div><\/div><\/div><\/section><section class=\"kc-elm kc-css-274455 kc_row\"><div class=\"kc-row-container  kc-container\"><div class=\"kc-wrap-columns\"><div class=\"kc-elm kc-css-982415 kc_col-sm-12 kc_column kc_col-sm-12\"><div class=\"kc-col-container\">\n<div class=\"kc-elm kc-css-192602 kc-title-wrap \">\n\n\t<h2 class=\"kc_title\">As nossas lentes.<\/h2>\n<\/div>\n<div class=\"kc-elm kc-css-367056 kc_text_block\"><\/p>\n<p>\nA sua vis\u00e3o \u00e9 a nossa prioridade, por isso, na Shaub &#038; Fischer, usamos apenas as melhores lentes dispon\u00edveis no mercado. O pre\u00e7o base de todos os nossos \u00f3culos graduados inclui lentes finas, fabricadas a partir de um pol\u00edmero de \u00edndice m\u00e9dio, 15 a 20% mais fino e mais leve que o pl\u00e1stico comum. Lentes muito finas e extra finas, at\u00e9 \u00edndice de 1.74, est\u00e3o tamb\u00e9m dispon\u00edveis.<\/p>\n<p>\n<\/div><div class=\"kc-elm kc-css-468821 kc_row kc_row_inner\"><div class=\"kc-elm kc-css-599015 kc_col-sm-4 kc_column_inner kc_col-sm-4\"><div class=\"kc_wrapper kc-col-inner-container\"><div class=\"kc-elm kc-css-790497 kc_row kc_row_inner\"><div class=\"kc-elm kc-css-541066 kc_col-sm-12 kc_column_inner kc_col-sm-12\"><div class=\"kc_wrapper kc-col-inner-container\"><div class=\"kc-elm kc-css-123358 kc-icon-wrapper\">\n\t\t<i class=\"pe-7s-graph1 sf-anti-reflection\"><\/i>\n\t<\/div>\n\n<div class=\"kc-elm kc-css-837289 kc-title-wrap \">\n\n\t<h3 class=\"kc_title\">Anti-reflexo<\/h3>\n<\/div>\n<div class=\"kc-elm kc-css-948867 kc_text_block\"><\/p>\n<p>\nUma camada anti-brilho microscopicamente fina que reduz reflexos de luz e permite uma vis\u00e3o mais n\u00edtida.<\/p>\n<p>\n<\/div><\/div><\/div><\/div><div class=\"kc-elm kc-css-4014 kc_row kc_row_inner\"><div class=\"kc-elm kc-css-781071 kc_col-sm-12 kc_column_inner kc_col-sm-12\"><div class=\"kc_wrapper kc-col-inner-container\"><div class=\"kc-elm kc-css-116102 kc-icon-wrapper\">\n\t\t<i class=\"pe-7s-shield sf-scratch-resistance\"><\/i>\n\t<\/div>\n\n<div class=\"kc-elm kc-css-460905 kc-title-wrap \">\n\n\t<h3 class=\"kc_title\">Resistente aos riscos<\/h3>\n<\/div>\n<div class=\"kc-elm kc-css-229410 kc_text_block\"><\/p>\n<p>\nUm revestimento r\u00edgido transparente, resistente a riscos em ambos os lados da lente para maior prote\u00e7\u00e3o e durabilidade.<\/p>\n<p>\n<\/div><\/div><\/div><\/div><div class=\"kc-elm kc-css-408432 kc_row kc_row_inner\"><div class=\"kc-elm kc-css-192782 kc_col-sm-12 kc_column_inner kc_col-sm-12\"><div class=\"kc_wrapper kc-col-inner-container\"><div class=\"kc-elm kc-css-220015 kc-icon-wrapper\">\n\t\t<i class=\"fa-shield-alt sf-emi\"><\/i>\n\t<\/div>\n\n<div class=\"kc-elm kc-css-684796 kc-title-wrap \">\n\n\t<h3 class=\"kc_title\">Escudo Electromagn\u00e9tico<\/h3>\n<\/div>\n<div class=\"kc-elm kc-css-390402 kc_text_block\"><\/p>\n<p>\nUm revestimento EMI (Electromagnetic interference) anti-est\u00e1tico, desenhado para proteger os seus olhos de poss\u00edveis danos de ondas eletromagn\u00e9ticas.<\/p>\n<p>\n<\/div><\/div><\/div><\/div><\/div><\/div><div class=\"kc-elm kc-css-747506 kc_col-sm-4 kc_column_inner kc_col-sm-4\"><div class=\"kc_wrapper kc-col-inner-container\">\t<div class=\"lens-scheme\">\n\t\t<img src=\"https:\/\/shaub-fischer.com\/pt\/wp-content\/uploads\/lens_scheme_material-1.png\" alt=\"optical lens coating\" class=\"scheme-lens1\">\n\t\t<img src=\"https:\/\/shaub-fischer.com\/pt\/wp-content\/uploads\/lens_scheme_hardcoat-1.png\" alt=\"optical lens coating\" class=\"scheme-lens2\">\t\n\t\t<img src=\"https:\/\/shaub-fischer.com\/pt\/wp-content\/uploads\/lens_scheme_ar.png\" alt=\"optical lens coating\" class=\"scheme-lens3\">\n\t\t<img src=\"https:\/\/shaub-fischer.com\/pt\/wp-content\/uploads\/lens_scheme_emi.png\" alt=\"optical lens coating\" class=\"scheme-lens4\">\n\t\t<img src=\"https:\/\/shaub-fischer.com\/pt\/wp-content\/uploads\/lens_scheme_uv.png\" alt=\"optical lens coating\" class=\"scheme-lens5\">\n\t\t<img src=\"https:\/\/shaub-fischer.com\/pt\/wp-content\/uploads\/lens_scheme_hydrophobic.png\" alt=\"optical lens coating\" class=\"scheme-lens6\">\n\t<\/div>\n\n\n<script type=\"text\/javascript\">\n\t\n(function( $ ) {\n\tfunction check_if_in_view() {\n\t\tvar window_height = $(window).height();\n\t\tvar window_top_position = $(window).scrollTop();\n\t\tvar window_bottom_position = (window_top_position + window_height);\n\t\tvar lens_scheme_top = $('.lens-scheme').offset().top;\n\t\tvar lens_scheme_height = $('.lens-scheme').outerHeight();\n\t\tvar lens_scheme_bottom = (lens_scheme_top + lens_scheme_height);\n\t\t\n\t\t\/*console.log(window_bottom_position);*\/\n\t\t\n\t\tif (window_bottom_position > (lens_scheme_bottom - 100)){\n\t\t\t$( \".scheme-lens6\" ).animate({\n\t\t\t\ttop: \"5%\"\n\t\t\t  }, 1000);\n\t\t\t$( \".scheme-lens5\" ).animate({\n\t\t\t\ttop: \"16%\"\n\t\t\t  }, 1000);\n\t\t\t$( \".scheme-lens4\" ).animate({\n\t\t\t\ttop: \"27%\"\n\t\t\t  }, 1000);\n\t\t\t$( \".scheme-lens3\" ).animate({\n\t\t\t\ttop: \"38%\"\n\t\t\t  }, 1000);\n\t\t\t$( \".scheme-lens2\" ).animate({\n\t\t\t\ttop: \"49%\"\n\t\t\t  }, 1000);\n\t\t\t$( \".scheme-lens1\" ).animate({\n\t\t\t\ttop: \"60%\"\n\t\t\t  }, 1000);\n\t\t\t$(window).off('scroll resize', check_if_in_view);\n\t\t}\n\t}\n\t\n\t$(document).ready(function($) {\n\t\t$(window).on('scroll resize', check_if_in_view);\n\t\t$(window).trigger('scroll');\n\t});\n})( jQuery );\n\t\n<\/script>\n<\/div><\/div><div class=\"kc-elm kc-css-942572 kc_col-sm-4 kc_column_inner kc_col-sm-4\"><div class=\"kc_wrapper kc-col-inner-container\"><div class=\"kc-elm kc-css-201806 kc_row kc_row_inner\"><div class=\"kc-elm kc-css-525211 kc_col-sm-12 kc_column_inner kc_col-sm-12\"><div class=\"kc_wrapper kc-col-inner-container\"><div class=\"kc-elm kc-css-246770 kc-icon-wrapper\">\n\t\t<i class=\"pe-7s-sun sf-uv2\"><\/i>\n\t<\/div>\n\n<div class=\"kc-elm kc-css-881758 kc-title-wrap \">\n\n\t<h3 class=\"kc_title\">Prote\u00e7\u00e3o UV<\/h3>\n<\/div>\n<div class=\"kc-elm kc-css-400504 kc_text_block\"><\/p>\n<p>\nAssim como o protector solar evita que os raios ultravioletas do sol danifiquem a sua pele, o revestimento UV reduz a sua exposi\u00e7\u00e3o visual aos raios UV.<\/p>\n<p>\n<\/div><\/div><\/div><\/div><div class=\"kc-elm kc-css-507859 kc_row kc_row_inner\"><div class=\"kc-elm kc-css-170086 kc_col-sm-12 kc_column_inner kc_col-sm-12\"><div class=\"kc_wrapper kc-col-inner-container\"><div class=\"kc-elm kc-css-443334 kc-icon-wrapper\">\n\t\t<i class=\"pe-7s-drop sf-hidrophobic\"><\/i>\n\t<\/div>\n\n<div class=\"kc-elm kc-css-577362 kc-title-wrap \">\n\n\t<h3 class=\"kc_title\">Hidrof\u00f3bico<\/h3>\n<\/div>\n<div class=\"kc-elm kc-css-187583 kc_text_block\"><\/p>\n<p>\nUm revestimento transparente que repele l\u00edquidos e reduz a ades\u00e3o de sujidade, manchas e \u00e1gua, facilitando a limpeza da lente.<\/p>\n<p>\n<\/div><\/div><\/div><\/div><div class=\"kc-elm kc-css-669111 kc_row kc_row_inner\"><div class=\"kc-elm kc-css-696531 kc_col-sm-12 kc_column_inner kc_col-sm-12\"><div class=\"kc_wrapper kc-col-inner-container\"><div class=\"kc-elm kc-css-227428 kc-icon-wrapper\">\n\t\t<i class=\"pe-7s-medal sf-iso\"><\/i>\n\t<\/div>\n\n<div class=\"kc-elm kc-css-879692 kc-title-wrap \">\n\n\t<h3 class=\"kc_title\">Controlo de Qualidade<\/h3>\n<\/div>\n<div class=\"kc-elm kc-css-911043 kc_text_block\"><\/p>\n<p>\nCertifica\u00e7\u00e3o ISO 9001:2015 e CE, para conformidade com os padr\u00f5es internacionais de sa\u00fade, seguran\u00e7a e prote\u00e7\u00e3o ambiental.<\/p>\n<p>\n<\/div><\/div><\/div><\/div><\/div><\/div><\/div><\/div><\/div><\/div><\/div><\/section><section class=\"kc-elm kc-css-458506 kc_row\"><div class=\"kc-row-container  kc-container\"><div class=\"kc-wrap-columns\"><div class=\"kc-elm kc-css-96640 kc_col-sm-4 kc_column kc_col-sm-4\"><div class=\"kc-col-container\">\n<div class=\"kc-elm kc-css-979388 kc-title-wrap \">\n\n\t<h3 class=\"kc_title\">Detalhes<\/h3>\n<\/div>\n<div class=\"kc-elm kc-css-654978 kc-raw-code\"><ul>\r\n\r\n<li>Lentes UV400 com tratamento anti-reflexo<\/li>\r\n<li>Fabricado em a\u00e7o inoxid\u00e1vel<\/li>\r\n<li>Charneiras de barril triplo<\/li>\r\n<li>Estojo e pano inclu\u00eddos<\/li>\r\n\r\n<\/ul>\r\n\r\n<p class=\"details\">Tamanho: <span class=\"details-features\">M\u00e9dio<\/span><\/p>\r\n<p class=\"details\">Dimens\u00f5es: <span class=\"details-features\">50-19-142<\/span><\/p>\r\n<p class=\"details\">Peso: <span class=\"details-features\">17g<\/span><\/p><\/div><\/div><\/div><div class=\"kc-elm kc-css-284827 kc_col-sm-8 kc_column kc_col-sm-8\"><div class=\"kc-col-container\">\n<div class=\"kc-elm kc-css-483749 kc-title-wrap \">\n\n\t<h3 class=\"kc_title\">Medidas<\/h3>\n<\/div>\n<div class=\"kc-elm kc-css-263930 kc_row kc_row_inner\"><div class=\"kc-elm kc-css-67583 kc_col-sm-6 kc_column_inner kc_col-sm-6\"><div class=\"kc_wrapper kc-col-inner-container\"><div class=\"kc-elm kc-css-5780 kc_text_block\"><\/p>\n<p>\n132mm<\/p>\n<p>\n<\/div><div class=\"kc-elm kc-css-102624 kc_shortcode kc_single_image\">\n\n        <img src=\"https:\/\/shaub-fischer.com\/pt\/wp-content\/uploads\/stuart-front.png\" class=\"\" alt=\"\" \/>    <\/div>\n<div class=\"kc-elm kc-css-352917 kc_row kc_row_inner\"><div class=\"kc-elm kc-css-218604 kc_col-sm-12 kc_column_inner kc_col-sm-12 measurements-bottom\"><div class=\"kc_wrapper kc-col-inner-container\"><div class=\"kc-elm kc-css-203315 kc_text_block measurements-lenswidth\"><\/p>\n<p>\n50mm<\/p>\n<p>\n<\/div><div class=\"kc-elm kc-css-938743 kc_text_block measurements-bridge\"><\/p>\n<p>\n19mm<\/p>\n<p>\n<\/div><\/div><\/div><\/div><div class=\"kc-elm kc-css-759300 kc_text_block measurements-frameheight\"><\/p>\n<p>\n42mm<\/p>\n<p>\n<\/div><\/div><\/div><div class=\"kc-elm kc-css-640839 kc_col-sm-6 kc_column_inner kc_col-sm-6\"><div class=\"kc_wrapper kc-col-inner-container\"><div class=\"kc-elm kc-css-127678 kc_shortcode kc_single_image\">\n\n        <img src=\"https:\/\/shaub-fischer.com\/pt\/wp-content\/uploads\/stuart-side.png\" class=\"\" alt=\"\" \/>    <\/div>\n<div class=\"kc-elm kc-css-323532 kc_text_block\"><\/p>\n<p>\n142mm<\/p>\n<p>\n<\/div><\/div><\/div><\/div><\/div><\/div><\/div><\/div><\/section><section class=\"kc-elm kc-css-561107 kc_row\"><div class=\"kc-row-container  kc-container\"><div class=\"kc-wrap-columns\"><div class=\"kc-elm kc-css-799778 kc_col-sm-12 kc_column kc_col-sm-12\"><div class=\"kc-col-container\">\n<div class=\"kc-elm kc-css-406618 kc-title-wrap \">\n\n\t<h2 class=\"kc_title\">Entregas gr\u00e1tis. <br>\r\nPol\u00edtica de devolu\u00e7\u00e3o de 30 dias.<\/h2>\n<\/div>\n\n<div class=\"kc-elm kc-css-117305 kc-title-wrap \">\n\n\t<h2 class=\"kc_title\">Entregas gr\u00e1tis. Pol\u00edtica de devolu\u00e7\u00e3o de 30 dias.<\/h2>\n<\/div>\n<div class=\"kc-elm kc-css-214727 kc_text_block\"><\/p>\n<p>\nA satisfa\u00e7\u00e3o dos nossos clientes significa tudo para n\u00f3s. Entregas 100% gr\u00e1tis em todo o mundo, em todos os pedidos. Se n\u00e3o estiver completamente satisfeito com seus \u00f3culos, teremos o maior prazer em aceitar uma devolu\u00e7\u00e3o em 30 dias. Sem perguntas.<\/p>\n<p>\n<\/div><\/div><\/div><\/div><\/div><\/section><\/p>\n","protected":false},"excerpt":{"rendered":"<p>Abrace a sua individualidade com a arma\u00e7\u00e3o Hector em \u00f3culos de sol. As suas lentes geom\u00e9tricas sofisticadas v\u00e3o faz\u00ea-lo sentir-se \u00fanico e inconfund\u00edvel em todas as situa\u00e7\u00f5es.<\/p>\n","protected":false},"featured_media":0,"template":"","meta":[],"_links":{"self":[{"href":"https:\/\/shaub-fischer.com\/pt\/wp-json\/wp\/v2\/product\/9918"}],"collection":[{"href":"https:\/\/shaub-fischer.com\/pt\/wp-json\/wp\/v2\/product"}],"about":[{"href":"https:\/\/shaub-fischer.com\/pt\/wp-json\/wp\/v2\/types\/product"}],"wp:attachment":[{"href":"https:\/\/shaub-fischer.com\/pt\/wp-json\/wp\/v2\/media?parent=9918"}],"curies":[{"name":"wp","href":"https:\/\/api.w.org\/{rel}","templated":true}]}}